{"id":83937,"date":"2023-09-27T17:58:47","date_gmt":"2023-09-27T15:58:47","guid":{"rendered":"https:\/\/secureus.se\/produkt\/eltryckeslas-el588-hi-o\/"},"modified":"2026-04-23T12:23:24","modified_gmt":"2026-04-23T10:23:24","slug":"eltryckeslas-el588-hi-o","status":"publish","type":"product","link":"https:\/\/secureus.se\/fr\/eltryckeslas-el588-hi-o\/","title":{"rendered":"Serrure \u00e9lectrique \u00e0 poussoir EL588 Hi-O"},"content":{"rendered":"<p>\nLes serrures \u00e0 pression \u00e9lectriques multifonctions ABLOY EL588 sont adapt\u00e9es aux portes \u00e0 haute fr\u00e9quence avec \u00e9videments de modules ASSA ABLOY. Convient comme fermeture de jour et fermeture int\u00e9rieure dans le commerce, les bureaux et l&#039;industrie ou dans les entr\u00e9es et les espaces publics des immeubles collectifs. L&#039;EL588 est un bo\u00eetier de verrouillage Hi-O pouvant \u00eatre connect\u00e9 \u00e0 un bus Hi-O. Hi-O signifie que les appareils disposent d&#039;un micro-ordinateur int\u00e9gr\u00e9 et communiquent entre eux pour une installation plug-and-play, la synchronisation du fonctionnement des portes, la surveillance des comportements et l&#039;envoi d&#039;informations de diagnostic.<\/p>\n<p><b>Caract\u00e9ristiques<\/b><\/p>\n<div>\n<ul>\n<li>Chute de pression verrouill\u00e9e\u00a0\u00a0<\/li>\n<li>La serrure peut toujours \u00eatre actionn\u00e9e avec un cylindre\/un bouton\u00a0\u00a0<\/li>\n<li>Multifonctionnel\u00a0<\/li>\n<li>Fonction marche avant ou arri\u00e8re facilement commutable (verrouill\u00e9e ou d\u00e9verrouill\u00e9e en mode hors tension)<\/li>\n<li>Projection de chute variable 20 mm ou 14 mm\u00a0<\/li>\n<li>2 microswitchs : Verrouillage (position porte), Mouvement presse<\/li>\n<li>Profondeur de mandrin de 50 mm\u00a0\u00a0<\/li>\n<li>Tous les c\u00e2bles sont \u00e9quip\u00e9s de connecteurs pour une installation facile avec le c\u00e2ble de connexion EA226\u00a0\u00a0<\/li>\n<li>Technologie Hi-O<\/li>\n<\/ul>\n<p><b>Fonction:<\/b><\/div>\n<div>\n<ul>\n<li>Pression ext\u00e9rieure et int\u00e9rieure \u00e0 commande \u00e9lectrique<\/li>\n<\/ul>\n<\/div>\n<div><b><br \/>Donn\u00e9es techniques :<\/b><\/p>\n<ul>\n<li>Tension de fonctionnement : 12 \u2013 24 VDC, stab<\/li>\n<li>Consommation de courant 580-280 mA, 12 VCC 300-160 mA, 24 VCC<\/li>\n<\/ul>\n<\/div>","protected":false},"excerpt":{"rendered":"<h5><a href=\"https:\/\/elslutblecksguiden.se\/\" target=\"_blank\" rel=\"noopener\">Guide pour les serrures \u00e9lectriques ASSA, les serrures motoris\u00e9es, les g\u00e2ches \u00e9lectriques et le guide de remplacement<\/a><\/h5>","protected":false},"featured_media":139684,"template":"","meta":{"_acf_changed":false},"product_brand":[],"product_cat":[2429],"product_tag":[2967],"class_list":{"0":"post-83937","1":"product","2":"type-product","3":"status-publish","4":"has-post-thumbnail","6":"product_cat-ellas","7":"product_tag-rg-assa-abloy","8":"product_shipping_class-tunga-paket","9":"pa_brands-abloy","10":"tm-no-options","12":"first","13":"onbackorder","14":"sale","15":"taxable","16":"shipping-taxable","17":"purchasable","18":"product-type-simple"},"acf":[],"_links":{"self":[{"href":"https:\/\/secureus.se\/fr\/wp-json\/wp\/v2\/product\/83937","targetHints":{"allow":["GET"]}}],"collection":[{"href":"https:\/\/secureus.se\/fr\/wp-json\/wp\/v2\/product"}],"about":[{"href":"https:\/\/secureus.se\/fr\/wp-json\/wp\/v2\/types\/product"}],"wp:featuredmedia":[{"embeddable":true,"href":"https:\/\/secureus.se\/fr\/wp-json\/wp\/v2\/media\/139684"}],"wp:attachment":[{"href":"https:\/\/secureus.se\/fr\/wp-json\/wp\/v2\/media?parent=83937"}],"wp:term":[{"taxonomy":"product_brand","embeddable":true,"href":"https:\/\/secureus.se\/fr\/wp-json\/wp\/v2\/product_brand?post=83937"},{"taxonomy":"product_cat","embeddable":true,"href":"https:\/\/secureus.se\/fr\/wp-json\/wp\/v2\/product_cat?post=83937"},{"taxonomy":"product_tag","embeddable":true,"href":"https:\/\/secureus.se\/fr\/wp-json\/wp\/v2\/product_tag?post=83937"}],"curies":[{"name":"wp","href":"https:\/\/api.w.org\/{rel}","templated":true}]}}