{"id":83945,"date":"2023-09-27T17:58:38","date_gmt":"2023-09-27T15:58:38","guid":{"rendered":"https:\/\/secureus.se\/produkt\/eltryckeslas-el580l-lagenergi-rattvand-sats-12-24v\/"},"modified":"2026-04-23T12:23:33","modified_gmt":"2026-04-23T10:23:33","slug":"eltryckeslas-el580l-lagenergi-rattvand-sats-12-24v","status":"publish","type":"product","link":"https:\/\/secureus.se\/fr\/eltryckeslas-el580l-lagenergi-rattvand-sats-12-24v\/","title":{"rendered":"Serrure \u00e9lectrique \u00e0 poussoir EL580L Kit Faible Consommation \u00e0 Droite 12-24V"},"content":{"rendered":"<p>\nLes serrures \u00e0 pression \u00e9lectriques multifonctions ABLOY EL580L sont adapt\u00e9es aux portes \u00e0 haute fr\u00e9quence avec prises modulaires ASSA ABLOY o\u00f9 une faible consommation d&#039;\u00e9nergie est requise. Convient comme fermeture de jour et fermeture int\u00e9rieure dans le commerce, les bureaux et l&#039;industrie ou dans les entr\u00e9es et les espaces publics des immeubles collectifs. ABLOY EL580L peut \u00eatre utilis\u00e9 en limite de cellule incendie.<\/p>\n<div><b>Accessoires inclus dans l&#039;emballage du kit :\u00a0<\/b><\/div>\n<div>Serrure \u00e0 poussoir \u00e9lectrique EL580L, C\u00e2ble de connexion EA220, Transfert de cadre EA281, Punaises Abloy pour serrure \u00e0 fonction divis\u00e9e.<\/p>\n<\/div>\n<div><b>Propri\u00e9t\u00e9s:<\/b><\/div>\n<div>\n<ul>\n<li>Fonction Split (c\u00f4t\u00e9 \u00e0 commande \u00e9lectrique\/m\u00e9canique facilement commutable)<\/li>\n<li>Pression ext\u00e9rieure \u00e0 commande \u00e9lectrique<\/li>\n<li>La pression \u00e0 l&#039;int\u00e9rieur ouvre toujours la serrure m\u00e9caniquement\u00a0<\/li>\n<li>Verrouillage \u00e0 faible consommation d&#039;\u00e9nergie\u00a0<\/li>\n<li>Chute de pression verrouill\u00e9e\u00a0<\/li>\n<li>La serrure peut toujours \u00eatre actionn\u00e9e avec un cylindre\/bouton\u00a0<\/li>\n<li>Multifonctionnel\u00a0<\/li>\n<li>Fonction orient\u00e9e vers la droite\u00a0<\/li>\n<li>Projection de chute variable 20 mm ou 14 mm<\/li>\n<li>2 microswitchs : Verrouillage (position porte), Mouvement presse\u00a0<\/li>\n<li>Profondeur de mandrin de 50 mm\u00a0<\/li>\n<li>Tous les c\u00e2bles sont \u00e9quip\u00e9s de connecteurs pour une installation facile avec le c\u00e2ble de connexion EA220\u00a0<\/li>\n<li>Enti\u00e8rement adapt\u00e9 \u00e0 la norme de niche ASSA ABLOY<\/li>\n<\/ul>\n<\/div>\n<div><\/div>\n<div><b><\/b><\/div>\n<div><b>Donn\u00e9es techniques<\/b><\/p>\n<ul>\n<li>Tension de fonctionnement : 3,6 V CC (-0%) -24 V CC (+15%)<\/li>\n<li>Consommation d&#039;\u00e9nergie : Max. 350 mA RMS\/100 ms (en fonctionnement du moteur), repos 0,08 mA\u00a0<\/li>\n<li>Micro-interrupteur\u00a0: Commutation unipolaire Max. 30 V CC, 400 mA<\/li>\n<\/ul>\n<\/div>","protected":false},"excerpt":{"rendered":"<h5><a href=\"https:\/\/elslutblecksguiden.se\/\" target=\"_blank\" rel=\"noopener\">Guide pour les serrures \u00e9lectriques ASSA, les serrures motoris\u00e9es, les g\u00e2ches \u00e9lectriques et le guide de remplacement<\/a><\/h5>","protected":false},"featured_media":139964,"template":"","meta":{"_acf_changed":false},"product_brand":[],"product_cat":[2429],"product_tag":[2967],"class_list":{"0":"post-83945","1":"product","2":"type-product","3":"status-publish","4":"has-post-thumbnail","6":"product_cat-ellas","7":"product_tag-rg-assa-abloy","8":"product_shipping_class-tunga-paket","9":"pa_brands-abloy","10":"tm-no-options","12":"first","13":"onbackorder","14":"sale","15":"taxable","16":"shipping-taxable","17":"purchasable","18":"product-type-simple"},"acf":[],"_links":{"self":[{"href":"https:\/\/secureus.se\/fr\/wp-json\/wp\/v2\/product\/83945","targetHints":{"allow":["GET"]}}],"collection":[{"href":"https:\/\/secureus.se\/fr\/wp-json\/wp\/v2\/product"}],"about":[{"href":"https:\/\/secureus.se\/fr\/wp-json\/wp\/v2\/types\/product"}],"wp:featuredmedia":[{"embeddable":true,"href":"https:\/\/secureus.se\/fr\/wp-json\/wp\/v2\/media\/139964"}],"wp:attachment":[{"href":"https:\/\/secureus.se\/fr\/wp-json\/wp\/v2\/media?parent=83945"}],"wp:term":[{"taxonomy":"product_brand","embeddable":true,"href":"https:\/\/secureus.se\/fr\/wp-json\/wp\/v2\/product_brand?post=83945"},{"taxonomy":"product_cat","embeddable":true,"href":"https:\/\/secureus.se\/fr\/wp-json\/wp\/v2\/product_cat?post=83945"},{"taxonomy":"product_tag","embeddable":true,"href":"https:\/\/secureus.se\/fr\/wp-json\/wp\/v2\/product_tag?post=83945"}],"curies":[{"name":"wp","href":"https:\/\/api.w.org\/{rel}","templated":true}]}}