{"id":83962,"date":"2023-10-05T11:38:27","date_gmt":"2023-10-05T09:38:27","guid":{"rendered":"https:\/\/secureus.se\/?post_type=product&#038;p=83962"},"modified":"2026-04-27T12:21:52","modified_gmt":"2026-04-27T10:21:52","slug":"detektorsockel-db702","status":"publish","type":"product","link":"https:\/\/secureus.se\/fr\/detektorsockel-db702\/","title":{"rendered":"PRISE DETECTEUR DB702"},"content":{"rendered":"<p>Prise pour d\u00e9tecteurs avec indication parall\u00e8le et sorties relais.<\/p>\n<p>Le DB702 est une prise pour les d\u00e9tecteurs conventionnels de la s\u00e9rie 700 d&#039;Aritech.<\/p>\n<p>La base est \u00e9quip\u00e9e d&#039;un cavalier qui permet de tester le c\u00e2blage lors de l&#039;installation (NC).<\/p>\n<p>Lors du montage du d\u00e9tecteur dans la prise, le contact change de fonction (NO) en surveillance standard.<\/p>\n<p>La base est \u00e9quip\u00e9e d&#039;un m\u00e9canisme de verrouillage pour prot\u00e9ger contre le d\u00e9montage non autoris\u00e9 du d\u00e9tecteur.<\/p>","protected":false},"excerpt":{"rendered":"<p>Prise pour d\u00e9tecteurs avec indication parall\u00e8le et sorties relais. Le DB702 est une prise pour les d\u00e9tecteurs conventionnels de la s\u00e9rie 700 d&#039;Aritech. La base est \u00e9quip\u00e9e d&#039;un cavalier qui permet de tester le c\u00e2blage lors de l&#039;installation (NC). \u00c0<\/p>","protected":false},"featured_media":140020,"template":"","meta":{"_acf_changed":false},"product_brand":[],"product_cat":[1756,3373],"product_tag":[],"class_list":{"0":"post-83962","1":"product","2":"type-product","3":"status-publish","4":"has-post-thumbnail","6":"product_cat-rokdetektorer-kolmonoxid","7":"product_cat-rokdetektorer","8":"product_shipping_class-postnord-varubrev","9":"pa_brands-aritech","10":"tm-no-options","12":"first","13":"instock","14":"sale","15":"taxable","16":"shipping-taxable","17":"purchasable","18":"product-type-simple"},"acf":[],"_links":{"self":[{"href":"https:\/\/secureus.se\/fr\/wp-json\/wp\/v2\/product\/83962","targetHints":{"allow":["GET"]}}],"collection":[{"href":"https:\/\/secureus.se\/fr\/wp-json\/wp\/v2\/product"}],"about":[{"href":"https:\/\/secureus.se\/fr\/wp-json\/wp\/v2\/types\/product"}],"wp:featuredmedia":[{"embeddable":true,"href":"https:\/\/secureus.se\/fr\/wp-json\/wp\/v2\/media\/140020"}],"wp:attachment":[{"href":"https:\/\/secureus.se\/fr\/wp-json\/wp\/v2\/media?parent=83962"}],"wp:term":[{"taxonomy":"product_brand","embeddable":true,"href":"https:\/\/secureus.se\/fr\/wp-json\/wp\/v2\/product_brand?post=83962"},{"taxonomy":"product_cat","embeddable":true,"href":"https:\/\/secureus.se\/fr\/wp-json\/wp\/v2\/product_cat?post=83962"},{"taxonomy":"product_tag","embeddable":true,"href":"https:\/\/secureus.se\/fr\/wp-json\/wp\/v2\/product_tag?post=83962"}],"curies":[{"name":"wp","href":"https:\/\/api.w.org\/{rel}","templated":true}]}}