{"id":83997,"date":"2022-03-10T15:47:00","date_gmt":"2022-03-10T14:47:00","guid":{"rendered":"https:\/\/secureus.se\/produkt\/optex-ir-detektor-cdx-nam-24x2-meter-antimask-sbsc-klass-3\/"},"modified":"2025-12-31T19:48:08","modified_gmt":"2025-12-31T18:48:08","slug":"optex-ir-detektor-cdx-nam-24x2-meter-antimask-sbsc-klass-3","status":"publish","type":"product","link":"https:\/\/secureus.se\/fr\/optex-ir-detektor-cdx-nam-24x2-meter-antimask-sbsc-klass-3\/","title":{"rendered":"Optex CDX-NAM 24\u00d72 m\u00e8tres Antimask Version Pro"},"content":{"rendered":"<h1><strong>Optex CDX-NAM<\/strong> est un d\u00e9tecteur IR haute performance avec fonction anti-masque, con\u00e7u pour une utilisation int\u00e9rieure dans des environnements de s\u00e9curit\u00e9 exigeants.<\/h1>\n<p>Avec une zone de couverture \u00e9troite de 24 \u00d7 2 m\u00e8tres et une technologie AIR avanc\u00e9e, ce d\u00e9tecteur offre la plus haute pr\u00e9cision et s\u00e9curit\u00e9.<\/p>\n<p>Il est id\u00e9al pour les applications commerciales et industrielles.<\/p>\n<h4>Caract\u00e9ristiques et avantages<\/h4>\n<ul>\n<li><strong>Zone de surveillance 24\u00d72 m<\/strong>: Id\u00e9al pour les couloirs \u00e9troits et les espaces sp\u00e9cifiques o\u00f9 une surveillance cibl\u00e9e est requise.<\/li>\n<li><strong>Technologie antimasque<\/strong>: Technologie de protection de masquage \u00e0 infrarouge actif (AIR) qui d\u00e9tecte les tentatives de blocage du capteur, m\u00eame dans des conditions environnementales difficiles.<\/li>\n<li><strong>Logique num\u00e9rique \u00e0 quatre zones<\/strong>: Analyse intelligente pour distinguer les humains des petits animaux, r\u00e9duisant ainsi les fausses alarmes.<\/li>\n<li><strong>Plateforme CORE<\/strong>: Processeur num\u00e9rique nouvellement d\u00e9velopp\u00e9 qui am\u00e9liore la pr\u00e9cision de d\u00e9tection.<\/li>\n<li><strong>Protection contre les interf\u00e9rences<\/strong>: Protection avanc\u00e9e contre les RFI et la lumi\u00e8re visible, garantissant un fonctionnement fiable dans divers environnements.<\/li>\n<li><strong>Installation flexible<\/strong>: Hauteur de montage personnalisable de 1,8 \u00e0 2,4 m\u00e8tres, avec modules rempla\u00e7ables pour une int\u00e9gration facile dans diff\u00e9rents syst\u00e8mes de s\u00e9curit\u00e9.<\/li>\n<li><strong>Haute fiabilit\u00e9<\/strong>: D\u00e9velopp\u00e9 pour fonctionner de mani\u00e8re stable sous des temp\u00e9ratures extr\u00eames et une humidit\u00e9 \u00e9lev\u00e9e.<\/li>\n<\/ul>\n<h4>Domaines d&#039;utilisation<\/h4>\n<p><strong>Optex CDX-NAM<\/strong> est con\u00e7u pour offrir une s\u00e9curit\u00e9 sup\u00e9rieure dans une vari\u00e9t\u00e9 d\u2019environnements\u00a0:<\/p>\n<ul>\n<li><strong>Propri\u00e9t\u00e9s commerciales<\/strong>: Prot\u00e9ger les couloirs et entr\u00e9es \u00e9troits des bureaux, magasins et h\u00f4tels.<\/li>\n<li><strong>Applications industrielles<\/strong>: Utilis\u00e9 dans les entrep\u00f4ts et autres installations o\u00f9 une surveillance cibl\u00e9e est n\u00e9cessaire.<\/li>\n<li><strong>Installations de haute s\u00e9curit\u00e9<\/strong>: La certification pour la classe d&#039;alarme 3 le rend adapt\u00e9 aux environnements avec des exigences de s\u00e9curit\u00e9 \u00e9lev\u00e9es.<\/li>\n<\/ul>\n<h4>Sp\u00e9cification technique<\/h4>\n<ul>\n<li><strong>Type de d\u00e9tecteur<\/strong>: Infrarouge passif (PIR)<\/li>\n<li><strong>Attestation<\/strong>: classe d&#039;alarme SBSC 3<\/li>\n<li><strong>Zone de surveillance<\/strong>: 24\u00d72 m<\/li>\n<li><strong>Hauteur de montage<\/strong>: 1,8\u20132,4 m<\/li>\n<li><strong>Alimentation<\/strong>: 9,5\u201318 VCC<\/li>\n<li><strong>Consommation d&#039;\u00e9nergie<\/strong>: Max 20 mA<\/li>\n<li><strong>Plage de temp\u00e9rature<\/strong>: -10 \u00b0C \u00e0 +50 \u00b0C<\/li>\n<li><strong>Dimensions<\/strong>: 140 x 70 x 52,3 mm (H x L x P)<\/li>\n<li><strong>Poids<\/strong>: 180g<\/li>\n<li><strong>Protection masquante<\/strong>: Technologie infrarouge actif<\/li>\n<li><strong>Protection contre les interf\u00e9rences<\/strong>: R\u00e9sistant aux RFI et \u00e0 la lumi\u00e8re visible<\/li>\n<\/ul>\n<h4>Avantages du CDX-NAM<\/h4>\n<ul>\n<li><strong>Technologie de haute s\u00e9curit\u00e9<\/strong>:Adapt\u00e9 aux environnements avec des exigences de s\u00e9curit\u00e9 strictes gr\u00e2ce \u00e0 la fonction anti-masque.<\/li>\n<li><strong>Fonctionnement fiable<\/strong>: Une construction robuste et une technologie avanc\u00e9e garantissent une utilisation durable et fiable.<\/li>\n<li><strong>Personnalisation facile<\/strong>: Installation flexible avec compatibilit\u00e9 pour diff\u00e9rentes hauteurs de montage et syst\u00e8mes de s\u00e9curit\u00e9.<\/li>\n<\/ul>\n<h4>Installation et entretien faciles<\/h4>\n<p>CDX-NAM est con\u00e7u dans un souci de facilit\u00e9 d&#039;utilisation. Il offre un guide-c\u00e2ble spacieux pour une installation facile et la possibilit\u00e9 de changer le module principal pour s&#039;adapter aux diff\u00e9rentes exigences de s\u00e9curit\u00e9.<\/p>\n<p>De plus, le dispositif Plug-in EOL permet une connexion rapide \u00e0 divers syst\u00e8mes de s\u00e9curit\u00e9.<\/p>","protected":false},"excerpt":{"rendered":"<p>D\u00e9tecteur IR Optex CDX-NAM pour usage int\u00e9rieur, avec couverture 24\u00d72 m, fonction anti-masque et certification SBSC (classe d&#039;alarme 3).<\/p>\n<p>S\u00fbr et fiable.<\/p>","protected":false},"featured_media":145156,"template":"","meta":{"_acf_changed":false},"product_brand":[],"product_cat":[1325],"product_tag":[2145,3067,2418,2466],"class_list":{"0":"post-83997","1":"product","2":"type-product","3":"status-publish","4":"has-post-thumbnail","6":"product_cat-larmgivare-skalskydd","7":"product_tag-rorelsedetektor-ir-detektorer","8":"product_tag-optex-cdx-outlet","9":"product_tag-rel-larmgivare","10":"product_tag-sbsc-larmklass3","11":"product_shipping_class-postnord-varubrev","12":"pa_brands-optex","13":"tm-no-options","15":"first","16":"instock","17":"sale","18":"featured","19":"taxable","20":"shipping-taxable","21":"purchasable","22":"product-type-simple"},"acf":[],"_links":{"self":[{"href":"https:\/\/secureus.se\/fr\/wp-json\/wp\/v2\/product\/83997","targetHints":{"allow":["GET"]}}],"collection":[{"href":"https:\/\/secureus.se\/fr\/wp-json\/wp\/v2\/product"}],"about":[{"href":"https:\/\/secureus.se\/fr\/wp-json\/wp\/v2\/types\/product"}],"wp:featuredmedia":[{"embeddable":true,"href":"https:\/\/secureus.se\/fr\/wp-json\/wp\/v2\/media\/145156"}],"wp:attachment":[{"href":"https:\/\/secureus.se\/fr\/wp-json\/wp\/v2\/media?parent=83997"}],"wp:term":[{"taxonomy":"product_brand","embeddable":true,"href":"https:\/\/secureus.se\/fr\/wp-json\/wp\/v2\/product_brand?post=83997"},{"taxonomy":"product_cat","embeddable":true,"href":"https:\/\/secureus.se\/fr\/wp-json\/wp\/v2\/product_cat?post=83997"},{"taxonomy":"product_tag","embeddable":true,"href":"https:\/\/secureus.se\/fr\/wp-json\/wp\/v2\/product_tag?post=83997"}],"curies":[{"name":"wp","href":"https:\/\/api.w.org\/{rel}","templated":true}]}}