{"id":84058,"date":"2023-10-11T15:30:51","date_gmt":"2023-10-11T13:30:51","guid":{"rendered":"https:\/\/secureus.se\/produkt\/magicard-md100ymcko-colour-ribbon-100-prints\/"},"modified":"2026-04-08T16:58:00","modified_gmt":"2026-04-08T14:58:00","slug":"magicard-md100ymcko-colour-ribbon-100-prints","status":"publish","type":"product","link":"https:\/\/secureus.se\/fr\/magicard-md100ymcko-colour-ribbon-100-prints\/","title":{"rendered":"Ruban Magicard \u2013 MD100YMCKO (100 impressions)"},"content":{"rendered":"<h1>Ruban<br \/>\n  Magicard - MD100YMCKO (100 exemplaires)<\/h1>\n<p>Ruban Magicard \u2013 MD100YMCKO (100 impressions) est un ruban<br \/>\n  pour l&#039;impression de cartes plastiques avec des couleurs vives, un texte clair et une bonne qualit\u00e9<br \/>\n  Reproduction d\u00e9taill\u00e9e. Le ruban YMCKO assure la combinaison correcte de panneaux de couleur et<br \/>\n  Couche de protection pour l&#039;impression professionnelle de cartes.<\/p>\n<p>Convient aux cartes d&#039;identit\u00e9, cartes d&#039;acc\u00e8s, cartes de membre et autres.<br \/>\n  cartes en plastique o\u00f9 une qualit\u00e9 d&#039;impression et une fiabilit\u00e9 \u00e9lev\u00e9es sont<br \/>\n  important.<\/p>\n<ul>\n<li>Capacit\u00e9 : jusqu&#039;\u00e0 100 impressions<\/li>\n<li>Type de ruban : YMCKO<\/li>\n<li>Produit original<\/li>\n<li>Num\u00e9ro d&#039;article : MD100YMCKO<\/li>\n<\/ul>\n<p><strong>Compatible avec le ruban couleur Magicard MD100YMCKO<br \/>\n  est le seul ruban couleur Magicard authentique compatible avec le Pronto 100<br \/>\n  Imprimante de bureau. Elle offre un rendement de 100 impressions recto par ruban.,<br \/>\n  avec des imprimantes de haute qualit\u00e9 \u00e0 chaque fois.<\/strong><\/p>\n<p><strong>Poids du produit :<\/strong> 0,15 kg<\/p>","protected":false},"excerpt":{"rendered":"<p>Ruban couleur \u2013 Ruban \u2013 Retransfert vers imprimante de cartes et imprimante de cartes plastiques<\/p>","protected":false},"featured_media":139985,"template":"","meta":{"_acf_changed":false},"product_brand":[],"product_cat":[3216,4836],"product_tag":[3182,4863,2921,3069],"class_list":{"0":"post-84058","1":"product","2":"type-product","3":"status-publish","4":"has-post-thumbnail","6":"product_cat-magicard-fargband-retransfer","7":"product_cat-magicard-pronto100-ribbons","8":"product_tag-magicard-tillbehor","9":"product_tag-pf","10":"product_tag-ribbon-ymck-farg","11":"product_tag-trade-produkt","12":"product_shipping_class-tunga-paket","13":"pa_brands-magicard","14":"tm-has-options","16":"first","17":"instock","18":"sale","19":"taxable","20":"shipping-taxable","21":"purchasable","22":"product-type-simple"},"acf":[],"_links":{"self":[{"href":"https:\/\/secureus.se\/fr\/wp-json\/wp\/v2\/product\/84058","targetHints":{"allow":["GET"]}}],"collection":[{"href":"https:\/\/secureus.se\/fr\/wp-json\/wp\/v2\/product"}],"about":[{"href":"https:\/\/secureus.se\/fr\/wp-json\/wp\/v2\/types\/product"}],"wp:featuredmedia":[{"embeddable":true,"href":"https:\/\/secureus.se\/fr\/wp-json\/wp\/v2\/media\/139985"}],"wp:attachment":[{"href":"https:\/\/secureus.se\/fr\/wp-json\/wp\/v2\/media?parent=84058"}],"wp:term":[{"taxonomy":"product_brand","embeddable":true,"href":"https:\/\/secureus.se\/fr\/wp-json\/wp\/v2\/product_brand?post=84058"},{"taxonomy":"product_cat","embeddable":true,"href":"https:\/\/secureus.se\/fr\/wp-json\/wp\/v2\/product_cat?post=84058"},{"taxonomy":"product_tag","embeddable":true,"href":"https:\/\/secureus.se\/fr\/wp-json\/wp\/v2\/product_tag?post=84058"}],"curies":[{"name":"wp","href":"https:\/\/api.w.org\/{rel}","templated":true}]}}