{"id":84576,"date":"2022-11-18T13:03:58","date_gmt":"2022-11-18T12:03:58","guid":{"rendered":"https:\/\/secureus.se\/produkt\/rfid-tag-pvc-kombi-em4200-mifare1k-stnd-nr\/"},"modified":"2026-04-02T15:45:26","modified_gmt":"2026-04-02T13:45:26","slug":"rfid-tag-pvc-kombi-em4200-mifare1k-stnd-nr","status":"publish","type":"product","link":"https:\/\/secureus.se\/fr\/rfid-tag-pvc-kombi-em4200-mifare1k-stnd-nr\/","title":{"rendered":"\u00c9tiquette RFID PVC blanche combin\u00e9e EM4200\/Mifare1k Stnd.nr"},"content":{"rendered":"<p><strong>Vous avez ici une \u00e9tiquette avec des num\u00e9ros standards grav\u00e9s sur l&#039;\u00e9tiquette pour les syst\u00e8mes suivants.<\/strong>Pour EM4200 : RCO Security (R), Axema VAKA (V), Bewator\/Vanderbilt (B), ASSA ARX (S) )Pour Mifare : RCO (MFR), Axema VAKA (MFV), ASSA, Aptus, Bewator, Axema , Axema VAKA, Vanderbilt et autres (MFD)<\/p>\n<p><strong>Design Tag - Cr\u00e9ez votre style unique<\/strong>D\u00e9couvrez notre tag RFID le plus fin, le Design Tag, qui ne mesure que 1,5 mm d&#039;\u00e9paisseur. Il est fabriqu\u00e9 \u00e0 partir d&#039;un mat\u00e9riau PVC brillant qui donne une finition incroyablement \u00e9l\u00e9gante et une touche \u00e9l\u00e9gante \u00e0 vos applications.<\/p>\n<p><strong>Cr\u00e9ez votre profil personnel<\/strong>Design Tagg est parfait pour compl\u00e9ter votre vie quotidienne, mais il offre \u00e9galement des opportunit\u00e9s de profiler votre entreprise. Ajoutez votre num\u00e9ro de t\u00e9l\u00e9phone, votre slogan ou faites la promotion d&#039;\u00e9v\u00e9nements sp\u00e9ciaux avec des dates et des heures d&#039;ouverture. Seule votre imagination fixe les limites de son utilisation.<\/p>\n<p><strong>Fabrication de haute qualit\u00e9 \u00e0 la mani\u00e8re des cartes bancaires<\/strong>Nous fabriquons des Design Tag en utilisant la m\u00eame technologie que celle utilis\u00e9e pour les cartes bancaires et de cr\u00e9dit. Cela signifie qu&#039;il est fabriqu\u00e9 en PVC et peut \u00eatre imprim\u00e9 avec n&#039;importe quel motif de votre choix. Ensuite, une couche de plastique protectrice est appliqu\u00e9e sur l\u2019impression pour garantir sa qualit\u00e9 et sa fonctionnalit\u00e9.<\/p>\n<p><strong>D\u00e9lai de fabrication : Environ 3 semaines<\/strong>Veuillez noter qu&#039;en raison du processus de fabrication unique \u00e0 chaque client, notre \u00e9tiquette RFID \u00ab PVC \/ Design \u00bb ne peut pas \u00eatre exp\u00e9di\u00e9e rapidement. Nous souhaitons vous proposer le meilleur produit possible et il faut donc compter environ 3 semaines pour fabriquer votre \u00e9tiquette personnalis\u00e9e.<\/p>\n<p><strong>Inclus dans le prix : Personnalisation et gravure<\/strong>En choisissant Design Tagg, vous pouvez compter sur une adaptation compl\u00e8te \u00e0 vos besoins. Envoyez-nous votre photo, logo ou texte et nous cr\u00e9erons un \u00e9chantillon num\u00e9rique pour votre approbation. Nous graverons \u00e9galement vos num\u00e9ros de syst\u00e8me pour les syst\u00e8mes d&#039;acc\u00e8s, les alarmes ou les num\u00e9ros de s\u00e9rie selon vos souhaits - tout est inclus dans le prix.<\/p>\n<p><strong>Puce originale de haute qualit\u00e9 pour la fiabilit\u00e9 et la s\u00e9curit\u00e9<\/strong>Pour garantir fiabilit\u00e9 et s\u00e9curit\u00e9, notre \u00e9tiquette RFID \u00ab Design \/ PVC \u00bb est \u00e9quip\u00e9e d\u2019une puce originale de la plus haute qualit\u00e9. Nous s\u00e9lectionnons uniquement des puces originales provenant de fabricants reconnus pour r\u00e9pondre aux normes les plus \u00e9lev\u00e9es. Avec nos \u00e9tiquettes RFID, vous pouvez \u00eatre s\u00fbr d&#039;obtenir un produit offrant des performances fiables et efficaces. Nous nous effor\u00e7ons toujours d&#039;offrir la meilleure technologie et la meilleure compatibilit\u00e9 pour garantir que nos \u00e9tiquettes RFID fonctionnent en toute s\u00e9curit\u00e9 et r\u00e9pondent \u00e0 vos besoins \u00e0 long terme.<\/p>","protected":false},"excerpt":{"rendered":"<p>Vous pouvez fournir \u00e0 cette balise votre propre design unique si vous achetez plus de 500 balises<\/p>","protected":false},"featured_media":141846,"template":"","meta":{"_acf_changed":false},"product_brand":[],"product_cat":[4811,4786,1324,4534],"product_tag":[2642,2958],"class_list":{"0":"post-84576","1":"product","2":"type-product","3":"status-publish","4":"has-post-thumbnail","6":"product_cat-kombinerade-taggar-mifare-och-em","7":"product_cat-mifare1kem4200-tagg","8":"product_cat-outlet","9":"product_cat-pvc","10":"product_tag-500-moq-design-pvc","11":"product_tag-stonehouse-produkt","12":"product_shipping_class-postnord-varubrev","13":"pa_brands-stonehouse-security","14":"pa_chip-teknik-kombi-em4200mifare1k","15":"pa_farg-vit","16":"tm-no-options","18":"first","19":"instock","20":"sale","21":"featured","22":"taxable","23":"shipping-taxable","24":"purchasable","25":"product-type-simple"},"acf":[],"_links":{"self":[{"href":"https:\/\/secureus.se\/fr\/wp-json\/wp\/v2\/product\/84576","targetHints":{"allow":["GET"]}}],"collection":[{"href":"https:\/\/secureus.se\/fr\/wp-json\/wp\/v2\/product"}],"about":[{"href":"https:\/\/secureus.se\/fr\/wp-json\/wp\/v2\/types\/product"}],"wp:featuredmedia":[{"embeddable":true,"href":"https:\/\/secureus.se\/fr\/wp-json\/wp\/v2\/media\/141846"}],"wp:attachment":[{"href":"https:\/\/secureus.se\/fr\/wp-json\/wp\/v2\/media?parent=84576"}],"wp:term":[{"taxonomy":"product_brand","embeddable":true,"href":"https:\/\/secureus.se\/fr\/wp-json\/wp\/v2\/product_brand?post=84576"},{"taxonomy":"product_cat","embeddable":true,"href":"https:\/\/secureus.se\/fr\/wp-json\/wp\/v2\/product_cat?post=84576"},{"taxonomy":"product_tag","embeddable":true,"href":"https:\/\/secureus.se\/fr\/wp-json\/wp\/v2\/product_tag?post=84576"}],"curies":[{"name":"wp","href":"https:\/\/api.w.org\/{rel}","templated":true}]}}