{"id":84716,"date":"2023-10-17T14:24:19","date_gmt":"2023-10-17T12:24:19","guid":{"rendered":"https:\/\/secureus.se\/produkt\/stromst-trapp-1-pol-rs-utv-rv\/"},"modified":"2026-04-07T12:54:54","modified_gmt":"2026-04-07T10:54:54","slug":"stromst-trapp-1-pol-rs-utv-rv","status":"publish","type":"product","link":"https:\/\/secureus.se\/fr\/stromst-trapp-1-pol-rs-utv-rv\/","title":{"rendered":"Escalier Str\u00f6mst\/1 p\u00f4le RS UTV RV"},"content":{"rendered":"<p>Interrupteur \u00e0 bascule avec base, cadre et bascule en thermoplastique sans halog\u00e8ne.<\/p>\n<p>Distance des vis de fixation 38 mm.<\/p>\n<p>Le cadre et le culbuteur \u00e0 ajustement serr\u00e9 sont standard.<\/p>\n<p>L&#039;interrupteur est \u00e9quip\u00e9 d&#039;une plaque de base compl\u00e8te et dispose de plusieurs trous de montage alternatifs pour la fixation.<\/p>\n<p>Raccordement viss\u00e9 des conducteurs avec pinces \u00e9l\u00e9vatrices.<\/p>","protected":false},"excerpt":{"rendered":"<p>Interrupteur \u00e0 bascule avec base, cadre et bascule en thermoplastique sans halog\u00e8ne. Distance des vis de fixation 38 mm. Le cadre et le culbuteur \u00e0 ajustement serr\u00e9 sont standard. Le commutateur est \u00e9quip\u00e9 d&#039;une plaque de base compl\u00e8te et dispose de plusieurs trous de montage alternatifs pour<\/p>","protected":false},"featured_media":139296,"template":"","meta":{"_acf_changed":false},"product_brand":[],"product_cat":[4827],"product_tag":[3129],"class_list":{"0":"post-84716","1":"product","2":"type-product","3":"status-publish","4":"has-post-thumbnail","6":"product_cat-elko","7":"product_tag-stromstallare-utan-logo","8":"product_shipping_class-postnord-varubrev","9":"pa_brands-elko","10":"tm-no-options","12":"first","13":"instock","14":"sale","15":"featured","16":"taxable","17":"shipping-taxable","18":"purchasable","19":"product-type-simple"},"acf":[],"_links":{"self":[{"href":"https:\/\/secureus.se\/fr\/wp-json\/wp\/v2\/product\/84716","targetHints":{"allow":["GET"]}}],"collection":[{"href":"https:\/\/secureus.se\/fr\/wp-json\/wp\/v2\/product"}],"about":[{"href":"https:\/\/secureus.se\/fr\/wp-json\/wp\/v2\/types\/product"}],"wp:featuredmedia":[{"embeddable":true,"href":"https:\/\/secureus.se\/fr\/wp-json\/wp\/v2\/media\/139296"}],"wp:attachment":[{"href":"https:\/\/secureus.se\/fr\/wp-json\/wp\/v2\/media?parent=84716"}],"wp:term":[{"taxonomy":"product_brand","embeddable":true,"href":"https:\/\/secureus.se\/fr\/wp-json\/wp\/v2\/product_brand?post=84716"},{"taxonomy":"product_cat","embeddable":true,"href":"https:\/\/secureus.se\/fr\/wp-json\/wp\/v2\/product_cat?post=84716"},{"taxonomy":"product_tag","embeddable":true,"href":"https:\/\/secureus.se\/fr\/wp-json\/wp\/v2\/product_tag?post=84716"}],"curies":[{"name":"wp","href":"https:\/\/api.w.org\/{rel}","templated":true}]}}