{"id":84717,"date":"2023-10-17T14:18:37","date_gmt":"2023-10-17T12:18:37","guid":{"rendered":"https:\/\/secureus.se\/produkt\/stromstallare-trapp\/"},"modified":"2026-04-07T12:54:06","modified_gmt":"2026-04-07T10:54:06","slug":"stromstallare-trapp","status":"publish","type":"product","link":"https:\/\/secureus.se\/fr\/stromstallare-trapp\/","title":{"rendered":"Changer d&#039;escalier"},"content":{"rendered":"<p>Interrupteur Exxact Step avec bascule carr\u00e9e, connexion rapide, pour montage en IP20 dans un bo\u00eetier d&#039;appareil c\/c 60mm.<\/p>\n<p>Pour le montage en surface, un bo\u00eetier de 21 mm est utilis\u00e9.<\/p>\n<p>L&#039;interrupteur n&#039;a pas de bornes neutres.<\/p>\n<p>Forme de livraison : emballage en vrac de 50 pi\u00e8ces.<\/p>\n<p>Blanc<\/p>","protected":false},"excerpt":{"rendered":"<p>Interrupteur Exxact Step avec bascule carr\u00e9e, connexion rapide, pour montage en IP20 dans un bo\u00eetier d&#039;appareil c\/c 60mm. Pour le montage en surface, un bo\u00eetier de 21 mm est utilis\u00e9. L&#039;interrupteur n&#039;a pas de bornes neutres. Formulaire de livraison : emballage en vrac de 50 pi\u00e8ces.<\/p>","protected":false},"featured_media":139313,"template":"","meta":{"_acf_changed":false},"product_brand":[],"product_cat":[4826],"product_tag":[3129],"class_list":{"0":"post-84717","1":"product","2":"type-product","3":"status-publish","4":"has-post-thumbnail","6":"product_cat-exxact","7":"product_tag-stromstallare-utan-logo","8":"product_shipping_class-postnord-varubrev","9":"pa_brands-schneider-electric","10":"tm-no-options","12":"first","13":"instock","14":"sale","15":"featured","16":"taxable","17":"shipping-taxable","18":"purchasable","19":"product-type-simple"},"acf":[],"_links":{"self":[{"href":"https:\/\/secureus.se\/fr\/wp-json\/wp\/v2\/product\/84717","targetHints":{"allow":["GET"]}}],"collection":[{"href":"https:\/\/secureus.se\/fr\/wp-json\/wp\/v2\/product"}],"about":[{"href":"https:\/\/secureus.se\/fr\/wp-json\/wp\/v2\/types\/product"}],"wp:featuredmedia":[{"embeddable":true,"href":"https:\/\/secureus.se\/fr\/wp-json\/wp\/v2\/media\/139313"}],"wp:attachment":[{"href":"https:\/\/secureus.se\/fr\/wp-json\/wp\/v2\/media?parent=84717"}],"wp:term":[{"taxonomy":"product_brand","embeddable":true,"href":"https:\/\/secureus.se\/fr\/wp-json\/wp\/v2\/product_brand?post=84717"},{"taxonomy":"product_cat","embeddable":true,"href":"https:\/\/secureus.se\/fr\/wp-json\/wp\/v2\/product_cat?post=84717"},{"taxonomy":"product_tag","embeddable":true,"href":"https:\/\/secureus.se\/fr\/wp-json\/wp\/v2\/product_tag?post=84717"}],"curies":[{"name":"wp","href":"https:\/\/api.w.org\/{rel}","templated":true}]}}