{"id":84853,"date":"2023-03-28T12:52:39","date_gmt":"2023-03-28T10:52:39","guid":{"rendered":"https:\/\/secureus.se\/produkt\/pir-detector-flx-a-am\/"},"modified":"2026-04-01T13:22:54","modified_gmt":"2026-04-01T11:22:54","slug":"optex-flx-a-am-pir-detector","status":"publish","type":"product","link":"https:\/\/secureus.se\/fr\/optex-flx-a-am-pir-detector\/","title":{"rendered":"Optex FLX-A-AM Antimask 15 m\u00e8tres 85 degr\u00e9s"},"content":{"rendered":"<h1>L&#039;Optex FLX-A-AM est un d\u00e9tecteur de mouvement avanc\u00e9 con\u00e7u pour fournir une s\u00e9curit\u00e9 fiable et une pr\u00e9cision de d\u00e9tection \u00e9lev\u00e9e dans les environnements commerciaux et publics.<\/h1>\n<p>Ce d\u00e9tecteur PIR est approuv\u00e9 SBSC selon LK 3, ce qui le rend id\u00e9al pour une utilisation l\u00e0 o\u00f9 des normes de s\u00e9curit\u00e9 \u00e9lev\u00e9es sont requises. Gr\u00e2ce \u00e0 sa conception unique et \u00e0 sa technologie avanc\u00e9e, le FLX-A-AM peut d\u00e9tecter efficacement les mouvements dans les zones larges et \u00e9troites, offrant ainsi une flexibilit\u00e9 d&#039;installation.<\/p>\n<h3>D\u00e9tection flexible avec plage r\u00e9glable<\/h3>\n<p>Le FLX-A-AM propose une lentille r\u00e9versible qui permet d&#039;ajuster la zone de d\u00e9tection en fonction de l&#039;environnement. Le mode par d\u00e9faut est de 15 x 15 m\u00e8tres pour la d\u00e9tection \u00e0 faisceau large, ce qui est id\u00e9al pour couvrir de grandes zones ouvertes.<\/p>\n<p>Pour les zones plus \u00e9troites et plus longues, telles que les couloirs ou les passages, la lentille peut \u00eatre invers\u00e9e pour fournir une zone de d\u00e9tection \u00e0 faisceau long de 24 x 2 m\u00e8tres. Cela fait du FLX-A-AM un choix polyvalent pour les propri\u00e9t\u00e9s r\u00e9sidentielles et commerciales de plus grande taille.<\/p>\n<h3>Immunit\u00e9 aux animaux de compagnie<\/h3>\n<p>L\u2019une des caract\u00e9ristiques les plus remarquables du FLX-A-AM est son immunit\u00e9 aux petits animaux. Cela permet au d\u00e9tecteur d&#039;\u00eatre utilis\u00e9 dans des maisons avec des animaux domestiques sans se soucier des fausses alarmes.<\/p>\n<p>Gr\u00e2ce \u00e0 la technologie avanc\u00e9e et au traitement intelligent du signal, FLX-A-AM peut distinguer efficacement les personnes des petits animaux, offrant ainsi une protection fiable sans interf\u00e9rer avec la vie quotidienne.<\/p>\n<h3>Protection contre le masquage et protection contre les interf\u00e9rences<\/h3>\n<p>Le FLX-A-AM est \u00e9quip\u00e9 d&#039;une protection de masquage efficace, ce qui signifie qu&#039;il est prot\u00e9g\u00e9 contre les tentatives de blocage ou de masquage de la zone de d\u00e9tection.<\/p>\n<p>Cela en fait un choix s\u00fbr pour les lieux publics ou autres zones o\u00f9 il est important d\u2019emp\u00eacher toute alt\u00e9ration.<\/p>\n<p>Il est \u00e9galement prot\u00e9g\u00e9 contre les interf\u00e9rences externes gr\u00e2ce \u00e0 l&#039;analyse multidimensionnelle (SMDA) et au blindage \u00e0 double conducteur, ce qui permet au d\u00e9tecteur de continuer \u00e0 fournir une d\u00e9tection fiable m\u00eame dans des environnements difficiles.<\/p>\n<h3>Installation et utilisation faciles<\/h3>\n<p>Le FLX-A-AM est con\u00e7u pour une installation et une connexion faciles. Les borniers se retirent facilement du d\u00e9tecteur pour rendre la connexion des c\u00e2bles plus rapide et plus facile.<\/p>\n<p>L&#039;unit\u00e9 peut \u00eatre mont\u00e9e \u00e0 une hauteur comprise entre 2 et 3 m\u00e8tres, ce qui la rend adapt\u00e9e aux installations murales et au plafond. Le design moderne, fabriqu\u00e9 en plastique acrylonitrile, offre une unit\u00e9 durable qui r\u00e9siste aux rayons UV et conserve sa couleur blanche m\u00eame en cas d&#039;utilisation prolong\u00e9e.<\/p>\n<h3>Haute qualit\u00e9 et fiabilit\u00e9<\/h3>\n<p>Optex est connu pour ses produits de haute qualit\u00e9 et le FLX-A-AM ne fait pas exception. Avec des fonctionnalit\u00e9s sup\u00e9rieures telles que la d\u00e9tection r\u00e9glable, l&#039;immunit\u00e9 aux animaux domestiques, l&#039;anti-masquage et l&#039;anti-brouillage, ce d\u00e9tecteur offre une haute s\u00e9curit\u00e9 dans un large \u00e9ventail d&#039;environnements.<\/p>\n<p>Sa fiabilit\u00e9 \u00e0 long terme et ses fonctionnalit\u00e9s technologiques avanc\u00e9es en font un excellent choix pour ceux qui recherchent une solution de s\u00e9curit\u00e9 professionnelle et fiable.<\/p>\n<p><strong>Sp\u00e9cifications techniques\u00a0:<\/strong><\/p>\n<ul>\n<li><strong>Plage de d\u00e9tection\u00a0:<\/strong> 15 x 15 m (faisceau large) ou 24 x 2 m (faisceau long)<\/li>\n<li><strong>Immunit\u00e9 aux animaux\u00a0:<\/strong> Oui, pour les petits animaux<\/li>\n<li><strong>Protection contre le masquage\u00a0:<\/strong> Oui<\/li>\n<li><strong>Hauteur de montage :<\/strong> 2 \u00e0 3 m\u00e8tres<\/li>\n<li><strong>Alimentation\u00a0:<\/strong> 12 VCC<\/li>\n<li><strong>Plage de temp\u00e9rature\u00a0:<\/strong> -10\u00b0C \u00e0 +40\u00b0C<\/li>\n<li><strong>Protection contre les interf\u00e9rences\u00a0:<\/strong> Oui, avec SMDA et blindage double conducteur<\/li>\n<li><strong>Mesure:<\/strong> 92x63x46mm<\/li>\n<li><strong>Poids:<\/strong> 110g<\/li>\n<\/ul>\n<p><strong>Ce qui est inclus dans le forfait\u00a0:<\/strong><\/p>\n<ul>\n<li>D\u00e9tecteur PIR FLX-A-AM<\/li>\n<li>Manuel d&#039;installation<\/li>\n<\/ul>","protected":false},"excerpt":{"rendered":"<p>D\u00e9tecteur PIR Optex FLX-A-AM approuv\u00e9 SBSC pour une utilisation en int\u00e9rieur avec plage de d\u00e9tection r\u00e9glable (faisceau large de 15 m ou faisceau long de 24 m).<\/p>\n<p>Immunis\u00e9 contre les petits animaux et r\u00e9sistant aux masques pour une utilisation dans les espaces publics.<\/p>","protected":false},"featured_media":140467,"template":"","meta":{"_acf_changed":false},"product_brand":[],"product_cat":[1325],"product_tag":[2989,2145,2466],"class_list":{"0":"post-84853","1":"product","2":"type-product","3":"status-publish","4":"has-post-thumbnail","6":"product_cat-larmgivare-skalskydd","7":"product_tag-egen-logo-ej-taggar-kort","8":"product_tag-rorelsedetektor-ir-detektorer","9":"product_tag-sbsc-larmklass3","10":"product_shipping_class-postnord-varubrev","11":"pa_brands-optex","12":"tm-no-options","14":"first","15":"instock","16":"featured","17":"taxable","18":"shipping-taxable","19":"purchasable","20":"product-type-simple"},"acf":[],"_links":{"self":[{"href":"https:\/\/secureus.se\/fr\/wp-json\/wp\/v2\/product\/84853","targetHints":{"allow":["GET"]}}],"collection":[{"href":"https:\/\/secureus.se\/fr\/wp-json\/wp\/v2\/product"}],"about":[{"href":"https:\/\/secureus.se\/fr\/wp-json\/wp\/v2\/types\/product"}],"wp:featuredmedia":[{"embeddable":true,"href":"https:\/\/secureus.se\/fr\/wp-json\/wp\/v2\/media\/140467"}],"wp:attachment":[{"href":"https:\/\/secureus.se\/fr\/wp-json\/wp\/v2\/media?parent=84853"}],"wp:term":[{"taxonomy":"product_brand","embeddable":true,"href":"https:\/\/secureus.se\/fr\/wp-json\/wp\/v2\/product_brand?post=84853"},{"taxonomy":"product_cat","embeddable":true,"href":"https:\/\/secureus.se\/fr\/wp-json\/wp\/v2\/product_cat?post=84853"},{"taxonomy":"product_tag","embeddable":true,"href":"https:\/\/secureus.se\/fr\/wp-json\/wp\/v2\/product_tag?post=84853"}],"curies":[{"name":"wp","href":"https:\/\/api.w.org\/{rel}","templated":true}]}}