{"id":84854,"date":"2023-03-27T11:53:50","date_gmt":"2023-03-27T09:53:50","guid":{"rendered":"https:\/\/secureus.se\/produkt\/ir-detektor-blueline-12m-isc-bpr2-w12\/"},"modified":"2026-04-01T14:40:29","modified_gmt":"2026-04-01T12:40:29","slug":"ir-detektor-blueline-12m-isc-bpr2-w12","status":"publish","type":"product","link":"https:\/\/secureus.se\/fr\/ir-detektor-blueline-12m-isc-bpr2-w12\/","title":{"rendered":"Bosch Blueline 12M ISC-BPR2-W12 12 m\u00e8tres 90 degr\u00e9s avec vide sanitaire"},"content":{"rendered":"<h1>Bosch Blueline 12M ISC-BPR2-W12 12 m\u00e8tres 90 degr\u00e9s avec vide sanitaire<\/h1>\n<p data-start=\"283\" data-end=\"1267\">Le Bosch Blueline 12M ISC-BPR2-W12 est un d\u00e9tecteur PIR avanc\u00e9 qui offre une zone de couverture de 12 \u00d7 12 m\u00e8tres et une zone de d\u00e9tection s\u00e9lectionnable.<\/p>\n<p data-start=\"283\" data-end=\"1267\">Gr\u00e2ce \u00e0 l&#039;utilisation de deux lentilles de Fresnel con\u00e7ues pour fournir des images nettes et focalis\u00e9es sur toute la zone de couverture, il offre une d\u00e9tection optimale des intrus.<br data-start=\"625\" data-end=\"628\" \/>Les deux lentilles cr\u00e9ent un motif haute r\u00e9solution avec 77 zones de d\u00e9tection, ce qui permet au d\u00e9tecteur d&#039;identifier les mouvements avec une grande pr\u00e9cision et s\u00e9curit\u00e9.<\/p>\n<p data-start=\"283\" data-end=\"1267\">Il en r\u00e9sulte sept rideaux de d\u00e9tection fixes et une zone de d\u00e9tection flexible, permettant de personnaliser le d\u00e9tecteur pour r\u00e9pondre aux diff\u00e9rents besoins d&#039;installation.<br data-start=\"941\" data-end=\"944\" \/>Avec une installation facile et des options de montage flexibles, ce d\u00e9tecteur est parfait pour fournir une d\u00e9tection de pointe dans les environnements commerciaux et r\u00e9sidentiels.<\/p>\n<p data-start=\"283\" data-end=\"1267\">L&#039;ISC-BPR2-W12 est \u00e9galement certifi\u00e9 SBSC et conforme \u00e0 la norme EN50130-5 Classe II pour garantir que le produit r\u00e9pond \u00e0 des normes \u00e9lev\u00e9es de s\u00e9curit\u00e9 et de fiabilit\u00e9.<\/p>\n<p data-start=\"1269\" data-end=\"1299\"><strong data-start=\"1269\" data-end=\"1297\">Caract\u00e9ristiques et avantages\u00a0:<\/strong><\/p>\n<ul data-start=\"1300\" data-end=\"1634\">\n<li data-start=\"1300\" data-end=\"1372\">\n<p data-start=\"1302\" data-end=\"1372\">Zone de couverture de 12 \u00d7 12 m et zone de rampement s\u00e9lectionnable pour une installation flexible<\/p>\n<\/li>\n<li data-start=\"1373\" data-end=\"1449\">\n<p data-start=\"1375\" data-end=\"1449\">77 zones de d\u00e9tection pour des motifs haute r\u00e9solution et une pr\u00e9cision de d\u00e9tection accrue<\/p>\n<\/li>\n<li data-start=\"1450\" data-end=\"1515\">\n<p data-start=\"1452\" data-end=\"1515\">Sept rideaux de d\u00e9tection fixes pour une d\u00e9tection s\u00fbre et pr\u00e9cise<\/p>\n<\/li>\n<li data-start=\"1516\" data-end=\"1573\">\n<p data-start=\"1518\" data-end=\"1573\">Installation facile et options de montage flexibles<\/p>\n<\/li>\n<li data-start=\"1574\" data-end=\"1634\">\n<p data-start=\"1576\" data-end=\"1634\">Certifi\u00e9 SBSC et conforme aux normes EN50130-5 Classe II<\/p>\n<\/li>\n<\/ul>\n<p data-start=\"1636\" data-end=\"1667\"><strong data-start=\"1636\" data-end=\"1665\">Sp\u00e9cifications techniques :<\/strong><\/p>\n<ul data-start=\"1668\" data-end=\"2167\">\n<li data-start=\"1668\" data-end=\"1696\">\n<p data-start=\"1670\" data-end=\"1696\">Zone de couverture : 12\u00d712 m<\/p>\n<\/li>\n<li data-start=\"1697\" data-end=\"1751\">\n<p data-start=\"1699\" data-end=\"1751\">Consommation \u00e9lectrique (veille\/alarme) : 10 mA \u00e0 12 VCC<\/p>\n<\/li>\n<li data-start=\"1752\" data-end=\"1791\">\n<p data-start=\"1754\" data-end=\"1791\">Tension (de fonctionnement) : 9 \u00e0 15 VDC<\/p>\n<\/li>\n<li data-start=\"1792\" data-end=\"1845\">\n<p data-start=\"1794\" data-end=\"1845\">Humidit\u00e9 relative : 0\u201395 %, sans condensation<\/p>\n<\/li>\n<li data-start=\"1846\" data-end=\"1889\">\n<p data-start=\"1848\" data-end=\"1889\">Temp\u00e9rature (fonctionnement) : -30 \u00e0 +55 \u00b0C<\/p>\n<\/li>\n<li data-start=\"1890\" data-end=\"1903\">\n<p data-start=\"1892\" data-end=\"1903\">Couleur: Blanc<\/p>\n<\/li>\n<li data-start=\"1904\" data-end=\"1930\">\n<p data-start=\"1906\" data-end=\"1930\">Dimensions : 105 x 61 x 44 mm<\/p>\n<\/li>\n<li data-start=\"1931\" data-end=\"2036\">\n<p data-start=\"1933\" data-end=\"2036\">Relais : Contacts statiques normalement ferm\u00e9s (NF) surveill\u00e9s pour = 100 mA, 25 VCC, 2,5 W, &lt; 20 Ohm ferm\u00e9s<\/p>\n<\/li>\n<li data-start=\"2037\" data-end=\"2116\">\n<p data-start=\"2039\" data-end=\"2116\">Protection anti-sabotage : contacts normalement ferm\u00e9s (NC) pour max = 100 mA, 25 VCC, 2,5 W<\/p>\n<\/li>\n<li data-start=\"2117\" data-end=\"2167\">\n<p data-start=\"2119\" data-end=\"2167\">Homologations : certifi\u00e9 SBSC, EN50130-5 Classe II<\/p>\n<\/li>\n<\/ul>","protected":false},"excerpt":{"rendered":"<p>D\u00e9tecteur PIR avec zone de couverture de 12\u00d712 m et zone de d\u00e9tection s\u00e9lectionnable.<\/p>\n<p>Installation flexible, d\u00e9tection haute r\u00e9solution et protection anti-sabotage.<\/p>","protected":false},"featured_media":140479,"template":"","meta":{"_acf_changed":false},"product_brand":[],"product_cat":[1325],"product_tag":[2145,2418,2465],"class_list":{"0":"post-84854","1":"product","2":"type-product","3":"status-publish","4":"has-post-thumbnail","6":"product_cat-larmgivare-skalskydd","7":"product_tag-rorelsedetektor-ir-detektorer","8":"product_tag-rel-larmgivare","9":"product_tag-sbsc-larmklass2","10":"product_shipping_class-postnord-varubrev","11":"pa_brands-bosch","12":"tm-no-options","14":"first","15":"instock","16":"sale","17":"featured","18":"taxable","19":"shipping-taxable","20":"purchasable","21":"product-type-simple"},"acf":[],"_links":{"self":[{"href":"https:\/\/secureus.se\/fr\/wp-json\/wp\/v2\/product\/84854","targetHints":{"allow":["GET"]}}],"collection":[{"href":"https:\/\/secureus.se\/fr\/wp-json\/wp\/v2\/product"}],"about":[{"href":"https:\/\/secureus.se\/fr\/wp-json\/wp\/v2\/types\/product"}],"wp:featuredmedia":[{"embeddable":true,"href":"https:\/\/secureus.se\/fr\/wp-json\/wp\/v2\/media\/140479"}],"wp:attachment":[{"href":"https:\/\/secureus.se\/fr\/wp-json\/wp\/v2\/media?parent=84854"}],"wp:term":[{"taxonomy":"product_brand","embeddable":true,"href":"https:\/\/secureus.se\/fr\/wp-json\/wp\/v2\/product_brand?post=84854"},{"taxonomy":"product_cat","embeddable":true,"href":"https:\/\/secureus.se\/fr\/wp-json\/wp\/v2\/product_cat?post=84854"},{"taxonomy":"product_tag","embeddable":true,"href":"https:\/\/secureus.se\/fr\/wp-json\/wp\/v2\/product_tag?post=84854"}],"curies":[{"name":"wp","href":"https:\/\/api.w.org\/{rel}","templated":true}]}}