{"id":84855,"date":"2023-03-27T11:43:39","date_gmt":"2023-03-27T09:43:39","guid":{"rendered":"https:\/\/secureus.se\/produkt\/ir-detektor-blueline12m-isc-bpr2-wp12-pet-djur-pir\/"},"modified":"2026-04-01T13:28:45","modified_gmt":"2026-04-01T11:28:45","slug":"ir-detektor-blueline-isc-bpr2-wp12-12m-husdjursimmunitet-pir-bosch","status":"publish","type":"product","link":"https:\/\/secureus.se\/fr\/ir-detektor-blueline-isc-bpr2-wp12-12m-husdjursimmunitet-pir-bosch\/","title":{"rendered":"Bosch Blueline ISC-BPR2-WP12 \u2013 12M Immunit\u00e9 aux animaux 12 m\u00e8tres 90 degr\u00e9s avec zone de rampement"},"content":{"rendered":"<h1>Bosch Blueline ISC-BPR2-WP12 \u2013 12M Immunit\u00e9 aux animaux 12 m\u00e8tres 90 degr\u00e9s avec zone de rampement<\/h1>\n<p data-start=\"361\" data-end=\"1207\">Le Bosch Blueline ISC-BPR2-WP12 est un d\u00e9tecteur IR avanc\u00e9 con\u00e7u pour offrir une fiabilit\u00e9 et une pr\u00e9cision de d\u00e9tection \u00e9lev\u00e9es, parfait pour une utilisation dans les maisons et les propri\u00e9t\u00e9s commerciales.<\/p>\n<p data-start=\"361\" data-end=\"1207\">Avec une zone de couverture de 12 x 12 m\u00e8tres et une immunit\u00e9 aux animaux s\u00e9lectionnable jusqu&#039;\u00e0 20 kg, ce d\u00e9tecteur est id\u00e9al pour les environnements o\u00f9 des animaux sont pr\u00e9sents, sans risque de fausses alarmes.<br data-start=\"753\" data-end=\"756\" \/>Le d\u00e9tecteur utilise la technologie First Step Processing (FSP) pour une d\u00e9tection rapide et pr\u00e9cise, ainsi qu&#039;une compensation de temp\u00e9rature dynamique pour garantir la fiabilit\u00e9 \u00e0 diff\u00e9rentes temp\u00e9ratures.<br data-start=\"943\" data-end=\"946\" \/>Avec une m\u00e9thode de montage flexible qui ne n\u00e9cessite pas de r\u00e9glages de hauteur et un bo\u00eetier autobloquant en deux parties, l&#039;ISC-BPR2-WP12 offre une installation et une maintenance faciles.<\/p>\n<p data-start=\"361\" data-end=\"1207\">Il est certifi\u00e9 SBSC pour la classe d&#039;alarme 2 et est id\u00e9al pour les environnements priv\u00e9s et commerciaux.<\/p>\n<p data-start=\"1209\" data-end=\"1239\"><strong data-start=\"1209\" data-end=\"1237\">Caract\u00e9ristiques et avantages\u00a0:<\/strong><\/p>\n<ul data-start=\"1240\" data-end=\"1608\">\n<li data-start=\"1240\" data-end=\"1270\">\n<p data-start=\"1242\" data-end=\"1270\">Zone de couverture : 12 x 12 m<\/p>\n<\/li>\n<li data-start=\"1271\" data-end=\"1314\">\n<p data-start=\"1273\" data-end=\"1314\">Immunit\u00e9 s\u00e9lectionnable pour animaux de compagnie jusqu&#039;\u00e0 20 kg<\/p>\n<\/li>\n<li data-start=\"1315\" data-end=\"1388\">\n<p data-start=\"1317\" data-end=\"1388\">Technologie First Step Processing (FSP) pour une d\u00e9tection rapide et pr\u00e9cise<\/p>\n<\/li>\n<li data-start=\"1389\" data-end=\"1463\">\n<p data-start=\"1391\" data-end=\"1463\">Compensation dynamique de la temp\u00e9rature pour une fiabilit\u00e9 \u00e0 des temp\u00e9ratures variables<\/p>\n<\/li>\n<li data-start=\"1464\" data-end=\"1520\">\n<p data-start=\"1466\" data-end=\"1520\">Installation facile et flexible sans r\u00e9glages de hauteur<\/p>\n<\/li>\n<li data-start=\"1521\" data-end=\"1577\">\n<p data-start=\"1523\" data-end=\"1577\">Bo\u00eetier autobloquant en deux parties pour un entretien plus facile<\/p>\n<\/li>\n<li data-start=\"1578\" data-end=\"1608\">\n<p data-start=\"1580\" data-end=\"1608\">Alarme certifi\u00e9e SBSC classe 2<\/p>\n<\/li>\n<\/ul>\n<p data-start=\"1610\" data-end=\"1641\"><strong data-start=\"1610\" data-end=\"1639\">Sp\u00e9cifications techniques :<\/strong><\/p>\n<ul data-start=\"1642\" data-end=\"1873\">\n<li data-start=\"1642\" data-end=\"1682\">\n<p data-start=\"1644\" data-end=\"1682\">M\u00e9thode de rapport : Infrarouge passif<\/p>\n<\/li>\n<li data-start=\"1683\" data-end=\"1710\">\n<p data-start=\"1685\" data-end=\"1710\">Plage de d\u00e9tection : 94\u00b0<\/p>\n<\/li>\n<li data-start=\"1711\" data-end=\"1738\">\n<p data-start=\"1713\" data-end=\"1738\">Tension de fonctionnement : 9 \u2013 15 V<\/p>\n<\/li>\n<li data-start=\"1739\" data-end=\"1760\">\n<p data-start=\"1741\" data-end=\"1760\">Courant de fonctionnement : 10 mA<\/p>\n<\/li>\n<li data-start=\"1761\" data-end=\"1805\">\n<p data-start=\"1763\" data-end=\"1805\">Dimensions : 61 mm (L) x 44 mm (P) x 105 mm (H)<\/p>\n<\/li>\n<li data-start=\"1806\" data-end=\"1841\">\n<p data-start=\"1808\" data-end=\"1841\">M\u00e9thode de montage : Montage en surface<\/p>\n<\/li>\n<li data-start=\"1842\" data-end=\"1873\">\n<p data-start=\"1844\" data-end=\"1873\">Classe d&#039;alarme : SBSC Classe d&#039;alarme 2<\/p>\n<\/li>\n<\/ul>\n<p data-start=\"1875\" data-end=\"1900\"><strong data-start=\"1875\" data-end=\"1898\">Domaines d&#039;utilisation :<\/strong><\/p>\n<ul data-start=\"1901\" data-end=\"1990\">\n<li data-start=\"1901\" data-end=\"1943\">\n<p data-start=\"1903\" data-end=\"1943\">Maisons, bureaux et b\u00e2timents commerciaux<\/p>\n<\/li>\n<li data-start=\"1944\" data-end=\"1990\">\n<p data-start=\"1946\" data-end=\"1990\">Environnements avec animaux de compagnie, sans risque de fausses alarmes<\/p>\n<\/li>\n<\/ul>","protected":false},"excerpt":{"rendered":"<p>D\u00e9tecteur IR avec couverture de 12 x 12 m et immunit\u00e9 aux animaux s\u00e9lectionnable jusqu&#039;\u00e0 20 kg.<\/p>\n<p>Id\u00e9al pour les maisons et les propri\u00e9t\u00e9s commerciales, avec la technologie First Step Processing pour une d\u00e9tection pr\u00e9cise.<\/p>","protected":false},"featured_media":141456,"template":"","meta":{"_acf_changed":false},"product_brand":[],"product_cat":[1325],"product_tag":[2145,2418,2465],"class_list":{"0":"post-84855","1":"product","2":"type-product","3":"status-publish","4":"has-post-thumbnail","6":"product_cat-larmgivare-skalskydd","7":"product_tag-rorelsedetektor-ir-detektorer","8":"product_tag-rel-larmgivare","9":"product_tag-sbsc-larmklass2","10":"product_shipping_class-postnord-varubrev","11":"pa_brands-bosch","12":"tm-no-options","14":"first","15":"instock","16":"sale","17":"featured","18":"taxable","19":"shipping-taxable","20":"purchasable","21":"product-type-simple"},"acf":[],"_links":{"self":[{"href":"https:\/\/secureus.se\/fr\/wp-json\/wp\/v2\/product\/84855","targetHints":{"allow":["GET"]}}],"collection":[{"href":"https:\/\/secureus.se\/fr\/wp-json\/wp\/v2\/product"}],"about":[{"href":"https:\/\/secureus.se\/fr\/wp-json\/wp\/v2\/types\/product"}],"wp:featuredmedia":[{"embeddable":true,"href":"https:\/\/secureus.se\/fr\/wp-json\/wp\/v2\/media\/141456"}],"wp:attachment":[{"href":"https:\/\/secureus.se\/fr\/wp-json\/wp\/v2\/media?parent=84855"}],"wp:term":[{"taxonomy":"product_brand","embeddable":true,"href":"https:\/\/secureus.se\/fr\/wp-json\/wp\/v2\/product_brand?post=84855"},{"taxonomy":"product_cat","embeddable":true,"href":"https:\/\/secureus.se\/fr\/wp-json\/wp\/v2\/product_cat?post=84855"},{"taxonomy":"product_tag","embeddable":true,"href":"https:\/\/secureus.se\/fr\/wp-json\/wp\/v2\/product_tag?post=84855"}],"curies":[{"name":"wp","href":"https:\/\/api.w.org\/{rel}","templated":true}]}}