{"id":85045,"date":"2022-06-28T13:04:54","date_gmt":"2022-06-28T11:04:54","guid":{"rendered":"https:\/\/secureus.se\/produkt\/glaskrossdetektor-gd-330\/"},"modified":"2026-03-26T12:02:01","modified_gmt":"2026-03-26T11:02:01","slug":"glaskrossdetektor-gd-330","status":"publish","type":"product","link":"https:\/\/secureus.se\/fr\/glaskrossdetektor-gd-330\/","title":{"rendered":"D\u00e9tecteur de bris de verre Gd 330"},"content":{"rendered":"<p>D\u00e9tecteur de bris de verre avec sortie relais. Rond, c\u2019est pourquoi il ne peut jamais rester de travers. Le d\u00e9tecteur est coll\u00e9 sur la partie vitr\u00e9e. Pour une installation rapide et facile, un gabarit, une palette et un soulagement de c\u00e2ble sont inclus. Blanc. Ne convient pas au verre feuillet\u00e9. C\u00e2ble de 3 m\u00e8tres.<\/p>","protected":false},"excerpt":{"rendered":"<p>D\u00e9tecteur de bris de verre avec sortie relais. Rond, c\u2019est pourquoi il ne peut jamais rester de travers. Le d\u00e9tecteur est coll\u00e9 sur la partie vitr\u00e9e. Pour une installation rapide et facile, un gabarit, une palette et un soulagement de c\u00e2ble sont inclus. Blanc. Ne convient pas aux stratifi\u00e9s<\/p>","protected":false},"featured_media":142760,"template":"","meta":{"_acf_changed":false},"product_brand":[],"product_cat":[3085],"product_tag":[2283],"class_list":{"0":"post-85045","1":"product","2":"type-product","3":"status-publish","4":"has-post-thumbnail","6":"product_cat-vibationsdetektorer-glaskrossdetektorer","7":"product_tag-glaskross-limmad-4-trad","8":"product_shipping_class-postnord-varubrev","9":"pa_brands-alarmtech","10":"pa_farg-vit","11":"tm-no-options","13":"first","14":"instock","15":"sale","16":"featured","17":"taxable","18":"shipping-taxable","19":"purchasable","20":"product-type-simple"},"acf":[],"_links":{"self":[{"href":"https:\/\/secureus.se\/fr\/wp-json\/wp\/v2\/product\/85045","targetHints":{"allow":["GET"]}}],"collection":[{"href":"https:\/\/secureus.se\/fr\/wp-json\/wp\/v2\/product"}],"about":[{"href":"https:\/\/secureus.se\/fr\/wp-json\/wp\/v2\/types\/product"}],"wp:featuredmedia":[{"embeddable":true,"href":"https:\/\/secureus.se\/fr\/wp-json\/wp\/v2\/media\/142760"}],"wp:attachment":[{"href":"https:\/\/secureus.se\/fr\/wp-json\/wp\/v2\/media?parent=85045"}],"wp:term":[{"taxonomy":"product_brand","embeddable":true,"href":"https:\/\/secureus.se\/fr\/wp-json\/wp\/v2\/product_brand?post=85045"},{"taxonomy":"product_cat","embeddable":true,"href":"https:\/\/secureus.se\/fr\/wp-json\/wp\/v2\/product_cat?post=85045"},{"taxonomy":"product_tag","embeddable":true,"href":"https:\/\/secureus.se\/fr\/wp-json\/wp\/v2\/product_tag?post=85045"}],"curies":[{"name":"wp","href":"https:\/\/api.w.org\/{rel}","templated":true}]}}