{"id":85046,"date":"2022-06-28T13:04:54","date_gmt":"2022-06-28T11:04:54","guid":{"rendered":"https:\/\/secureus.se\/produkt\/kabelgenomforing-100-pack\/"},"modified":"2026-03-26T12:02:10","modified_gmt":"2026-03-26T11:02:10","slug":"kabelgenomforing-100-pack","status":"publish","type":"product","link":"https:\/\/secureus.se\/fr\/kabelgenomforing-100-pack\/","title":{"rendered":"Entr\u00e9e de c\u00e2ble, paquet de 100"},"content":{"rendered":"<p>Entr\u00e9e de c\u00e2ble (paquet de 100) pour par ex. mise en \u0153uvre de c\u00e2bles d&#039;alarme dans des pi\u00e8ces en aluminium et similaires. Diam\u00e8tre du foret 8 mm, diam\u00e8tre int\u00e9rieur 5 mm. Longueur environ 8,5 mm et dimension ext\u00e9rieure 10 mm.<\/p>","protected":false},"excerpt":{"rendered":"<p>Entr\u00e9e de c\u00e2ble (paquet de 100) pour par ex. mise en \u0153uvre de c\u00e2bles d&#039;alarme dans des pi\u00e8ces en aluminium et similaires. Diam\u00e8tre du foret 8 mm, diam\u00e8tre int\u00e9rieur 5 mm. Longueur environ 8,5 mm et dimension ext\u00e9rieure 10 mm.<\/p>","protected":false},"featured_media":143012,"template":"","meta":{"_acf_changed":false},"product_brand":[],"product_cat":[3085],"product_tag":[2281],"class_list":{"0":"post-85046","1":"product","2":"type-product","3":"status-publish","4":"has-post-thumbnail","6":"product_cat-vibationsdetektorer-glaskrossdetektorer","7":"product_tag-glaskross-lim-tillbehor","8":"product_shipping_class-tunga-paket","9":"pa_brands-alarmtech","10":"pa_farg-vit","11":"tm-no-options","13":"first","14":"instock","15":"sale","16":"taxable","17":"shipping-taxable","18":"purchasable","19":"product-type-simple"},"acf":[],"_links":{"self":[{"href":"https:\/\/secureus.se\/fr\/wp-json\/wp\/v2\/product\/85046","targetHints":{"allow":["GET"]}}],"collection":[{"href":"https:\/\/secureus.se\/fr\/wp-json\/wp\/v2\/product"}],"about":[{"href":"https:\/\/secureus.se\/fr\/wp-json\/wp\/v2\/types\/product"}],"wp:featuredmedia":[{"embeddable":true,"href":"https:\/\/secureus.se\/fr\/wp-json\/wp\/v2\/media\/143012"}],"wp:attachment":[{"href":"https:\/\/secureus.se\/fr\/wp-json\/wp\/v2\/media?parent=85046"}],"wp:term":[{"taxonomy":"product_brand","embeddable":true,"href":"https:\/\/secureus.se\/fr\/wp-json\/wp\/v2\/product_brand?post=85046"},{"taxonomy":"product_cat","embeddable":true,"href":"https:\/\/secureus.se\/fr\/wp-json\/wp\/v2\/product_cat?post=85046"},{"taxonomy":"product_tag","embeddable":true,"href":"https:\/\/secureus.se\/fr\/wp-json\/wp\/v2\/product_tag?post=85046"}],"curies":[{"name":"wp","href":"https:\/\/api.w.org\/{rel}","templated":true}]}}