{"id":85051,"date":"2022-06-28T13:04:50","date_gmt":"2022-06-28T11:04:50","guid":{"rendered":"https:\/\/secureus.se\/produkt\/glaskrossdetektor-gd-370-6\/"},"modified":"2026-04-23T11:19:49","modified_gmt":"2026-04-23T09:19:49","slug":"glaskrossdetektor-gd-370-6","status":"publish","type":"product","link":"https:\/\/secureus.se\/fr\/glaskrossdetektor-gd-370-6\/","title":{"rendered":"D\u00e9tecteur de brise-vitre Gd 370-6"},"content":{"rendered":"<p>D\u00e9tecteur de bris de verre avec sortie relais pour la surveillance de pi\u00e8ces en verre feuillet\u00e9 ou en verre standard. Rond, ne peut jamais rester de travers. Coll\u00e9 au verre. Pour une installation rapide et facile, un gabarit, une palette et un soulagement de c\u00e2ble sont inclus. Blanc. C\u00e2ble de 6 m.<\/p>","protected":false},"excerpt":{"rendered":"<p>Glaskrossdetektor med rel\u00e4utg\u00e5ng f\u00f6r \u00f6vervakning av glaspartier gjorda av laminerat glas eller standardglas. Rund, kan aldrig sitta snett. Limmas p\u00e5 glaset. F\u00f6r snabb\/enkel installation ing\u00e5r en schablon, paddel och kabelavlastning.<\/p>","protected":false},"featured_media":142863,"template":"","meta":{"_acf_changed":false},"product_brand":[],"product_cat":[3085],"product_tag":[2282],"class_list":{"0":"post-85051","1":"product","2":"type-product","3":"status-publish","4":"has-post-thumbnail","6":"product_cat-vibationsdetektorer-glaskrossdetektorer","7":"product_tag-glaskross-limmad-laminat","8":"product_shipping_class-postnord-varubrev","9":"pa_brands-alarmtech","10":"pa_farg-vit","11":"tm-no-options","13":"first","14":"instock","15":"sale","16":"featured","17":"taxable","18":"shipping-taxable","19":"purchasable","20":"product-type-simple"},"acf":[],"_links":{"self":[{"href":"https:\/\/secureus.se\/fr\/wp-json\/wp\/v2\/product\/85051","targetHints":{"allow":["GET"]}}],"collection":[{"href":"https:\/\/secureus.se\/fr\/wp-json\/wp\/v2\/product"}],"about":[{"href":"https:\/\/secureus.se\/fr\/wp-json\/wp\/v2\/types\/product"}],"wp:featuredmedia":[{"embeddable":true,"href":"https:\/\/secureus.se\/fr\/wp-json\/wp\/v2\/media\/142863"}],"wp:attachment":[{"href":"https:\/\/secureus.se\/fr\/wp-json\/wp\/v2\/media?parent=85051"}],"wp:term":[{"taxonomy":"product_brand","embeddable":true,"href":"https:\/\/secureus.se\/fr\/wp-json\/wp\/v2\/product_brand?post=85051"},{"taxonomy":"product_cat","embeddable":true,"href":"https:\/\/secureus.se\/fr\/wp-json\/wp\/v2\/product_cat?post=85051"},{"taxonomy":"product_tag","embeddable":true,"href":"https:\/\/secureus.se\/fr\/wp-json\/wp\/v2\/product_tag?post=85051"}],"curies":[{"name":"wp","href":"https:\/\/api.w.org\/{rel}","templated":true}]}}