{"id":85059,"date":"2022-06-28T13:04:46","date_gmt":"2022-06-28T11:04:46","guid":{"rendered":"https:\/\/secureus.se\/produkt\/akustisk-glaskrossdet-ad800\/"},"modified":"2026-04-23T11:33:10","modified_gmt":"2026-04-23T09:33:10","slug":"akustisk-glaskrossdet-ad800","status":"publish","type":"product","link":"https:\/\/secureus.se\/fr\/akustisk-glaskrossdet-ad800\/","title":{"rendered":"Brise-verre acoustique. Annonce800"},"content":{"rendered":"<p>D\u00e9tecteur acoustique de bris de vitre pour d\u00e9tecter les tentatives de bris de vitre ou de vitrage. Le d\u00e9tecteur est dot\u00e9 d&#039;une compensation de pi\u00e8ce num\u00e9rique (DRC), ce qui signifie qu&#039;il peut distinguer le verre bris\u00e9 de la majorit\u00e9 des autres signaux perturbateurs. Haute r\u00e9sistance aux alarmes injustifi\u00e9es. La zone de surveillance est de 165\u00b0, ce qui signifie qu&#039;un seul d\u00e9tecteur peut surveiller plusieurs fen\u00eatres dans une pi\u00e8ce. Test\u00e9 pour diff\u00e9rents types de verre, y compris le verre feuillet\u00e9. N&#039;h\u00e9sitez pas \u00e0 utiliser l&#039;unit\u00e9 de test ADT700 comme aide lors de l&#039;installation et lors de l&#039;entretien du d\u00e9tecteur.<\/p>","protected":false},"excerpt":{"rendered":"<p>D\u00e9tecteur acoustique de bris de vitre pour d\u00e9tecter les tentatives de bris de vitre ou de vitrage. Le d\u00e9tecteur est dot\u00e9 d&#039;une compensation de pi\u00e8ce num\u00e9rique (DRC), ce qui signifie qu&#039;il peut distinguer le verre bris\u00e9 de la majorit\u00e9 des autres signaux perturbateurs.<\/p>","protected":false},"featured_media":142916,"template":"","meta":{"_acf_changed":false},"product_brand":[],"product_cat":[3085],"product_tag":[2279,2418],"class_list":{"0":"post-85059","1":"product","2":"type-product","3":"status-publish","4":"has-post-thumbnail","6":"product_cat-vibationsdetektorer-glaskrossdetektorer","7":"product_tag-glaskross-akustisk","8":"product_tag-rel-larmgivare","9":"product_shipping_class-postnord-varubrev","10":"pa_brands-alarmtech","11":"pa_farg-vit","12":"tm-no-options","14":"first","15":"instock","16":"sale","17":"featured","18":"taxable","19":"shipping-taxable","20":"purchasable","21":"product-type-simple"},"acf":[],"_links":{"self":[{"href":"https:\/\/secureus.se\/fr\/wp-json\/wp\/v2\/product\/85059","targetHints":{"allow":["GET"]}}],"collection":[{"href":"https:\/\/secureus.se\/fr\/wp-json\/wp\/v2\/product"}],"about":[{"href":"https:\/\/secureus.se\/fr\/wp-json\/wp\/v2\/types\/product"}],"wp:featuredmedia":[{"embeddable":true,"href":"https:\/\/secureus.se\/fr\/wp-json\/wp\/v2\/media\/142916"}],"wp:attachment":[{"href":"https:\/\/secureus.se\/fr\/wp-json\/wp\/v2\/media?parent=85059"}],"wp:term":[{"taxonomy":"product_brand","embeddable":true,"href":"https:\/\/secureus.se\/fr\/wp-json\/wp\/v2\/product_brand?post=85059"},{"taxonomy":"product_cat","embeddable":true,"href":"https:\/\/secureus.se\/fr\/wp-json\/wp\/v2\/product_cat?post=85059"},{"taxonomy":"product_tag","embeddable":true,"href":"https:\/\/secureus.se\/fr\/wp-json\/wp\/v2\/product_tag?post=85059"}],"curies":[{"name":"wp","href":"https:\/\/api.w.org\/{rel}","templated":true}]}}