{"id":85062,"date":"2022-06-28T13:04:43","date_gmt":"2022-06-28T11:04:43","guid":{"rendered":"https:\/\/secureus.se\/produkt\/analysator-iu-400\/"},"modified":"2026-02-20T12:09:55","modified_gmt":"2026-02-20T11:09:55","slug":"analysator-iu-400","status":"publish","type":"product","link":"https:\/\/secureus.se\/fr\/analysator-iu-400\/","title":{"rendered":"Analyseur UI 400"},"content":{"rendered":"<p>Unit\u00e9 d&#039;analyse pour d\u00e9tecteurs de bris de verre GD 475 qui, ensemble, sont approuv\u00e9s selon la classe\/grade 3 EN. Il y a 3 relais dans l&#039;analyseur\u00a0; alarme, erreur et protection\/interruption d&#039;ouverture. Un maximum de 20 d\u00e9tecteurs peuvent \u00eatre connect\u00e9s \u00e0 un IU 400, 10 d\u00e9tecteurs sont recommand\u00e9s. L&#039;IU 400 surveille la tension sur la boucle et signale une erreur si la tension de la boucle change. La tension de boucle est \u00ab programm\u00e9e \u00bb (d\u00e9termin\u00e9e) lors de la mise en service de l&#039;installation.<\/p>","protected":false},"excerpt":{"rendered":"<p>Unit\u00e9 d&#039;analyse pour d\u00e9tecteurs de bris de verre GD 475 qui, ensemble, sont homologu\u00e9s selon la classe\/grade 3 EN. Il y a 3 relais dans l&#039;analyseur\u00a0; alarme, erreur et protection\/interruption d&#039;ouverture. Un maximum de 20 d\u00e9tecteurs peuvent \u00eatre connect\u00e9s \u00e0 une UI<\/p>","protected":false},"featured_media":143294,"template":"","meta":{"_acf_changed":false},"product_brand":[],"product_cat":[3085],"product_tag":[2278],"class_list":{"0":"post-85062","1":"product","2":"type-product","3":"status-publish","4":"has-post-thumbnail","6":"product_cat-vibationsdetektorer-glaskrossdetektorer","7":"product_tag-glaskross-aterstallningsenheter-analysator","8":"product_shipping_class-postnord-varubrev","9":"pa_brands-alarmtech","10":"pa_farg-vit","11":"tm-no-options","13":"first","14":"instock","15":"sale","16":"featured","17":"taxable","18":"shipping-taxable","19":"purchasable","20":"product-type-simple"},"acf":[],"_links":{"self":[{"href":"https:\/\/secureus.se\/fr\/wp-json\/wp\/v2\/product\/85062","targetHints":{"allow":["GET"]}}],"collection":[{"href":"https:\/\/secureus.se\/fr\/wp-json\/wp\/v2\/product"}],"about":[{"href":"https:\/\/secureus.se\/fr\/wp-json\/wp\/v2\/types\/product"}],"wp:featuredmedia":[{"embeddable":true,"href":"https:\/\/secureus.se\/fr\/wp-json\/wp\/v2\/media\/143294"}],"wp:attachment":[{"href":"https:\/\/secureus.se\/fr\/wp-json\/wp\/v2\/media?parent=85062"}],"wp:term":[{"taxonomy":"product_brand","embeddable":true,"href":"https:\/\/secureus.se\/fr\/wp-json\/wp\/v2\/product_brand?post=85062"},{"taxonomy":"product_cat","embeddable":true,"href":"https:\/\/secureus.se\/fr\/wp-json\/wp\/v2\/product_cat?post=85062"},{"taxonomy":"product_tag","embeddable":true,"href":"https:\/\/secureus.se\/fr\/wp-json\/wp\/v2\/product_tag?post=85062"}],"curies":[{"name":"wp","href":"https:\/\/api.w.org\/{rel}","templated":true}]}}