{"id":85232,"date":"2022-03-10T15:48:00","date_gmt":"2022-03-10T14:48:00","guid":{"rendered":"https:\/\/secureus.se\/produkt\/takfaste-ca-2c-multivinkel-alla-optex-utom-rx40\/"},"modified":"2025-12-31T19:49:12","modified_gmt":"2025-12-31T18:49:12","slug":"optex-ca-2c-takfaste-multivinkel","status":"publish","type":"product","link":"https:\/\/secureus.se\/fr\/optex-ca-2c-takfaste-multivinkel\/","title":{"rendered":"Support de plafond Optex CA-2C multi-angle (tous les Optex sauf RX40)"},"content":{"rendered":"<h3>Le support de plafond multi-angle Optex CA-2C est une solution robuste et flexible con\u00e7ue pour garantir une installation et un r\u00e9glage faciles des d\u00e9tecteurs Optex.<\/h3>\n<p>Ce support s&#039;adapte \u00e0 tous les mod\u00e8les Optex sauf le RX-40, et offre une solution efficace pour installer des d\u00e9tecteurs sur le toit pour une port\u00e9e de d\u00e9tection optimale.<\/p>\n<p>La conception r\u00e9glable du CA-2C permet d&#039;ajuster rapidement l&#039;angle d&#039;installation pour assurer la meilleure d\u00e9tection possible.<\/p>\n<p>Ce support de plafond constitue un excellent choix pour les propri\u00e9t\u00e9s commerciales et r\u00e9sidentielles et est souvent utilis\u00e9 dans les syst\u00e8mes de s\u00e9curit\u00e9 o\u00f9 il est important de maximiser la couverture et de minimiser les angles morts.<\/p>\n<p>Le grand avantage du CA-2C est sa flexibilit\u00e9. Il peut \u00eatre utilis\u00e9 dans une vari\u00e9t\u00e9 d&#039;environnements et garantit une installation s\u00fbre et stable.<\/p>\n<p>Le support est con\u00e7u pour \u00eatre facile \u00e0 installer, ce qui permet aux installateurs de monter et d&#039;ajuster rapidement le syst\u00e8me sans avoir \u00e0 d\u00e9monter l&#039;unit\u00e9.<\/p>\n<p>Cela r\u00e9duit le temps d\u2019installation et \u00e9conomise \u00e0 la fois les co\u00fbts et la main d\u2019\u0153uvre.<\/p>\n<p>Le support de plafond CA-2C est particuli\u00e8rement utile pour les installations o\u00f9 les d\u00e9tecteurs doivent \u00eatre mont\u00e9s au plafond pour fournir un angle de vision plus large, permettant de surveiller efficacement de plus grandes zones.<\/p>\n<p>l&#039;app\u00e2t s&#039;adapte \u00e0 tous les d\u00e9tecteurs Optex non RX-40 et peut \u00eatre utilis\u00e9 pour optimiser la d\u00e9tection dans les propri\u00e9t\u00e9s priv\u00e9es et commerciales.<\/p>\n<p>Non seulement ce support est facile \u00e0 installer, mais il est \u00e9galement dot\u00e9 d&#039;une construction durable con\u00e7ue pour durer des ann\u00e9es, ce qui en fait une solution de syst\u00e8me de s\u00e9curit\u00e9 \u00e0 long terme.<\/p>\n<p><strong>Sp\u00e9cifications techniques\u00a0:<\/strong><\/p>\n<ul>\n<li><strong>Compatibilit\u00e9:<\/strong> Convient \u00e0 tous les d\u00e9tecteurs Optex sauf RX-40.<\/li>\n<li><strong>Utiliser:<\/strong> Utilisation en int\u00e9rieur (recommand\u00e9e).<\/li>\n<li><strong>Installation:<\/strong> Facile \u00e0 installer, angle r\u00e9glable pour une d\u00e9tection optimale.<\/li>\n<li><strong>Mat\u00e9riel:<\/strong> Construction robuste et durable.<\/li>\n<li><strong>Avantages :<\/strong> Flexibilit\u00e9 dans les angles d\u2019installation pour garantir une meilleure couverture et d\u00e9tection.<\/li>\n<\/ul>","protected":false},"excerpt":{"rendered":"<p>Support de plafond Optex CA-2C multi-angle \u2013 Support de plafond flexible pour tous les d\u00e9tecteurs Optex (sauf RX-40).<\/p>\n<p>Facile \u00e0 installer et \u00e0 r\u00e9gler pour une plage de d\u00e9tection optimale. Parfait pour une utilisation en int\u00e9rieur.<\/p>","protected":false},"featured_media":145066,"template":"","meta":{"_acf_changed":false},"product_brand":[],"product_cat":[1325],"product_tag":[2145],"class_list":{"0":"post-85232","1":"product","2":"type-product","3":"status-publish","4":"has-post-thumbnail","6":"product_cat-larmgivare-skalskydd","7":"product_tag-rorelsedetektor-ir-detektorer","8":"product_shipping_class-tunga-paket","9":"pa_brands-optex","10":"tm-no-options","12":"first","13":"instock","14":"sale","15":"featured","16":"taxable","17":"shipping-taxable","18":"purchasable","19":"product-type-simple"},"acf":[],"_links":{"self":[{"href":"https:\/\/secureus.se\/fr\/wp-json\/wp\/v2\/product\/85232","targetHints":{"allow":["GET"]}}],"collection":[{"href":"https:\/\/secureus.se\/fr\/wp-json\/wp\/v2\/product"}],"about":[{"href":"https:\/\/secureus.se\/fr\/wp-json\/wp\/v2\/types\/product"}],"wp:featuredmedia":[{"embeddable":true,"href":"https:\/\/secureus.se\/fr\/wp-json\/wp\/v2\/media\/145066"}],"wp:attachment":[{"href":"https:\/\/secureus.se\/fr\/wp-json\/wp\/v2\/media?parent=85232"}],"wp:term":[{"taxonomy":"product_brand","embeddable":true,"href":"https:\/\/secureus.se\/fr\/wp-json\/wp\/v2\/product_brand?post=85232"},{"taxonomy":"product_cat","embeddable":true,"href":"https:\/\/secureus.se\/fr\/wp-json\/wp\/v2\/product_cat?post=85232"},{"taxonomy":"product_tag","embeddable":true,"href":"https:\/\/secureus.se\/fr\/wp-json\/wp\/v2\/product_tag?post=85232"}],"curies":[{"name":"wp","href":"https:\/\/api.w.org\/{rel}","templated":true}]}}