{"id":85236,"date":"2022-03-10T15:47:00","date_gmt":"2022-03-10T14:47:00","guid":{"rendered":"https:\/\/secureus.se\/produkt\/optex-kombi-vxi-dam-12x12-meter-utomhus-antimask\/"},"modified":"2026-03-19T11:42:11","modified_gmt":"2026-03-19T10:42:11","slug":"optex-kombi-vxi-dam-12x12-meter-utomhus-antimask","status":"publish","type":"product","link":"https:\/\/secureus.se\/fr\/optex-kombi-vxi-dam-12x12-meter-utomhus-antimask\/","title":{"rendered":"Optex \u2013 Combi VXI-DAM-X5 12\u00d712 m\u00e8tres Ext\u00e9rieur + Antimasque"},"content":{"rendered":"<h1><strong>D\u00e9tecteur IR ext\u00e9rieur Optex VXI-DAM 12\u00d712 m\u00e8tres avec antimasque<\/strong> est un d\u00e9tecteur de haute qualit\u00e9 con\u00e7u pour r\u00e9pondre aux plus grands d\u00e9fis de s\u00e9curit\u00e9 en environnement ext\u00e9rieur.<\/h1>\n<p>Il a une plage de d\u00e9tection de <strong>12\u00d712 m\u00e8tres<\/strong>, ce qui le rend id\u00e9al pour couvrir de grandes zones telles que des jardins, des parkings ou d&#039;autres espaces ext\u00e9rieurs n\u00e9cessitant une surveillance.<\/p>\n<p>Ce d\u00e9tecteur utilise la technologie infrarouge passif (PIR) et dispose d&#039;un <strong>masquage d&#039;une conception prot\u00e9g\u00e9e<\/strong>, ce qui signifie qu&#039;il peut emp\u00eacher des personnes non autoris\u00e9es de falsifier ou de couvrir l&#039;appareil pour \u00e9chapper \u00e0 la d\u00e9tection.<\/p>\n<p>Cela fait du VXI-DAM un excellent choix pour les installations o\u00f9 la s\u00e9curit\u00e9 est de la plus haute importance, comme aux fronti\u00e8res ou autour des b\u00e2timents sensibles.<\/p>\n<p><strong>Fonction anti-vers<\/strong>: L&#039;une des principales caract\u00e9ristiques du VXI-DAM est la fonction anti-masque int\u00e9gr\u00e9e, ce qui signifie qu&#039;il peut d\u00e9tecter et avertir des tentatives de brouillage du capteur.<\/p>\n<p>Ceci est particuli\u00e8rement important dans les environnements publics ou commerciaux o\u00f9 le sabotage peut pr\u00e9senter un risque de s\u00e9curit\u00e9 important.<\/p>\n<p><strong>Indice IP55<\/strong>: VXI-DAM en poss\u00e8de un <strong>Indice IP55<\/strong>, ce qui signifie qu&#039;il est bien prot\u00e9g\u00e9 contre la poussi\u00e8re et l&#039;eau.<\/p>\n<p>Cela le rend particuli\u00e8rement adapt\u00e9 \u00e0 une installation en ext\u00e9rieur, o\u00f9 il peut r\u00e9sister aux conditions m\u00e9t\u00e9orologiques telles que la pluie ou la poussi\u00e8re sans perdre son efficacit\u00e9.<\/p>\n<p><strong>Hauteur d&#039;installation r\u00e9glable<\/strong>: Il peut \u00eatre install\u00e9 entre <strong>0,8 et 1,2 m\u00e8tres<\/strong> depuis le sol, offrant ainsi la flexibilit\u00e9 de le placer dans des emplacements optimaux pour maximiser la couverture et la s\u00e9curit\u00e9.<\/p>\n<p><strong>Plage de temp\u00e9rature<\/strong>: VXI-DAM fonctionne efficacement \u00e0 des temp\u00e9ratures de <strong>-20\u00b0C \u00e0 +45\u00b0C<\/strong>, ce qui le rend parfait pour une utilisation dans les climats froids et chauds. Cela signifie qu\u2019il peut \u00eatre utilis\u00e9 dans toutes les zones g\u00e9ographiques, quelles que soient les conditions climatiques.<\/p>\n<p><strong>Installation simple<\/strong>: L&#039;installation est facile et peut \u00eatre effectu\u00e9e sur un certain nombre de surfaces diff\u00e9rentes, gr\u00e2ce au support mural inclus.<\/p>\n<p>Le d\u00e9tecteur peut \u00eatre mont\u00e9 sur des murs ou des poteaux et adapt\u00e9 pour couvrir des zones sp\u00e9cifiques. C&#039;est <strong>conception compacte<\/strong> avec les mesures <strong>200x90x110mm<\/strong> ce qui facilite son int\u00e9gration dans la plupart des syst\u00e8mes de s\u00e9curit\u00e9 sans \u00eatre intrusif.<\/p>\n<p>Ce d\u00e9tecteur est particuli\u00e8rement adapt\u00e9 aux applications de s\u00e9curit\u00e9 de plus grande envergure o\u00f9 une d\u00e9tection rapide et fiable est importante.<\/p>\n<p>Parce qu&#039;il est \u00e9quip\u00e9 de <strong>doubles capteurs PIR<\/strong> et avanc\u00e9 <strong>traitement du signal<\/strong> il offre une d\u00e9tection tr\u00e8s pr\u00e9cise avec un faible taux de fausses alarmes.<\/p>\n<p>Lorsque quelqu&#039;un passe dans la zone de d\u00e9tection du d\u00e9tecteur, celui-ci g\u00e9n\u00e8re un signal d&#039;alarme au syst\u00e8me connect\u00e9 et donne ainsi imm\u00e9diatement un avertissement.<\/p>\n<h3>Sp\u00e9cifications techniques\u00a0:<\/h3>\n<ul>\n<li><strong>Plage de d\u00e9tection\u00a0:<\/strong> 12\u00d712 m\u00e8tres<\/li>\n<li><strong>Masquage prot\u00e9g\u00e9\u00a0:<\/strong> Oui, protection contre les tentatives de blocage ou de recouvrement du capteur<\/li>\n<li><strong>Hauteur d&#039;installation :<\/strong> 0,8 \u2013 1,2 m\u00e8tres<\/li>\n<li><strong>tension:<\/strong> 9,5-18 VCC<\/li>\n<li><strong>Consommation d&#039;\u00e9nergie\u00a0:<\/strong> 20mA<\/li>\n<li><strong>Plage de temp\u00e9rature\u00a0:<\/strong> -20\u00b0C \u00e0 +45\u00b0C<\/li>\n<li><strong>Classe IP\u00a0:<\/strong> IP55 (\u00e9tanche et anti-poussi\u00e8re)<\/li>\n<li><strong>Mesure:<\/strong> 200 mm (hauteur), 90 mm (largeur), 110 mm (profondeur)<\/li>\n<li><strong>Poids:<\/strong> 180g<\/li>\n<li><strong>Pi\u00e8ce jointe:<\/strong> Montage mural ou sur poteau pour une installation facile<\/li>\n<li><strong>Attestation\u00a0:<\/strong> Approuv\u00e9 SBSC pour les applications de s\u00e9curit\u00e9 en classe d&#039;alarme 3<\/li>\n<\/ul>","protected":false},"excerpt":{"rendered":"<p>L&#039;Optex VXI-DAM est un d\u00e9tecteur IR avanc\u00e9 pour une utilisation en ext\u00e9rieur qui offre un rayon de d\u00e9tection de 12x12 m\u00e8tres.<\/p>\n<p>\u00c9quip\u00e9 d&#039;une fonction antibu\u00e9e et d&#039;un indice IP55, il offre des performances fiables dans des conditions m\u00e9t\u00e9orologiques difficiles.<\/p>\n<p>Il est id\u00e9al pour les syst\u00e8mes de s\u00e9curit\u00e9 o\u00f9 une fiabilit\u00e9 \u00e9lev\u00e9e et une protection contre le sabotage sont essentielles.<\/p>","protected":false},"featured_media":145179,"template":"","meta":{"_acf_changed":false},"product_brand":[],"product_cat":[1325,4756],"product_tag":[2147],"class_list":{"0":"post-85236","1":"product","2":"type-product","3":"status-publish","4":"has-post-thumbnail","6":"product_cat-larmgivare-skalskydd","7":"product_cat-utomhussakerhet-tradade-larmenheter","8":"product_tag-rorelsedetektor-utomhus","9":"product_shipping_class-postnord-varubrev","10":"pa_brands-optex","11":"tm-no-options","13":"first","14":"onbackorder","15":"sale","16":"featured","17":"taxable","18":"shipping-taxable","19":"purchasable","20":"product-type-simple"},"acf":[],"_links":{"self":[{"href":"https:\/\/secureus.se\/fr\/wp-json\/wp\/v2\/product\/85236","targetHints":{"allow":["GET"]}}],"collection":[{"href":"https:\/\/secureus.se\/fr\/wp-json\/wp\/v2\/product"}],"about":[{"href":"https:\/\/secureus.se\/fr\/wp-json\/wp\/v2\/types\/product"}],"wp:featuredmedia":[{"embeddable":true,"href":"https:\/\/secureus.se\/fr\/wp-json\/wp\/v2\/media\/145179"}],"wp:attachment":[{"href":"https:\/\/secureus.se\/fr\/wp-json\/wp\/v2\/media?parent=85236"}],"wp:term":[{"taxonomy":"product_brand","embeddable":true,"href":"https:\/\/secureus.se\/fr\/wp-json\/wp\/v2\/product_brand?post=85236"},{"taxonomy":"product_cat","embeddable":true,"href":"https:\/\/secureus.se\/fr\/wp-json\/wp\/v2\/product_cat?post=85236"},{"taxonomy":"product_tag","embeddable":true,"href":"https:\/\/secureus.se\/fr\/wp-json\/wp\/v2\/product_tag?post=85236"}],"curies":[{"name":"wp","href":"https:\/\/api.w.org\/{rel}","templated":true}]}}