{"id":85709,"date":"2023-09-14T16:30:27","date_gmt":"2023-09-14T14:30:27","guid":{"rendered":"https:\/\/secureus.se\/produkt\/nodoppnare-typ-fix-285-hogerhangd\/"},"modified":"2025-12-31T20:48:12","modified_gmt":"2025-12-31T19:48:12","slug":"nodoppnare-typ-fix-285-hogerhangd","status":"publish","type":"product","link":"https:\/\/secureus.se\/fr\/nodoppnare-typ-fix-285-hogerhangd\/","title":{"rendered":"Ouvre-porte de secours type Fix-285 Suspendu \u00e0 droite"},"content":{"rendered":"<p>L&#039;ouvre-porte d&#039;urgence est mont\u00e9 sur un spagnolet Fix 285 existant. Remarque : convient uniquement au Fix 285, pas au Fix 280. Lors de la commande, une porte \u00e0 charni\u00e8re \u00e0 droite ou \u00e0 gauche doit \u00eatre sp\u00e9cifi\u00e9e.<\/p>\n<p><strong>Compatible avec les types de verrous suivants\u00a0:<\/strong><\/p>\n<p>Fix 285 uniquement, sp\u00e9cifier une porte \u00e0 charni\u00e8re \u00e0 droite.<\/p>","protected":false},"excerpt":{"rendered":"<p>L&#039;ouvre-porte d&#039;urgence est mont\u00e9 sur un spagnolet Fix 285 existant. Remarque : convient uniquement au Fix 285, pas au Fix 280. Lors de la commande, une porte \u00e0 charni\u00e8re \u00e0 droite ou \u00e0 gauche doit \u00eatre sp\u00e9cifi\u00e9e. Compatible avec les types de verrous suivants\u00a0: uniquement<\/p>","protected":false},"featured_media":139808,"template":"","meta":{"_acf_changed":false},"product_brand":[],"product_cat":[1560,4182],"product_tag":[2352],"class_list":{"0":"post-85709","1":"product","2":"type-product","3":"status-publish","4":"has-post-thumbnail","6":"product_cat-branddorrstangning","7":"product_cat-nodoppnare","8":"product_tag-soderhamn","9":"product_shipping_class-tunga-paket","10":"pa_brands-soderhamn-innovation","11":"tm-no-options","13":"first","14":"instock","15":"sale","16":"featured","17":"taxable","18":"shipping-taxable","19":"purchasable","20":"product-type-simple"},"acf":[],"_links":{"self":[{"href":"https:\/\/secureus.se\/fr\/wp-json\/wp\/v2\/product\/85709","targetHints":{"allow":["GET"]}}],"collection":[{"href":"https:\/\/secureus.se\/fr\/wp-json\/wp\/v2\/product"}],"about":[{"href":"https:\/\/secureus.se\/fr\/wp-json\/wp\/v2\/types\/product"}],"wp:featuredmedia":[{"embeddable":true,"href":"https:\/\/secureus.se\/fr\/wp-json\/wp\/v2\/media\/139808"}],"wp:attachment":[{"href":"https:\/\/secureus.se\/fr\/wp-json\/wp\/v2\/media?parent=85709"}],"wp:term":[{"taxonomy":"product_brand","embeddable":true,"href":"https:\/\/secureus.se\/fr\/wp-json\/wp\/v2\/product_brand?post=85709"},{"taxonomy":"product_cat","embeddable":true,"href":"https:\/\/secureus.se\/fr\/wp-json\/wp\/v2\/product_cat?post=85709"},{"taxonomy":"product_tag","embeddable":true,"href":"https:\/\/secureus.se\/fr\/wp-json\/wp\/v2\/product_tag?post=85709"}],"curies":[{"name":"wp","href":"https:\/\/api.w.org\/{rel}","templated":true}]}}