{"id":85713,"date":"2023-09-14T16:09:41","date_gmt":"2023-09-14T14:09:41","guid":{"rendered":"https:\/\/secureus.se\/produkt\/nodoppnare-typ-t\/"},"modified":"2025-12-31T20:51:40","modified_gmt":"2025-12-31T19:51:40","slug":"nodoppnare-typ-t","status":"publish","type":"product","link":"https:\/\/secureus.se\/fr\/nodoppnare-typ-t\/","title":{"rendered":"Ouvre-porte d&#039;urgence Type T"},"content":{"rendered":"<p>L&#039;ouvre-porte d&#039;urgence de type T doit \u00eatre mont\u00e9 sur les serrures existantes o\u00f9 la pression est utilis\u00e9e pour ouvrir la porte. Par exemple, une porte interm\u00e9diaire entre 2 locaux d&#039;appareillage qui n&#039;a pas besoin d&#039;\u00eatre verrouill\u00e9e. L&#039;Assa 1498 est un exemple d&#039;une telle serrure. La r\u00e8gle est r\u00e9versible, il n&#039;est donc pas n\u00e9cessaire de sp\u00e9cifier les portes \u00e0 droite ou \u00e0 gauche lors de la commande. Il est test\u00e9 et approuv\u00e9 selon SS 3523:2022.<\/p>\n<p><strong>Compatible avec les types de verrous suivants\u00a0:<\/strong><\/p>\n<p>Assa 1498.<br \/>\nAbloy 4598.<br \/>\nTrio-Ving 5130.<br \/>\nAssa connecte 212.<\/p>","protected":false},"excerpt":{"rendered":"<p>L&#039;ouvre-porte d&#039;urgence de type T doit \u00eatre mont\u00e9 sur les serrures existantes o\u00f9 la pression est utilis\u00e9e pour ouvrir la porte. Par exemple, une porte interm\u00e9diaire entre 2 locaux d&#039;appareillage qui n&#039;a pas besoin d&#039;\u00eatre verrouill\u00e9e. Un exemple<\/p>","protected":false},"featured_media":140806,"template":"","meta":{"_acf_changed":false},"product_brand":[],"product_cat":[1560,4182],"product_tag":[2352],"class_list":{"0":"post-85713","1":"product","2":"type-product","3":"status-publish","4":"has-post-thumbnail","6":"product_cat-branddorrstangning","7":"product_cat-nodoppnare","8":"product_tag-soderhamn","9":"product_shipping_class-tunga-paket","10":"pa_brands-soderhamn-innovation","11":"tm-no-options","13":"first","14":"instock","15":"sale","16":"featured","17":"taxable","18":"shipping-taxable","19":"purchasable","20":"product-type-simple"},"acf":[],"_links":{"self":[{"href":"https:\/\/secureus.se\/fr\/wp-json\/wp\/v2\/product\/85713","targetHints":{"allow":["GET"]}}],"collection":[{"href":"https:\/\/secureus.se\/fr\/wp-json\/wp\/v2\/product"}],"about":[{"href":"https:\/\/secureus.se\/fr\/wp-json\/wp\/v2\/types\/product"}],"wp:featuredmedia":[{"embeddable":true,"href":"https:\/\/secureus.se\/fr\/wp-json\/wp\/v2\/media\/140806"}],"wp:attachment":[{"href":"https:\/\/secureus.se\/fr\/wp-json\/wp\/v2\/media?parent=85713"}],"wp:term":[{"taxonomy":"product_brand","embeddable":true,"href":"https:\/\/secureus.se\/fr\/wp-json\/wp\/v2\/product_brand?post=85713"},{"taxonomy":"product_cat","embeddable":true,"href":"https:\/\/secureus.se\/fr\/wp-json\/wp\/v2\/product_cat?post=85713"},{"taxonomy":"product_tag","embeddable":true,"href":"https:\/\/secureus.se\/fr\/wp-json\/wp\/v2\/product_tag?post=85713"}],"curies":[{"name":"wp","href":"https:\/\/api.w.org\/{rel}","templated":true}]}}