{"id":85734,"date":"2023-09-05T17:13:16","date_gmt":"2023-09-05T15:13:16","guid":{"rendered":"https:\/\/secureus.se\/produkt\/rokdetektor-2351e\/"},"modified":"2026-04-01T14:40:40","modified_gmt":"2026-04-01T12:40:40","slug":"rokdetektor-2351e","status":"publish","type":"product","link":"https:\/\/secureus.se\/fr\/rokdetektor-2351e\/","title":{"rendered":"D\u00e9tecteur de fum\u00e9e 2351E \u2013 Capteur syst\u00e8me"},"content":{"rendered":"<p>Le d\u00e9tecteur de fum\u00e9e 2351E fait partie des d\u00e9tecteurs de fum\u00e9e conventionnels de la s\u00e9rie 300 qui utilisent les derni\u00e8res technologies pour offrir une technologie de protection incendie fiable et efficace. Dot\u00e9 de fonctionnalit\u00e9s avanc\u00e9es telles que la compensation automatique de d\u00e9rive et la sensibilit\u00e9 r\u00e9glable, le 2351E est con\u00e7u pour minimiser les fausses alarmes et prolonger les intervalles d&#039;entretien. Il a une faible consommation d&#039;\u00e9nergie et est compatible avec les installations de base de la s\u00e9rie 100, ce qui facilite la mise \u00e0 niveau et la maintenance des syst\u00e8mes existants.<\/p>\n<p>Avec sa LED bicolore double face, il indique l&#039;\u00e9tat du d\u00e9tecteur \u2013 vert pour un fonctionnement normal et rouge en cas d&#039;alarme. Il peut \u00eatre utilis\u00e9 avec diff\u00e9rentes bases pour offrir une flexibilit\u00e9 d&#039;application et est id\u00e9al pour les endroits o\u00f9 la s\u00e9curit\u00e9 et la fiabilit\u00e9 sont essentielles.<\/p>\n<p><strong>Caract\u00e9ristiques:<\/strong><\/p>\n<ul>\n<li>Conception \u00e0 profil bas<\/li>\n<li>Consommation de courant : 120 \u00b5A (50 mA en cas d&#039;alarme)<\/li>\n<li>Zone de couverture : 102 x 32,5 mm<\/li>\n<li>Plage de temp\u00e9rature : -30\u00b0C \u00e0 +70\u00b0C<\/li>\n<li>Compatible avec les installations de base de la s\u00e9rie 100<\/li>\n<li>Certifi\u00e9 selon EN54-7<\/li>\n<\/ul>\n<p><strong>Mod\u00e8les de base compatibles\u00a0:<\/strong><\/p>\n<ul>\n<li>Socle standard B401<\/li>\n<li>Socle de r\u00e9sistance B401R<\/li>\n<li>B401DG basses profondes<\/li>\n<\/ul>\n<p>Ce d\u00e9tecteur de fum\u00e9e convient aussi bien aux nouvelles installations qu&#039;aux mises \u00e0 niveau de syst\u00e8mes existants et est con\u00e7u pour r\u00e9pondre aux exigences du SBF110.<\/p>","protected":false},"excerpt":{"rendered":"<p>Le d\u00e9tecteur de fum\u00e9e 2351E est un d\u00e9tecteur de fum\u00e9e optique conventionnel au design moderne, id\u00e9al pour une installation dans des environnements commerciaux et industriels. Il offre une grande fiabilit\u00e9 et est \u00e9quip\u00e9 de LED double face pour une indication claire de l&#039;\u00e9tat. R\u00e9pond aux exigences du SBF110 et est certifi\u00e9 CPD selon EN54-7.<\/p>","protected":false},"featured_media":140510,"template":"","meta":{"_acf_changed":false},"product_brand":[],"product_cat":[4754,3373],"product_tag":[2959],"class_list":{"0":"post-85734","1":"product","2":"type-product","3":"status-publish","4":"has-post-thumbnail","6":"product_cat-system-sensor-300-serien","7":"product_cat-rokdetektorer","8":"product_tag-certifierad-en54","9":"product_shipping_class-postnord-varubrev","10":"pa_brands-system-sensor","11":"tm-no-options","13":"first","14":"instock","15":"sale","16":"featured","17":"taxable","18":"shipping-taxable","19":"purchasable","20":"product-type-simple"},"acf":[],"_links":{"self":[{"href":"https:\/\/secureus.se\/fr\/wp-json\/wp\/v2\/product\/85734","targetHints":{"allow":["GET"]}}],"collection":[{"href":"https:\/\/secureus.se\/fr\/wp-json\/wp\/v2\/product"}],"about":[{"href":"https:\/\/secureus.se\/fr\/wp-json\/wp\/v2\/types\/product"}],"wp:featuredmedia":[{"embeddable":true,"href":"https:\/\/secureus.se\/fr\/wp-json\/wp\/v2\/media\/140510"}],"wp:attachment":[{"href":"https:\/\/secureus.se\/fr\/wp-json\/wp\/v2\/media?parent=85734"}],"wp:term":[{"taxonomy":"product_brand","embeddable":true,"href":"https:\/\/secureus.se\/fr\/wp-json\/wp\/v2\/product_brand?post=85734"},{"taxonomy":"product_cat","embeddable":true,"href":"https:\/\/secureus.se\/fr\/wp-json\/wp\/v2\/product_cat?post=85734"},{"taxonomy":"product_tag","embeddable":true,"href":"https:\/\/secureus.se\/fr\/wp-json\/wp\/v2\/product_tag?post=85734"}],"curies":[{"name":"wp","href":"https:\/\/api.w.org\/{rel}","templated":true}]}}