{"id":85740,"date":"2023-09-05T15:56:01","date_gmt":"2023-09-05T13:56:01","guid":{"rendered":"https:\/\/secureus.se\/produkt\/detektorsockel-b401dgr470-2\/"},"modified":"2026-04-01T13:45:34","modified_gmt":"2026-04-01T11:45:34","slug":"detektorsockel-b401dgr470-2","status":"publish","type":"product","link":"https:\/\/secureus.se\/fr\/detektorsockel-b401dgr470-2\/","title":{"rendered":"PRISE DETECTEUR B401DGR470"},"content":{"rendered":"<p>Base de d\u00e9tecteur extra profonde avec un meilleur espace de connexion de c\u00e2blage pour les d\u00e9tecteurs System Sensor s\u00e9rie 300.<\/p>\n<p>Sortie pour indication externe.<\/p>\n<p>R\u00e9sistance int\u00e9gr\u00e9e de 470 Ohm.<\/p>\n<p><span class=\"produkt-egenskap\"><span class=\"label\">M\u00e9thode de montage : <\/span><span class=\"value\">Montage en saillie<\/span><\/span><\/p>\n<p><span class=\"produkt-egenskap\"><span class=\"label\">Peinture: <\/span><span class=\"value\">Blanc<\/span><\/span><\/p>\n<p><span class=\"produkt-egenskap\"><span class=\"label\">Hauteur: <\/span><span class=\"value\">19 millim\u00e8tres<\/span><\/span><\/p>\n<p><span class=\"produkt-egenskap\"><span class=\"label\">Diam\u00e8tre: <\/span><span class=\"value\">102 millim\u00e8tres<\/span><\/span><\/p>\n<p>&nbsp;<\/p>","protected":false},"excerpt":{"rendered":"<p>Base de d\u00e9tecteur extra profonde avec un meilleur espace de connexion de c\u00e2blage pour les d\u00e9tecteurs System Sensor s\u00e9rie 300. Sortie pour indication externe. R\u00e9sistance int\u00e9gr\u00e9e de 470 Ohm. M\u00e9thode de montage : Montage en surface Couleur : Blanc Hauteur : 19 mm<\/p>","protected":false},"featured_media":140538,"template":"","meta":{"_acf_changed":false},"product_brand":[],"product_cat":[4754],"product_tag":[],"class_list":{"0":"post-85740","1":"product","2":"type-product","3":"status-publish","4":"has-post-thumbnail","6":"product_cat-system-sensor-300-serien","7":"product_shipping_class-postnord-varubrev","8":"pa_brands-system-sensor","9":"tm-no-options","11":"first","12":"instock","13":"sale","14":"featured","15":"taxable","16":"shipping-taxable","17":"purchasable","18":"product-type-simple"},"acf":[],"_links":{"self":[{"href":"https:\/\/secureus.se\/fr\/wp-json\/wp\/v2\/product\/85740","targetHints":{"allow":["GET"]}}],"collection":[{"href":"https:\/\/secureus.se\/fr\/wp-json\/wp\/v2\/product"}],"about":[{"href":"https:\/\/secureus.se\/fr\/wp-json\/wp\/v2\/types\/product"}],"wp:featuredmedia":[{"embeddable":true,"href":"https:\/\/secureus.se\/fr\/wp-json\/wp\/v2\/media\/140538"}],"wp:attachment":[{"href":"https:\/\/secureus.se\/fr\/wp-json\/wp\/v2\/media?parent=85740"}],"wp:term":[{"taxonomy":"product_brand","embeddable":true,"href":"https:\/\/secureus.se\/fr\/wp-json\/wp\/v2\/product_brand?post=85740"},{"taxonomy":"product_cat","embeddable":true,"href":"https:\/\/secureus.se\/fr\/wp-json\/wp\/v2\/product_cat?post=85740"},{"taxonomy":"product_tag","embeddable":true,"href":"https:\/\/secureus.se\/fr\/wp-json\/wp\/v2\/product_tag?post=85740"}],"curies":[{"name":"wp","href":"https:\/\/api.w.org\/{rel}","templated":true}]}}