{"id":85900,"date":"2023-02-22T11:42:57","date_gmt":"2023-02-22T10:42:57","guid":{"rendered":"https:\/\/secureus.se\/produkt\/apollo-xp95-optisk-detektor\/"},"modified":"2026-04-14T20:39:34","modified_gmt":"2026-04-14T18:39:34","slug":"apollo-xp95-optisk-detektor","status":"publish","type":"product","link":"https:\/\/secureus.se\/fr\/apollo-xp95-optisk-detektor\/","title":{"rendered":"D\u00e9tecteur de fum\u00e9e Apollo XP95 Optique 55000-620APO"},"content":{"rendered":"<h1>D\u00e9tecteur de fum\u00e9e Apollo XP95 Optique<\/h1>\n<p>Le d\u00e9tecteur de fum\u00e9e optique Apollo XP95 utilise la diffusion de la lumi\u00e8re pour d\u00e9tecter la fum\u00e9e dans les environnements inflammables.<\/p>\n<p>Il est \u00e9quip\u00e9 d&#039;une LED infrarouge puls\u00e9e interne et d&#039;une photodiode positionn\u00e9e \u00e0 un angle pour capter la lumi\u00e8re diffus\u00e9e.<\/p>\n<p>Dans des conditions normales sans fum\u00e9e, la photodiode ne re\u00e7oit aucune lumi\u00e8re de la LED et envoie un signal analogique correspondant.<\/p>\n<p>Lorsque la fum\u00e9e p\u00e9n\u00e8tre dans la chambre du d\u00e9tecteur, la lumi\u00e8re est diffus\u00e9e et la photodiode l&#039;enregistre, ce qui augmente le signal et active l&#039;alarme.<\/p>\n<p class=\"\" data-start=\"847\" data-end=\"1195\">Le d\u00e9tecteur dispose d&#039;un indicateur LED rouge clair qui s&#039;allume lorsqu&#039;il est en \u00e9tat d&#039;alarme.<\/p>\n<p class=\"\" data-start=\"847\" data-end=\"1195\">Il est con\u00e7u pour fournir une d\u00e9tection d&#039;incendie fiable dans des zones \u00e0 temp\u00e9ratures variables, de -20\u00b0C \u00e0 +60\u00b0C, et est particuli\u00e8rement adapt\u00e9 aux voies d&#039;\u00e9vacuation.<\/p>\n<p class=\"\" data-start=\"847\" data-end=\"1195\">Il est insensible au vent et aux changements de pression atmosph\u00e9rique, ce qui le rend stable dans diverses conditions.<\/p>\n<p class=\"\" data-start=\"1197\" data-end=\"1372\">Avec une longue garantie de 10 ans, ce d\u00e9tecteur est une solution fiable pour la surveillance d&#039;incendie dans des b\u00e2timents tels que des h\u00f4tels, des bureaux, des restaurants et d&#039;autres b\u00e2timents de taille moyenne \u00e0 grande.<\/p>","protected":false},"excerpt":{"rendered":"<p>Le d\u00e9tecteur de fum\u00e9e optique Apollo XP95 utilise la diffusion de la lumi\u00e8re d&#039;une LED infrarouge pour d\u00e9tecter rapidement et efficacement les incendies \u00e0 combustion lente et couvants.<\/p>\n<p>Il dispose d&#039;un indicateur LED qui s&#039;allume en rouge en cas d&#039;alarme.<\/p>","protected":false},"featured_media":141561,"template":"","meta":{"_acf_changed":false},"product_brand":[],"product_cat":[4751],"product_tag":[2704],"class_list":{"0":"post-85900","1":"product","2":"type-product","3":"status-publish","4":"has-post-thumbnail","6":"product_cat-xp95-serien","7":"product_tag-utvalda-produkter-fran-apollo","8":"product_shipping_class-postnord-varubrev","9":"pa_brands-apollo-fire-detectors","10":"tm-no-options","12":"first","13":"instock","14":"sale","15":"featured","16":"taxable","17":"shipping-taxable","18":"purchasable","19":"product-type-simple"},"acf":[],"_links":{"self":[{"href":"https:\/\/secureus.se\/fr\/wp-json\/wp\/v2\/product\/85900","targetHints":{"allow":["GET"]}}],"collection":[{"href":"https:\/\/secureus.se\/fr\/wp-json\/wp\/v2\/product"}],"about":[{"href":"https:\/\/secureus.se\/fr\/wp-json\/wp\/v2\/types\/product"}],"wp:featuredmedia":[{"embeddable":true,"href":"https:\/\/secureus.se\/fr\/wp-json\/wp\/v2\/media\/141561"}],"wp:attachment":[{"href":"https:\/\/secureus.se\/fr\/wp-json\/wp\/v2\/media?parent=85900"}],"wp:term":[{"taxonomy":"product_brand","embeddable":true,"href":"https:\/\/secureus.se\/fr\/wp-json\/wp\/v2\/product_brand?post=85900"},{"taxonomy":"product_cat","embeddable":true,"href":"https:\/\/secureus.se\/fr\/wp-json\/wp\/v2\/product_cat?post=85900"},{"taxonomy":"product_tag","embeddable":true,"href":"https:\/\/secureus.se\/fr\/wp-json\/wp\/v2\/product_tag?post=85900"}],"curies":[{"name":"wp","href":"https:\/\/api.w.org\/{rel}","templated":true}]}}