{"id":86497,"date":"2023-09-27T18:04:24","date_gmt":"2023-09-27T16:04:24","guid":{"rendered":"https:\/\/secureus.se\/produkt\/motorlas-810s-50-z-sats\/"},"modified":"2025-10-21T11:57:27","modified_gmt":"2025-10-21T09:57:27","slug":"motorlas-810s-50-z-sats","status":"publish","type":"product","link":"https:\/\/secureus.se\/fr\/motorlas-810s-50-z-sats\/","title":{"rendered":"Serrure moteur 810S-50 Z Set"},"content":{"rendered":"<p><b>Description:<br \/>\n<\/b><br \/>\nASSA ABLOY Evolution 810S-50 est une serrure motoris\u00e9e adapt\u00e9e aux portes avec \u00e9videment modulaire d&#039;Assa. Convient comme verrouillage de nuit et de s\u00e9curit\u00e9 pour les portes ayant des exigences de s\u00e9curit\u00e9 \u00e9lev\u00e9es dans le commerce, les bureaux et l&#039;industrie.<\/p>\n<div>\n<p><b>Accessoires inclus dans le kit :<\/b><\/p>\n<div>Serrure moteur 810S-50, unit\u00e9 de commande, plaque d&#039;extr\u00e9mit\u00e9 1487-2, c\u00e2ble de connexion (6 m), transfert de c\u00e2ble EA281.<\/div>\n<p><b>Propri\u00e9t\u00e9s:\u00a0<\/b><\/p>\n<ul>\n<li>Vitesse d&#039;ouverture inf\u00e9rieure \u00e0 1\/3 seconde.<\/li>\n<li>R\u00e9pond aux exigences correspondant \u00e0 la classe de verrouillage SS 3079 3<\/li>\n<li>La serrure peut toujours \u00eatre actionn\u00e9e avec un cylindre\/bouton.<\/li>\n<li>Capteur de position de porte int\u00e9gr\u00e9 (aimant), qui peut \u00eatre compl\u00e9t\u00e9 ou remplac\u00e9 par un aimant externe.<\/li>\n<li>Temps de maintien 4 \u00e0 64 secondes.<\/li>\n<\/ul>\n<p>&nbsp;<\/p>\n<div><b>\u00a0<\/b><\/div>\n<p>Fonction:<\/p>\n<ul>\n<li>La r\u00e8gle \u00e0 crochet est aliment\u00e9e par le moteur int\u00e9gr\u00e9.<\/li>\n<li>Le 810S-50 avec perte de charge est homologu\u00e9 pour un montage dans l&#039;enceinte d&#039;une cellule coupe-feu (TG 0456\/01).<\/li>\n<li>La serrure peut \u00eatre contr\u00f4l\u00e9e par la plupart des syst\u00e8mes de contr\u00f4le du march\u00e9, tels que les syst\u00e8mes d&#039;acc\u00e8s, les serrures \u00e0 code et les minuteries.<\/li>\n<li>Chaque serrure moteur n\u00e9cessite une unit\u00e9 de commande (DAC430) qui g\u00e8re la communication entre la serrure moteur et le monde ext\u00e9rieur. (inclus dans le pack.)<\/li>\n<\/ul>\n<p>&nbsp;<\/p>\n<div><b>\u00a0<\/b><\/div>\n<p>La centrale DAC430 :<\/p>\n<div>\n<ul>\n<li>Communique avec le verrou moteur via un bus de donn\u00e9es crypt\u00e9.<\/li>\n<li>N\u00e9cessite des signaux de commande du syst\u00e8me parent pour actionner le verrouillage du moteur.<\/li>\n<li>Fournit des indications au syst\u00e8me sup\u00e9rieur qui indiquent l&#039;\u00e9tat de la serrure et de la porte.<\/li>\n<li>Contr\u00f4le \u00e9galement les verrous de jour suppl\u00e9mentaires afin de former une combinaison jour\/nuit compl\u00e8te.<\/li>\n<li>Active la sortie d&#039;alarme en cas de dysfonctionnement.<\/li>\n<li>Se connecte \u00e0 l&#039;alimentation en tension.<\/li>\n<li>Doit \u00eatre install\u00e9 \u00e0 l\u2019int\u00e9rieur du c\u00f4t\u00e9 prot\u00e9g\u00e9 de la porte \u00e0 moins de 50 m de la serrure motoris\u00e9e.<\/li>\n<\/ul>\n<p><b>Donn\u00e9es techniques :\u00a0<\/b><\/p>\n<ul>\n<li>24 V +\/- 15% CA\/CC. Alt 12 V DC stabilis\u00e9.<\/li>\n<li>Consommation de courant \u00e0 24 V DC, au repos 150 mA, fonctionnement max 700 mA (0,1 S).<\/li>\n<li>Charge du relais max 1 A.<\/li>\n<li>La distance maximale entre l&#039;aimant du bo\u00eetier de serrure et la plaque d&#039;extr\u00e9mit\u00e9 magn\u00e9tique est de 6 mm.<\/li>\n<li>La distance maximale entre le bo\u00eetier de verrouillage et l&#039;unit\u00e9 de commande est de 50 m.<\/li>\n<\/ul>\n<\/div>\n<\/div>","protected":false},"excerpt":{"rendered":"<p>Description : ASSA ABLOY Evolution 810S-50 est une serrure motoris\u00e9e adapt\u00e9e aux portes avec \u00e9videment modulaire d&#039;Assa. Convient comme verrouillage de nuit et de s\u00e9curit\u00e9 pour les portes ayant des exigences de s\u00e9curit\u00e9 \u00e9lev\u00e9es dans le commerce, les bureaux et l&#039;industrie.<\/p>","protected":false},"featured_media":139343,"template":"","meta":{"_acf_changed":false},"product_brand":[],"product_cat":[2874],"product_tag":[4187,4543,4540,4553,4544,4542,4863,4550],"class_list":{"0":"post-86497","1":"product","2":"type-product","3":"status-publish","4":"has-post-thumbnail","6":"product_cat-motorlas","7":"product_tag-dorndjup-50mm","8":"product_tag-komplett-sats-ja","9":"product_tag-krypterad-kommunikation-ja","10":"product_tag-modul","11":"product_tag-nodutrymning-nej","12":"product_tag-panikutrymning-nej","13":"product_tag-pf","14":"product_tag-spanning-ac-dc","15":"product_shipping_class-tunga-paket","16":"pa_brands-abloy","17":"tm-no-options","19":"first","20":"instock","21":"sale","22":"taxable","23":"shipping-taxable","24":"purchasable","25":"product-type-simple"},"acf":[],"_links":{"self":[{"href":"https:\/\/secureus.se\/fr\/wp-json\/wp\/v2\/product\/86497","targetHints":{"allow":["GET"]}}],"collection":[{"href":"https:\/\/secureus.se\/fr\/wp-json\/wp\/v2\/product"}],"about":[{"href":"https:\/\/secureus.se\/fr\/wp-json\/wp\/v2\/types\/product"}],"wp:featuredmedia":[{"embeddable":true,"href":"https:\/\/secureus.se\/fr\/wp-json\/wp\/v2\/media\/139343"}],"wp:attachment":[{"href":"https:\/\/secureus.se\/fr\/wp-json\/wp\/v2\/media?parent=86497"}],"wp:term":[{"taxonomy":"product_brand","embeddable":true,"href":"https:\/\/secureus.se\/fr\/wp-json\/wp\/v2\/product_brand?post=86497"},{"taxonomy":"product_cat","embeddable":true,"href":"https:\/\/secureus.se\/fr\/wp-json\/wp\/v2\/product_cat?post=86497"},{"taxonomy":"product_tag","embeddable":true,"href":"https:\/\/secureus.se\/fr\/wp-json\/wp\/v2\/product_tag?post=86497"}],"curies":[{"name":"wp","href":"https:\/\/api.w.org\/{rel}","templated":true}]}}