{"id":86512,"date":"2023-09-27T18:04:04","date_gmt":"2023-09-27T16:04:04","guid":{"rendered":"https:\/\/secureus.se\/produkt\/motorlas-841c-35-hi-o-sats\/"},"modified":"2025-10-21T11:57:47","modified_gmt":"2025-10-21T09:57:47","slug":"motorlas-841c-35-hi-o-sats","status":"publish","type":"product","link":"https:\/\/secureus.se\/fr\/motorlas-841c-35-hi-o-sats\/","title":{"rendered":"Serrure moteur 841C-35 Kit Hi-O"},"content":{"rendered":"<p>La serrure motoris\u00e9e ASSA 841C-35 est adapt\u00e9e aux portes avec \u00e9videments modulaires assa. Il convient parfaitement comme verrouillage de nuit et de s\u00e9curit\u00e9 pour les portes ayant des exigences de s\u00e9curit\u00e9 \u00e9lev\u00e9es dans le commerce, les bureaux et l&#039;industrie. Les portes \u00e0 fermeture diurne ou \u00e0 haute fr\u00e9quence doivent \u00eatre compl\u00e9t\u00e9es par une serrure diurne, par ex. ex. serrure \u00e9lectrique ou plaque d&#039;extr\u00e9mit\u00e9 \u00e9lectrique. Le 841C est une unit\u00e9 Hi-O qui se connecte \u00e0 un DAC564 ou DAC630. Hi-O signifie que les appareils disposent d&#039;un micro-ordinateur int\u00e9gr\u00e9 et communiquent entre eux pour une installation plug-and-play, la synchronisation du fonctionnement des portes, la surveillance des comportements et l&#039;envoi d&#039;informations de diagnostic. Accessoires de v\u00e9rin adapt\u00e9s Accessoires de s\u00e9curit\u00e9 ASSA 4559 SCD Classic, ainsi qu&#039;un v\u00e9rin rotatif \u00e0 ressort si n\u00e9cessaire.<\/p>\n<p><b>Accessoires inclus dans le kit :<\/b><\/p>\n<div>Serrure moteur 841C-35, Unit\u00e9 de commande DAC630 Hi-O, Carte relais 400RC64, Plaque d&#039;extr\u00e9mit\u00e9 1487-8, C\u00e2ble de connexion EA226 (10m), C\u00e2ble de transfert EA281.<\/div>\n<div>\n<div><\/div>\n<div>\n<p><b>Propri\u00e9t\u00e9s:\u00a0\u00a0<\/b><\/p>\n<ul>\n<li>Profondeur du mandrin 35 mm.<\/li>\n<li>Vitesse d&#039;ouverture inf\u00e9rieure \u00e0 1\/3 seconde.<\/li>\n<li>La serrure peut toujours \u00eatre ouverte avec une cl\u00e9\/un bouton.<\/li>\n<li>Capteur de position de porte int\u00e9gr\u00e9 (aimant dans la plaque d&#039;extr\u00e9mit\u00e9).<\/li>\n<li>Peut \u00eatre combin\u00e9 avec d&#039;autres unit\u00e9s Hi-O sans unit\u00e9 de commande, par ex. ex. serrure journali\u00e8re, automatisme de porte et lecteur de carte<\/li>\n<li>Temp\u00e9rature de verrouillage du moteur \u2013 20 \u00b0C \u2013 + 70 \u00b0C<\/li>\n<li>L&#039;unit\u00e9 de commande adapt\u00e9e r\u00e9siste \u00e0 des temp\u00e9ratures de +5 \u00b0C \u00e0 +40 \u00b0C, 20 \u00e0 90 humidit\u00e9 relative %, sans condensation<\/li>\n<li>Avec c\u00e2ble de connexion EA226 10 m\u00e8tres<\/li>\n<\/ul>\n<p><b>Centrale DAC630 Hi-O + Carte relais 400RC64 :<\/b><\/p>\n<ul>\n<li>Fonctionne comme une interface avec le monde ext\u00e9rieur, vers le bus Hi-O de surface du syst\u00e8me, par ex. syst\u00e8mes d&#039;acc\u00e8s ou d&#039;alarme<\/li>\n<li>Communique avec le verrou moteur via le bus Hi-O<\/li>\n<li>Fournit des indications au syst\u00e8me parent pour actionner le verrouillage du moteur<\/li>\n<li>Active la sortie d&#039;alarme en cas de dysfonctionnement<\/li>\n<li>Se connecte \u00e0 l&#039;alimentation en tension<\/li>\n<li>Permet de compl\u00e9ter avec un capteur de position de porte externe (contact magn\u00e9tique)<\/li>\n<li>Contr\u00f4le \u00e9galement les verrous de jour suppl\u00e9mentaires (non Hi-O), de sorte qu&#039;une combinaison jour\/nuit compl\u00e8te soit form\u00e9e<\/li>\n<\/ul>\n<p><b>Donn\u00e9es techniques :\u00a0<\/b><\/p>\n<ul>\n<li>Tension de fonctionnement\u00a0: 12-24\u00a0VDC stab -5%+15%<\/li>\n<li>Consommation de courant : Repos 50 mA Max 445 mA \u00e0 24 VDC<\/li>\n<li>Certifi\u00e9 selon EN14846<\/li>\n<\/ul>\n<\/div>\n<\/div>","protected":false},"excerpt":{"rendered":"<p>La serrure motoris\u00e9e ASSA 841C-35 est adapt\u00e9e aux portes avec \u00e9videments modulaires assa. Il convient parfaitement comme verrouillage de nuit et de s\u00e9curit\u00e9 pour les portes ayant des exigences de s\u00e9curit\u00e9 \u00e9lev\u00e9es dans le commerce, les bureaux et l&#039;industrie. Verrouillage de jour ou haute fr\u00e9quence<\/p>","protected":false},"featured_media":139250,"template":"","meta":{"_acf_changed":false},"product_brand":[],"product_cat":[2874],"product_tag":[4547,4543,4540,4541,4542,4863,4554,4550],"class_list":{"0":"post-86512","1":"product","2":"type-product","3":"status-publish","4":"has-post-thumbnail","6":"product_cat-motorlas","7":"product_tag-dorndjup-35mm","8":"product_tag-komplett-sats-ja","9":"product_tag-krypterad-kommunikation-ja","10":"product_tag-nodutrymning-ja","11":"product_tag-panikutrymning-nej","12":"product_tag-pf","13":"product_tag-smalprofil","14":"product_tag-spanning-ac-dc","15":"product_shipping_class-tunga-paket","16":"pa_brands-abloy","17":"tm-no-options","19":"first","20":"instock","21":"sale","22":"taxable","23":"shipping-taxable","24":"purchasable","25":"product-type-simple"},"acf":[],"_links":{"self":[{"href":"https:\/\/secureus.se\/fr\/wp-json\/wp\/v2\/product\/86512","targetHints":{"allow":["GET"]}}],"collection":[{"href":"https:\/\/secureus.se\/fr\/wp-json\/wp\/v2\/product"}],"about":[{"href":"https:\/\/secureus.se\/fr\/wp-json\/wp\/v2\/types\/product"}],"wp:featuredmedia":[{"embeddable":true,"href":"https:\/\/secureus.se\/fr\/wp-json\/wp\/v2\/media\/139250"}],"wp:attachment":[{"href":"https:\/\/secureus.se\/fr\/wp-json\/wp\/v2\/media?parent=86512"}],"wp:term":[{"taxonomy":"product_brand","embeddable":true,"href":"https:\/\/secureus.se\/fr\/wp-json\/wp\/v2\/product_brand?post=86512"},{"taxonomy":"product_cat","embeddable":true,"href":"https:\/\/secureus.se\/fr\/wp-json\/wp\/v2\/product_cat?post=86512"},{"taxonomy":"product_tag","embeddable":true,"href":"https:\/\/secureus.se\/fr\/wp-json\/wp\/v2\/product_tag?post=86512"}],"curies":[{"name":"wp","href":"https:\/\/api.w.org\/{rel}","templated":true}]}}