{"id":86558,"date":"2023-09-27T18:01:31","date_gmt":"2023-09-27T16:01:31","guid":{"rendered":"https:\/\/secureus.se\/produkt\/motorlas-841c-35-hi-o-halvsats\/"},"modified":"2025-10-21T11:58:48","modified_gmt":"2025-10-21T09:58:48","slug":"motorlas-841c-35-hi-o-halvsats","status":"publish","type":"product","link":"https:\/\/secureus.se\/fr\/motorlas-841c-35-hi-o-halvsats\/","title":{"rendered":"Kit de verrouillage moteur 841C-35 Hi-O Half"},"content":{"rendered":"<p><b>Description:<br \/>\n<\/b><br \/>\nLa serrure motoris\u00e9e ASSA ABLOY 841C-35 est adapt\u00e9e aux portes avec \u00e9videments modulaires ASSA ABLOY. Il convient parfaitement comme verrouillage de nuit et de s\u00e9curit\u00e9 pour les portes ayant des exigences de s\u00e9curit\u00e9 \u00e9lev\u00e9es dans le commerce, les bureaux et l&#039;industrie. Les portes \u00e0 fermeture diurne ou \u00e0 haute fr\u00e9quence doivent \u00eatre compl\u00e9t\u00e9es par une serrure diurne, par ex. ex. serrure \u00e9lectrique ou plaque d&#039;extr\u00e9mit\u00e9 \u00e9lectrique. Motor Lock 841C est une unit\u00e9 Hi-O qui se connecte \u00e0 un DAC630 ou DAC530. Hi-O signifie que les appareils disposent d&#039;un micro-ordinateur int\u00e9gr\u00e9 et communiquent entre eux pour une installation plug-and-play, la synchronisation du fonctionnement des portes, la surveillance des comportements et l&#039;envoi d&#039;informations de diagnostic. Accessoires de v\u00e9rin adapt\u00e9s Accessoires de s\u00e9curit\u00e9 ASSA 4559 SCD Classic, ainsi qu&#039;un v\u00e9rin rotatif \u00e0 ressort si n\u00e9cessaire.<\/p>\n<div><\/div>\n<div><b>Propri\u00e9t\u00e9s:<\/b><\/div>\n<div>\n<ul>\n<li>Profondeur du mandrin 35 mm.<\/li>\n<li>Certifi\u00e9 selon SSF3522-1093, classe 4<\/li>\n<li>Vitesse d&#039;ouverture inf\u00e9rieure \u00e0 1\/3 seconde.<\/li>\n<li>La serrure peut toujours \u00eatre ouverte avec une cl\u00e9\/un bouton.<\/li>\n<li>Capteur de position de porte int\u00e9gr\u00e9 (aimant dans la plaque d&#039;extr\u00e9mit\u00e9).<\/li>\n<li>Peut \u00eatre combin\u00e9 avec d&#039;autres unit\u00e9s Hi-O sans unit\u00e9 de commande, par ex. ex. serrure journali\u00e8re, automatisme de porte et lecteur de carte<\/li>\n<li>Temp\u00e9rature de verrouillage du moteur \u2013 20 \u00b0C \u2013 + 70 \u00b0C<\/li>\n<li>L&#039;unit\u00e9 de commande adapt\u00e9e r\u00e9siste \u00e0 des temp\u00e9ratures de +5 \u00b0C \u00e0 +40 \u00b0C, 20 \u00e0 90 humidit\u00e9 relative %, sans condensation<\/li>\n<\/ul>\n<p><b>Donn\u00e9es techniques :<\/b><\/p>\n<ul>\n<li>Tension de fonctionnement\u00a0: 12-24\u00a0VDC stab -5%+15%<\/li>\n<li>Consommation de courant : Repos 50 mA Max 445 mA \u00e0 24 VDC<\/li>\n<li>Certifi\u00e9 selon EN14846<\/li>\n<\/ul>\n<\/div>","protected":false},"excerpt":{"rendered":"<p>Description : La serrure motoris\u00e9e ASSA ABLOY 841C-35 est adapt\u00e9e aux portes avec \u00e9videments modulaires ASSA ABLOY. Il est parfaitement adapt\u00e9 comme serrure de nuit et de s\u00e9curit\u00e9 pour les portes avec des exigences de s\u00e9curit\u00e9 \u00e9lev\u00e9es dans le commerce, les bureaux et l&#039;industrie.<\/p>","protected":false},"featured_media":139626,"template":"","meta":{"_acf_changed":false},"product_brand":[],"product_cat":[2874],"product_tag":[4547,4543,4540,4541,4542,4863,4554,4550],"class_list":{"0":"post-86558","1":"product","2":"type-product","3":"status-publish","4":"has-post-thumbnail","6":"product_cat-motorlas","7":"product_tag-dorndjup-35mm","8":"product_tag-komplett-sats-ja","9":"product_tag-krypterad-kommunikation-ja","10":"product_tag-nodutrymning-ja","11":"product_tag-panikutrymning-nej","12":"product_tag-pf","13":"product_tag-smalprofil","14":"product_tag-spanning-ac-dc","15":"product_shipping_class-tunga-paket","16":"pa_brands-abloy","17":"tm-no-options","19":"first","20":"onbackorder","21":"sale","22":"taxable","23":"shipping-taxable","24":"purchasable","25":"product-type-simple"},"acf":[],"_links":{"self":[{"href":"https:\/\/secureus.se\/fr\/wp-json\/wp\/v2\/product\/86558","targetHints":{"allow":["GET"]}}],"collection":[{"href":"https:\/\/secureus.se\/fr\/wp-json\/wp\/v2\/product"}],"about":[{"href":"https:\/\/secureus.se\/fr\/wp-json\/wp\/v2\/types\/product"}],"wp:featuredmedia":[{"embeddable":true,"href":"https:\/\/secureus.se\/fr\/wp-json\/wp\/v2\/media\/139626"}],"wp:attachment":[{"href":"https:\/\/secureus.se\/fr\/wp-json\/wp\/v2\/media?parent=86558"}],"wp:term":[{"taxonomy":"product_brand","embeddable":true,"href":"https:\/\/secureus.se\/fr\/wp-json\/wp\/v2\/product_brand?post=86558"},{"taxonomy":"product_cat","embeddable":true,"href":"https:\/\/secureus.se\/fr\/wp-json\/wp\/v2\/product_cat?post=86558"},{"taxonomy":"product_tag","embeddable":true,"href":"https:\/\/secureus.se\/fr\/wp-json\/wp\/v2\/product_tag?post=86558"}],"curies":[{"name":"wp","href":"https:\/\/api.w.org\/{rel}","templated":true}]}}