{"id":86564,"date":"2023-09-27T18:01:22","date_gmt":"2023-09-27T16:01:22","guid":{"rendered":"https:\/\/secureus.se\/produkt\/motorlashus-841c-70-hi-o\/"},"modified":"2025-10-21T11:58:55","modified_gmt":"2025-10-21T09:58:55","slug":"motorlashus-841c-70-hi-o","status":"publish","type":"product","link":"https:\/\/secureus.se\/fr\/motorlashus-841c-70-hi-o\/","title":{"rendered":"Bo\u00eetier de verrouillage du moteur 841C-70 Hi-O"},"content":{"rendered":"<p>Le verrou motoris\u00e9 ASSA ABLOY 841C a fait ses preuves et est populaire sur le march\u00e9. Il convient parfaitement comme verrouillage de nuit et de s\u00e9curit\u00e9 pour les portes ayant des exigences de s\u00e9curit\u00e9 \u00e9lev\u00e9es dans le commerce, les bureaux et l&#039;industrie. Les portes \u00e0 fermeture diurne ou \u00e0 haute fr\u00e9quence doivent \u00eatre compl\u00e9t\u00e9es par une serrure diurne, par ex. ex. serrure \u00e9lectrique ou plaque d&#039;extr\u00e9mit\u00e9 \u00e9lectrique. Le 841C est une unit\u00e9 Hi-O qui se connecte \u00e0 un DAC630 ou DAC530. Hi-O signifie que les appareils disposent d&#039;un micro-ordinateur int\u00e9gr\u00e9 et communiquent entre eux pour une installation plug-and-play, la synchronisation du fonctionnement des portes, la surveillance des comportements et l&#039;envoi d&#039;informations de diagnostic.<\/p>\n<div>\n<div><\/div>\n<div>\n<p><b>Propri\u00e9t\u00e9s:\u00a0\u00a0<\/b><\/p>\n<ul>\n<li>Profondeur du mandrin 70 mm.<\/li>\n<li>Vitesse d&#039;ouverture inf\u00e9rieure \u00e0 1\/3 seconde.<\/li>\n<li>La serrure peut toujours \u00eatre ouverte avec une cl\u00e9\/un bouton.<\/li>\n<li>Capteur de position de porte int\u00e9gr\u00e9 (aimant dans la plaque d&#039;extr\u00e9mit\u00e9).<\/li>\n<li>Certifi\u00e9 selon EN 14846<\/li>\n<li>Certifi\u00e9 selon SSF 3522, classe 4<\/li>\n<li>Peut \u00eatre combin\u00e9 avec d&#039;autres unit\u00e9s Hi-O sans unit\u00e9 de commande, par ex. ex. serrure journali\u00e8re, automatisme de porte et lecteur de carte<\/li>\n<li>Homologu\u00e9 feu E\/EI 120 (pas comme fonction coupe-feu)<\/li>\n<li>Temp\u00e9rature de verrouillage du moteur \u2013 20 \u00b0C \u2013 + 70 \u00b0C<\/li>\n<li>L&#039;unit\u00e9 de commande adapt\u00e9e r\u00e9siste \u00e0 des temp\u00e9ratures de +5 \u00b0C \u00e0 +40 \u00b0C, 20 \u00e0 90 humidit\u00e9 relative %, sans condensation<\/li>\n<li>Avec c\u00e2ble de connexion EA226 10 m\u00e8tres<\/li>\n<\/ul>\n<p><b>Donn\u00e9es techniques :\u00a0<\/b><\/p>\n<ul>\n<li>Tension de fonctionnement\u00a0: 12-24\u00a0VDC stab -5%+15%<\/li>\n<li>Consommation de courant : Repos 50 mA Max 445 mA \u00e0 24 VDC<\/li>\n<li>Certifi\u00e9 selon EN14846<\/li>\n<\/ul>\n<\/div>\n<\/div>","protected":false},"excerpt":{"rendered":"<p>Le verrou moteur ASSA ABLOY 841C est un produit \u00e9prouv\u00e9 et populaire sur le march\u00e9. Il est parfaitement adapt\u00e9 comme serrure de nuit et de s\u00e9curit\u00e9 pour les portes avec des exigences de s\u00e9curit\u00e9 \u00e9lev\u00e9es dans le commerce, les bureaux et l&#039;industrie. Jour verrouill\u00e9 ou haute fr\u00e9quence<\/p>","protected":false},"featured_media":139498,"template":"","meta":{"_acf_changed":false},"product_brand":[],"product_cat":[2874],"product_tag":[4110,4549,4540,4544,4542,4863,4550],"class_list":{"0":"post-86564","1":"product","2":"type-product","3":"status-publish","4":"has-post-thumbnail","6":"product_cat-motorlas","7":"product_tag-4110","8":"product_tag-dorndjup-70mm","9":"product_tag-krypterad-kommunikation-ja","10":"product_tag-nodutrymning-nej","11":"product_tag-panikutrymning-nej","12":"product_tag-pf","13":"product_tag-spanning-ac-dc","14":"product_shipping_class-tunga-paket","15":"pa_brands-abloy","16":"tm-no-options","18":"first","19":"onbackorder","20":"sale","21":"taxable","22":"shipping-taxable","23":"purchasable","24":"product-type-simple"},"acf":[],"_links":{"self":[{"href":"https:\/\/secureus.se\/fr\/wp-json\/wp\/v2\/product\/86564","targetHints":{"allow":["GET"]}}],"collection":[{"href":"https:\/\/secureus.se\/fr\/wp-json\/wp\/v2\/product"}],"about":[{"href":"https:\/\/secureus.se\/fr\/wp-json\/wp\/v2\/types\/product"}],"wp:featuredmedia":[{"embeddable":true,"href":"https:\/\/secureus.se\/fr\/wp-json\/wp\/v2\/media\/139498"}],"wp:attachment":[{"href":"https:\/\/secureus.se\/fr\/wp-json\/wp\/v2\/media?parent=86564"}],"wp:term":[{"taxonomy":"product_brand","embeddable":true,"href":"https:\/\/secureus.se\/fr\/wp-json\/wp\/v2\/product_brand?post=86564"},{"taxonomy":"product_cat","embeddable":true,"href":"https:\/\/secureus.se\/fr\/wp-json\/wp\/v2\/product_cat?post=86564"},{"taxonomy":"product_tag","embeddable":true,"href":"https:\/\/secureus.se\/fr\/wp-json\/wp\/v2\/product_tag?post=86564"}],"curies":[{"name":"wp","href":"https:\/\/api.w.org\/{rel}","templated":true}]}}