{"id":86616,"date":"2023-10-27T10:52:25","date_gmt":"2023-10-27T08:52:25","guid":{"rendered":"https:\/\/secureus.se\/produkt\/evolis-agilia-duplex-retransfer-id-card-printer-dual-sided\/"},"modified":"2026-01-29T12:06:21","modified_gmt":"2026-01-29T11:06:21","slug":"kortskrivare-evolis-agilia-duplex","status":"publish","type":"product","link":"https:\/\/secureus.se\/fr\/kortskrivare-evolis-agilia-duplex\/","title":{"rendered":"Imprimante \u00e0 cartes Evolis Agilia Duplex \u2013 Impressions retransfert 600 DPI"},"content":{"rendered":"<p><strong>Faites l\u2019exp\u00e9rience de la perfection d\u2019impression avec Evolis Agilia :<\/strong> L&#039;imprimante de cartes d&#039;identit\u00e9 Evolis Agilia Duplex Retransfer est la solution parfaite pour les entreprises et les organisations qui ont besoin de cartes d&#039;identit\u00e9 haute r\u00e9solution et con\u00e7ues par des professionnels.<\/p>\n<p>Avec une r\u00e9solution d&#039;impression impressionnante de 600 DPI, Agilia offre une qualit\u00e9 d&#039;image exceptionnelle qui attire vraiment le regard.<\/p>\n<p>Que vous ayez besoin de cartes d&#039;identit\u00e9 pour les employ\u00e9s, d&#039;applications d&#039;adh\u00e9sion ou de s\u00e9curit\u00e9, cette imprimante offre des performances et une fiabilit\u00e9 exceptionnelles.<\/p>\n<p><strong>Caract\u00e9ristiques et avantages\u00a0:<\/strong><\/p>\n<ul>\n<li><strong>Rentable\u00a0:<\/strong> Avec le co\u00fbt par impression le plus bas de sa cat\u00e9gorie, Agilia permet d&#039;\u00e9conomiser du temps et de l&#039;argent, ce qui en fait le choix le plus rentable du march\u00e9.<\/li>\n<li><strong>Gestion polyvalente des cartes\u00a0:<\/strong> L&#039;imprimante g\u00e8re facilement tous les types de papier cartonn\u00e9 (format CR80), y compris le PVC et les composites, garantissant ainsi \u00e0 vos cartes un aspect toujours professionnel.<\/li>\n<li><strong>Impression sur toute la tranche :<\/strong> Aucun d\u00e9tail n&#039;est n\u00e9glig\u00e9 gr\u00e2ce \u00e0 la technologie de retransfert sup\u00e9rieure qui garantit \u00e0 chaque carte une finition parfaite sans bords blancs.<\/li>\n<li><strong>Profilage de couleurs personnalis\u00e9\u00a0:<\/strong> Gr\u00e2ce aux options avanc\u00e9es de r\u00e9glage des couleurs, vous pouvez vous assurer que chaque carte refl\u00e8te avec pr\u00e9cision les couleurs et les d\u00e9tails importants pour votre marque.<\/li>\n<\/ul>\n<p><strong>Domaines d&#039;utilisation :<\/strong> Evolis Agilia est id\u00e9al pour une vari\u00e9t\u00e9 d&#039;applications, depuis les cartes d&#039;identit\u00e9 d&#039;entreprise et de membre jusqu&#039;aux cartes de s\u00e9curit\u00e9 et aux cartes d&#039;\u00e9tudiant.<\/p>\n<p>Avec sa vitesse d&#039;impression rapide allant jusqu&#039;\u00e0 100 cartes par heure (impression couleur, recto verso) et sa capacit\u00e9 de 200 cartes, cette imprimante est parfaite pour les petits et grands volumes.<\/p>\n<p><strong>Sp\u00e9cification technique\u00a0:<\/strong><\/p>\n<ul>\n<li><strong>Vitesse d&#039;impression\u00a0:<\/strong> Jusqu&#039;\u00e0 100 cartes par heure (impression couleur, recto-verso).<\/li>\n<li><strong>Capacit\u00e9:<\/strong> Chargeur 200 cartes et sortie 100 cartes.<\/li>\n<li><strong>Options de s\u00e9curit\u00e9\u00a0:<\/strong> Les fonctionnalit\u00e9s int\u00e9gr\u00e9es telles que l&#039;impression UV et le microtexte augmentent la s\u00e9curit\u00e9 de vos cartes, et Agilia est \u00e9galement compatible avec le laminage pour une protection suppl\u00e9mentaire.<\/li>\n<\/ul>\n<p>Choisissez Evolis Agilia pour obtenir une solution fiable, de haute qualit\u00e9 et rentable pour vos besoins en mati\u00e8re de cartes d&#039;identit\u00e9. D\u00e9couvrez la diff\u00e9rence avec Evolis et faites passer l&#039;impression de vos cartes au niveau sup\u00e9rieur !<\/p>","protected":false},"excerpt":{"rendered":"<p>Faites l&#039;exp\u00e9rience d&#039;une impression de classe mondiale avec l&#039;imprimante de cartes d&#039;identit\u00e9 Evolis Agilia Duplex Retransfer.<\/p>\n<p>Avec une r\u00e9solution de 600 DPI, vous pouvez produire des cartes de la plus haute qualit\u00e9 sans bordures blanches.<\/p>\n<p>Cette imprimante prend en charge tous les types de papier cartonn\u00e9 (format CR80) et est id\u00e9ale pour les applications de s\u00e9curit\u00e9, ce qui en fait le choix le plus rentable du march\u00e9.<\/p>","protected":false},"featured_media":139878,"template":"","meta":{"_acf_changed":false},"product_brand":[],"product_cat":[3205],"product_tag":[3172,3176,4863,2831,3069],"class_list":{"0":"post-86616","1":"product","2":"type-product","3":"status-publish","4":"has-post-thumbnail","6":"product_cat-evolis","7":"product_tag-dubbelsidig-dual-side","8":"product_tag-evolis","9":"product_tag-pf","10":"product_tag-kortprinter-retransfer","11":"product_tag-trade-produkt","12":"product_shipping_class-tunga-paket","13":"pa_brands-evolis","14":"pa_fabrikat-kortskrivare-evolis","15":"tm-no-options","17":"first","18":"outofstock","19":"sale","20":"taxable","21":"shipping-taxable","22":"purchasable","23":"product-type-simple"},"acf":[],"_links":{"self":[{"href":"https:\/\/secureus.se\/fr\/wp-json\/wp\/v2\/product\/86616","targetHints":{"allow":["GET"]}}],"collection":[{"href":"https:\/\/secureus.se\/fr\/wp-json\/wp\/v2\/product"}],"about":[{"href":"https:\/\/secureus.se\/fr\/wp-json\/wp\/v2\/types\/product"}],"wp:featuredmedia":[{"embeddable":true,"href":"https:\/\/secureus.se\/fr\/wp-json\/wp\/v2\/media\/139878"}],"wp:attachment":[{"href":"https:\/\/secureus.se\/fr\/wp-json\/wp\/v2\/media?parent=86616"}],"wp:term":[{"taxonomy":"product_brand","embeddable":true,"href":"https:\/\/secureus.se\/fr\/wp-json\/wp\/v2\/product_brand?post=86616"},{"taxonomy":"product_cat","embeddable":true,"href":"https:\/\/secureus.se\/fr\/wp-json\/wp\/v2\/product_cat?post=86616"},{"taxonomy":"product_tag","embeddable":true,"href":"https:\/\/secureus.se\/fr\/wp-json\/wp\/v2\/product_tag?post=86616"}],"curies":[{"name":"wp","href":"https:\/\/api.w.org\/{rel}","templated":true}]}}