{"id":86624,"date":"2023-10-27T10:44:49","date_gmt":"2023-10-27T08:44:49","guid":{"rendered":"https:\/\/secureus.se\/produkt\/fargo-dtc4500e-plastic-card-printer-with-lamination-iso-magnetic-encoder-and-locking-hoppers-dual-sided\/"},"modified":"2026-04-30T14:23:39","modified_gmt":"2026-04-30T12:23:39","slug":"kortskrivare-fargo-dtc4500e-duplex-2","status":"publish","type":"product","link":"https:\/\/secureus.se\/fr\/kortskrivare-fargo-dtc4500e-duplex-2\/","title":{"rendered":"Imprimante de cartes Fargo DTC4500e Duplex - Avec plastification, encodeur magn\u00e9tique ISO et plateaux verrouillables"},"content":{"rendered":"<p><strong>Performances maximales avec le Fargo DTC4500e\u00a0:<\/strong> L&#039;imprimante de cartes d&#039;identit\u00e9 double face Fargo DTC4500e est con\u00e7ue pour les organisations qui ont besoin d&#039;une capacit\u00e9 et d&#039;une flexibilit\u00e9 \u00e9lev\u00e9es dans l&#039;impression de leurs cartes d&#039;identit\u00e9. Dot\u00e9e d&#039;un moteur d&#039;impression robuste et fiable, cette imprimante offre vitesse, puissance et polyvalence.<\/p>\n<p><strong>Caract\u00e9ristiques et avantages\u00a0:<\/strong><\/p>\n<ul>\n<li><strong>Haute capacit\u00e9\u00a0:<\/strong> \u00c9quip\u00e9 de grands rouleaux qui permettent d&#039;utiliser deux fois plus de cartes de couleurs avant de devoir changer le rouleau, ce qui permet de gagner du temps et d&#039;augmenter l&#039;efficacit\u00e9.<\/li>\n<li><strong>S\u00e9curit\u00e9:<\/strong> La solution de s\u00e9curit\u00e9 brevet\u00e9e et les plateaux verrouillables prot\u00e8gent les cartes d&#039;identit\u00e9 vierges et imprim\u00e9es.<\/li>\n<li><strong>Flexibilit\u00e9:<\/strong> La modularit\u00e9 de la conception permet des mises \u00e0 niveau sur le terrain pour la technologie de laminage et de codage des cartes.<\/li>\n<li><strong>Relations:<\/strong> S&#039;int\u00e8gre facilement aux infrastructures informatiques existantes via USB et Ethernet, permettant l&#039;\u00e9mission centralis\u00e9e ou \u00e0 distance de cartes d&#039;identit\u00e9.<\/li>\n<\/ul>\n<p><strong>Sp\u00e9cification technique\u00a0:<\/strong><\/p>\n<ul>\n<li><strong>Vitesse d&#039;impression\u00a0:<\/strong> Jusqu&#039;\u00e0 120 cartes par heure (impression couleur, recto-verso).<\/li>\n<li><strong>Capacit\u00e9:<\/strong> Chargeur de cartes \u00e0 double entr\u00e9e pour 200 cartes et sortie jusqu&#039;\u00e0 100 cartes.<\/li>\n<li><strong>Type de carte\u00a0:<\/strong> Format ISO 7810, CR80, taille ID-1, compatible carte PVC, PET et PC.<\/li>\n<\/ul>\n<p>Avec sa garantie de trois ans et sa conception durable, la Fargo DTC4500e offre une solution fiable et \u00e0 long terme pour tous vos besoins d&#039;impression de cartes d&#039;identit\u00e9.<\/p>","protected":false},"excerpt":{"rendered":"<p>La Fargo DTC4500e est une imprimante de cartes d&#039;identit\u00e9 double face avec encodeur USB, Ethernet et ISO \u00e0 bande magn\u00e9tique.<\/p>\n<p>Il est \u00e9quip\u00e9 d&#039;auges verrouillables pour plus de s\u00e9curit\u00e9 et d&#039;une garantie constructeur de trois ans.<\/p>\n<p>Cette imprimante offre un volume \u00e9lev\u00e9 et une qualit\u00e9 \u00e9lev\u00e9e, ce qui en fait la solution parfaite pour vos besoins en mati\u00e8re de cartes d&#039;identit\u00e9.<\/p>","protected":false},"featured_media":138642,"template":"","meta":{"_acf_changed":false},"product_brand":[],"product_cat":[3206],"product_tag":[2830,3172,3177,4863,3069],"class_list":{"0":"post-86624","1":"product","2":"type-product","3":"status-publish","4":"has-post-thumbnail","6":"product_cat-fargo","7":"product_tag-kortprinter-direct-to-card","8":"product_tag-dubbelsidig-dual-side","9":"product_tag-fargo","10":"product_tag-pf","11":"product_tag-trade-produkt","12":"product_shipping_class-tunga-paket","13":"pa_brands-fargo","14":"pa_fabrikat-kortskrivare-fargo","15":"tm-no-options","17":"first","18":"outofstock","19":"sale","20":"taxable","21":"shipping-taxable","22":"purchasable","23":"product-type-simple"},"acf":[],"_links":{"self":[{"href":"https:\/\/secureus.se\/fr\/wp-json\/wp\/v2\/product\/86624","targetHints":{"allow":["GET"]}}],"collection":[{"href":"https:\/\/secureus.se\/fr\/wp-json\/wp\/v2\/product"}],"about":[{"href":"https:\/\/secureus.se\/fr\/wp-json\/wp\/v2\/types\/product"}],"wp:featuredmedia":[{"embeddable":true,"href":"https:\/\/secureus.se\/fr\/wp-json\/wp\/v2\/media\/138642"}],"wp:attachment":[{"href":"https:\/\/secureus.se\/fr\/wp-json\/wp\/v2\/media?parent=86624"}],"wp:term":[{"taxonomy":"product_brand","embeddable":true,"href":"https:\/\/secureus.se\/fr\/wp-json\/wp\/v2\/product_brand?post=86624"},{"taxonomy":"product_cat","embeddable":true,"href":"https:\/\/secureus.se\/fr\/wp-json\/wp\/v2\/product_cat?post=86624"},{"taxonomy":"product_tag","embeddable":true,"href":"https:\/\/secureus.se\/fr\/wp-json\/wp\/v2\/product_tag?post=86624"}],"curies":[{"name":"wp","href":"https:\/\/api.w.org\/{rel}","templated":true}]}}