{"id":86924,"date":"2023-10-30T17:24:59","date_gmt":"2023-10-30T16:24:59","guid":{"rendered":"https:\/\/secureus.se\/?post_type=product&#038;p=86924"},"modified":"2025-12-31T21:12:15","modified_gmt":"2025-12-31T20:12:15","slug":"larmdekal-dubbelsidig-sjalvhaftande-a8-52x74mm","status":"publish","type":"product","link":"https:\/\/secureus.se\/fr\/larmdekal-dubbelsidig-sjalvhaftande-a8-52x74mm\/","title":{"rendered":"Autocollant d&#039;alarme Autocollant Double Face (A8) - 52x74mm"},"content":{"rendered":"<p>Avec cet autocollant d&#039;alarme, vous pouvez marquer vos points d&#039;entr\u00e9e les plus importants, tels que les fen\u00eatres et les portes, de mani\u00e8re visible et claire. Les autocollants d\u2019alarme agissent comme un puissant moyen de dissuasion visuelle contre les tentatives d\u2019intrusion potentielles.<\/p>\n<p><strong>Robuste et durable<\/strong><br \/>\nFabriqu\u00e9 en polycarbonate de haute qualit\u00e9. Nos autocollants d&#039;alarme sont con\u00e7us pour r\u00e9sister \u00e0 la fois \u00e0 l&#039;usure et \u00e0 la temp\u00e9rature. Vous pouvez \u00eatre s\u00fbr qu&#039;ils resteront en parfait \u00e9tat.<\/p>\n<p><strong>Conception double face<\/strong><br \/>\nLa meilleure caract\u00e9ristique de ces autocollants d\u2019alarme est qu\u2019ils sont recto-verso. Cela signifie que le motif est visible aussi bien \u00e0 l&#039;int\u00e9rieur qu&#039;\u00e0 l&#039;ext\u00e9rieur, ce qui offre une s\u00e9curit\u00e9 et une visibilit\u00e9 suppl\u00e9mentaires, o\u00f9 que vous soyez.<\/p>\n<p>Cet autocollant d\u2019alarme est tout aussi efficace \u00e0 l\u2019int\u00e9rieur qu\u2019\u00e0 l\u2019ext\u00e9rieur. Pour augmenter encore la s\u00e9curit\u00e9, ils peuvent \u00eatre plac\u00e9s \u00e0 l\u2019int\u00e9rieur pour une protection suppl\u00e9mentaire. Il vous donne la flexibilit\u00e9 d\u2019adapter votre mesure de s\u00e9curit\u00e9 \u00e0 vos besoins sp\u00e9cifiques.<\/p>\n<h3>Domaines d&#039;utilisation :<\/h3>\n<ul>\n<li><strong>La maison :<\/strong> Prot\u00e9gez votre famille et votre maison en appliquant ces autocollants d&#039;alarme sur toutes les entr\u00e9es importantes.<br \/>\n<strong>Entreprise:<\/strong> Am\u00e9liorez la s\u00e9curit\u00e9 de votre lieu de travail en rendant les zones les plus critiques visibles aux employ\u00e9s et aux visiteurs.<br \/>\n<strong>Magasins et entreprises\u00a0:<\/strong> Cr\u00e9ez un environnement plus s\u00fbr pour vos clients et votre personnel en marquant les entr\u00e9es et sorties les plus pertinentes.<\/li>\n<\/ul>\n<h3>Sp\u00e9cifications du produit :<\/h3>\n<ul>\n<li>Mat\u00e9riau : Polycarbonate<\/li>\n<li>Mesure: <b>52 mm x 74 mm<\/b><\/li>\n<\/ul>\n<h3>Le forfait comprend :<\/h3>\n<ul>\n<li>1 autocollant d&#039;alarme autocollant double face<\/li>\n<\/ul>\n<p>Augmentez le niveau de s\u00e9curit\u00e9 de votre espace avec nos autocollants d&#039;alarme double face fiables. Chaque autocollant est un investissement dans votre s\u00e9curit\u00e9\u00a0!<\/p>","protected":false},"excerpt":{"rendered":"<p><em>Marquez vos points d\u2019entr\u00e9e avec notre autocollant d\u2019alarme autocollant double face. Fabriqu\u00e9 en polycarbonate durable, il offre une r\u00e9sistance sup\u00e9rieure \u00e0 la temp\u00e9rature. Avec une visibilit\u00e9 \u00e0 l\u2019int\u00e9rieur comme \u00e0 l\u2019ext\u00e9rieur, c\u2019est un must pour une s\u00fbret\u00e9 et une s\u00e9curit\u00e9 accrues<\/em><\/p>","protected":false},"featured_media":134552,"template":"","meta":{"_acf_changed":false},"product_brand":[],"product_cat":[1323],"product_tag":[3053],"class_list":{"0":"post-86924","1":"product","2":"type-product","3":"status-publish","4":"has-post-thumbnail","6":"product_cat-larmdekaler","7":"product_tag-nyhet","8":"product_shipping_class-dekaler-skyltar","9":"tm-no-options","11":"first","12":"outofstock","13":"featured","14":"taxable","15":"shipping-taxable","16":"purchasable","17":"product-type-simple"},"acf":[],"_links":{"self":[{"href":"https:\/\/secureus.se\/fr\/wp-json\/wp\/v2\/product\/86924","targetHints":{"allow":["GET"]}}],"collection":[{"href":"https:\/\/secureus.se\/fr\/wp-json\/wp\/v2\/product"}],"about":[{"href":"https:\/\/secureus.se\/fr\/wp-json\/wp\/v2\/types\/product"}],"wp:featuredmedia":[{"embeddable":true,"href":"https:\/\/secureus.se\/fr\/wp-json\/wp\/v2\/media\/134552"}],"wp:attachment":[{"href":"https:\/\/secureus.se\/fr\/wp-json\/wp\/v2\/media?parent=86924"}],"wp:term":[{"taxonomy":"product_brand","embeddable":true,"href":"https:\/\/secureus.se\/fr\/wp-json\/wp\/v2\/product_brand?post=86924"},{"taxonomy":"product_cat","embeddable":true,"href":"https:\/\/secureus.se\/fr\/wp-json\/wp\/v2\/product_cat?post=86924"},{"taxonomy":"product_tag","embeddable":true,"href":"https:\/\/secureus.se\/fr\/wp-json\/wp\/v2\/product_tag?post=86924"}],"curies":[{"name":"wp","href":"https:\/\/api.w.org\/{rel}","templated":true}]}}