{"id":86997,"date":"2023-11-03T12:00:39","date_gmt":"2023-11-03T11:00:39","guid":{"rendered":"https:\/\/secureus.se\/?post_type=product&#038;p=86997"},"modified":"2025-10-16T15:12:48","modified_gmt":"2025-10-16T13:12:48","slug":"salto-pcd04kb-4k-desfire-kort-100-pack","status":"publish","type":"product","link":"https:\/\/secureus.se\/fr\/salto-pcd04kb-4k-desfire-kort-100-pack\/","title":{"rendered":"Carte Salto PCD04KB 4K DESFire - RFID s\u00e9curis\u00e9e"},"content":{"rendered":"<h1>Carte Salto PCD04KB 4K DESFire - RFID s\u00e9curis\u00e9e<\/h1>\n<p>La carte Salto PCD04KB 4K DESFire offre une solution s\u00e9curis\u00e9e et fiable pour la gestion des identit\u00e9s et le contr\u00f4le d&#039;acc\u00e8s sans contact. Avec une capacit\u00e9 m\u00e9moire de 4 Ko et une haute s\u00e9curit\u00e9, ces cartes sont con\u00e7ues pour r\u00e9pondre aux besoins des syst\u00e8mes de s\u00e9curit\u00e9 modernes.<\/p>\n<p>Les cartes sont compatibles avec les lecteurs Mifare et fonctionnent \u00e0 une fr\u00e9quence de 13,56 MHz, ce qui permet un transfert de donn\u00e9es rapide et efficace. La taille standardis\u00e9e CR80 (86 mm x 54 mm) rend les cartes adapt\u00e9es \u00e0 diverses applications, notamment le contr\u00f4le d&#039;acc\u00e8s, la v\u00e9rification d&#039;identit\u00e9 et d&#039;autres solutions RFID.<\/p>\n<p>Chaque pack contient 100 cartes, ce qui en fait une solution rentable pour les petites et grandes entreprises qui souhaitent garantir s\u00e9curit\u00e9 et efficacit\u00e9.<\/p>\n<p><strong>Caract\u00e9ristiques et avantages<\/strong>:<\/p>\n<ul>\n<li>Capacit\u00e9 de m\u00e9moire de 4 Ko pour une s\u00e9curit\u00e9 \u00e9lev\u00e9e<\/li>\n<li>Compatible avec les lecteurs Mifare (lecture seule)<\/li>\n<li>Fonctionne \u00e0 13,56 MHz pour une communication rapide<\/li>\n<li>Taille CR80 standard pour une utilisation facile<\/li>\n<\/ul>\n<p><strong>Sp\u00e9cification technique<\/strong>:<\/p>\n<ul>\n<li><strong>Capacit\u00e9 m\u00e9moire<\/strong>: 4 Ko<\/li>\n<li><strong>Fr\u00e9quence<\/strong>: 13,56 MHz<\/li>\n<li><strong>Taille<\/strong>: CR80 (86 mm x 54 mm)<\/li>\n<li><strong>Poids (emballage)<\/strong>: 0,50kg<\/li>\n<\/ul>","protected":false},"excerpt":{"rendered":"<p>Ce produit est dot\u00e9 d&#039;une puce certifi\u00e9e par NXP\u00ae, une entreprise technologique mondiale dont le si\u00e8ge est aux Pays-Bas. NXP\u00ae est sp\u00e9cialis\u00e9 dans la RFID et le NFC et propose une gamme de produits en mati\u00e8re de s\u00e9curit\u00e9, de connectivit\u00e9 et de solutions embarqu\u00e9es.<\/p>\n<p>Salto PCD04KB est une carte DESFire 4K d&#039;une capacit\u00e9 m\u00e9moire de 4 Ko, qui garantit une haute s\u00e9curit\u00e9.<\/p>\n<p>Ces cartes sont compatibles avec le syst\u00e8me de cartes Mifare et fonctionnent \u00e0 une fr\u00e9quence de 13,56 MHz.<\/p>\n<p>Vendu en paquet de 100.<\/p>","protected":false},"featured_media":138765,"template":"","meta":{"_acf_changed":false},"product_brand":[],"product_cat":[1711,4231],"product_tag":[4538,4146,3077,2151,3084,3069],"class_list":{"0":"post-86997","1":"product","2":"type-product","3":"status-publish","4":"has-post-thumbnail","6":"product_cat-rfid-kort","7":"product_cat-rfid-kort-salto","8":"product_tag-100-pack-lopnummer-rfid-kort","9":"product_tag-nxp","10":"product_tag-rfid-desfire","11":"product_tag-rfid-salto","12":"product_tag-trade-rfid-kort","13":"product_tag-trade-produkt","14":"product_shipping_class-postnord-varubrev","15":"pa_brands-salto","16":"pa_plastkort-teknik-salto","17":"tm-no-options","19":"first","20":"outofstock","21":"sale","22":"taxable","23":"shipping-taxable","24":"purchasable","25":"product-type-simple"},"acf":[],"_links":{"self":[{"href":"https:\/\/secureus.se\/fr\/wp-json\/wp\/v2\/product\/86997","targetHints":{"allow":["GET"]}}],"collection":[{"href":"https:\/\/secureus.se\/fr\/wp-json\/wp\/v2\/product"}],"about":[{"href":"https:\/\/secureus.se\/fr\/wp-json\/wp\/v2\/types\/product"}],"wp:featuredmedia":[{"embeddable":true,"href":"https:\/\/secureus.se\/fr\/wp-json\/wp\/v2\/media\/138765"}],"wp:attachment":[{"href":"https:\/\/secureus.se\/fr\/wp-json\/wp\/v2\/media?parent=86997"}],"wp:term":[{"taxonomy":"product_brand","embeddable":true,"href":"https:\/\/secureus.se\/fr\/wp-json\/wp\/v2\/product_brand?post=86997"},{"taxonomy":"product_cat","embeddable":true,"href":"https:\/\/secureus.se\/fr\/wp-json\/wp\/v2\/product_cat?post=86997"},{"taxonomy":"product_tag","embeddable":true,"href":"https:\/\/secureus.se\/fr\/wp-json\/wp\/v2\/product_tag?post=86997"}],"curies":[{"name":"wp","href":"https:\/\/api.w.org\/{rel}","templated":true}]}}