{"id":87003,"date":"2023-11-03T12:00:42","date_gmt":"2023-11-03T11:00:42","guid":{"rendered":"https:\/\/secureus.se\/?post_type=product&#038;p=87003"},"modified":"2026-04-08T16:25:01","modified_gmt":"2026-04-08T14:25:01","slug":"mifare-desfire-8k-nxp-ev1-kort-100-pack","status":"publish","type":"product","link":"https:\/\/secureus.se\/fr\/mifare-desfire-8k-nxp-ev1-kort-100-pack\/","title":{"rendered":"Carte Mifare DESFire 8K NXP EV1 \u2013 (pack de 100)"},"content":{"rendered":"<h1>Carte Mifare DESFire 8K NXP EV1 - RFID sans contact<\/h1>\n<p>Les cartes Mifare DESFire 8K NXP EV1 offrent une solution s\u00e9curis\u00e9e et efficace pour le stockage et le transfert de donn\u00e9es sans contact. Ces cartes sont \u00e9quip\u00e9es d&#039;une v\u00e9ritable puce NXP et ont une capacit\u00e9 m\u00e9moire de 8 Ko, ce qui les rend adapt\u00e9es \u00e0 de nombreux usages, tels que la gestion des identit\u00e9s, le contr\u00f4le d&#039;acc\u00e8s et les micropaiements.<\/p>\n<p>Avec une taille standard de CR80 (86 mm x 54 mm), ces cartes sont faciles \u00e0 utiliser et \u00e0 int\u00e9grer dans les syst\u00e8mes existants. Ils fonctionnent \u00e0 une fr\u00e9quence de 13,56 MHz, ce qui garantit une communication rapide et s\u00e9curis\u00e9e. Qu&#039;il s&#039;agisse de g\u00e9rer des actifs dans un b\u00e2timent ou de g\u00e9rer des paiements, les cartes Mifare DESFire 8K constituent une solution fiable et flexible.<\/p>\n<p>Chaque paquet contient 100 cartes, ce qui en fait une option rentable pour les petites et grandes entreprises qui ont besoin d&#039;une s\u00e9curit\u00e9 \u00e9lev\u00e9e et d&#039;une facilit\u00e9 d&#039;utilisation de leurs syst\u00e8mes.<\/p>\n<p><strong>Caract\u00e9ristiques et avantages<\/strong>:<\/p>\n<ul>\n<li>Cartes sans contact avec v\u00e9ritable puce NXP<\/li>\n<li>Capacit\u00e9 de m\u00e9moire de 8 Ko pour un stockage \u00e9tendu<\/li>\n<li>Taille CR80 standard pour une utilisation facile<\/li>\n<li>Fonctionne \u00e0 13,56 MHz pour une communication rapide<\/li>\n<li>Id\u00e9al pour l&#039;identit\u00e9, le contr\u00f4le d&#039;acc\u00e8s et les micropaiements<\/li>\n<\/ul>\n<p><strong>Sp\u00e9cification technique<\/strong>:<\/p>\n<ul>\n<li><strong>Capacit\u00e9 m\u00e9moire<\/strong>: 8 Ko<\/li>\n<li><strong>Fr\u00e9quence<\/strong>: 13,56 MHz<\/li>\n<li><strong>Taille<\/strong>: Norme CR80 (86 mm x 54 mm)<\/li>\n<li><strong>Poids (emballage)<\/strong>: 0,59kg<\/li>\n<\/ul>","protected":false},"excerpt":{"rendered":"<p>Ce produit est dot\u00e9 d&#039;une puce certifi\u00e9e par NXP\u00ae, une entreprise technologique mondiale dont le si\u00e8ge est aux Pays-Bas. NXP\u00ae est sp\u00e9cialis\u00e9 dans la RFID et le NFC et propose une gamme de produits en mati\u00e8re de s\u00e9curit\u00e9, de connectivit\u00e9 et de solutions embarqu\u00e9es.<\/p>\n<p>Les cartes Mifare DESFire 8K NXP EV1 sont des cartes RFID sans contact dot\u00e9es d&#039;une v\u00e9ritable puce NXP et d&#039;une capacit\u00e9 m\u00e9moire de 8 Ko.<\/p>\n<p>Ces cartes fonctionnent \u00e0 13,56 MHz et sont parfaites pour de multiples applications, notamment la gestion des identit\u00e9s, le contr\u00f4le d&#039;acc\u00e8s et les micropaiements.<\/p>\n<p>Vendu en paquet de 100.<\/p>","protected":false},"featured_media":139829,"template":"","meta":{"_acf_changed":false},"product_brand":[],"product_cat":[4233,1711],"product_tag":[4538,4146,3077,3084,3069],"class_list":{"0":"post-87003","1":"product","2":"type-product","3":"status-publish","4":"has-post-thumbnail","6":"product_cat-rfid-kort-desfire","7":"product_cat-rfid-kort","8":"product_tag-100-pack-lopnummer-rfid-kort","9":"product_tag-nxp","10":"product_tag-rfid-desfire","11":"product_tag-trade-rfid-kort","12":"product_tag-trade-produkt","13":"product_shipping_class-postnord-varubrev","14":"pa_plastkort-teknik-desfire","15":"tm-has-options","17":"first","18":"outofstock","19":"sale","20":"taxable","21":"shipping-taxable","22":"purchasable","23":"product-type-simple"},"acf":[],"_links":{"self":[{"href":"https:\/\/secureus.se\/fr\/wp-json\/wp\/v2\/product\/87003","targetHints":{"allow":["GET"]}}],"collection":[{"href":"https:\/\/secureus.se\/fr\/wp-json\/wp\/v2\/product"}],"about":[{"href":"https:\/\/secureus.se\/fr\/wp-json\/wp\/v2\/types\/product"}],"wp:featuredmedia":[{"embeddable":true,"href":"https:\/\/secureus.se\/fr\/wp-json\/wp\/v2\/media\/139829"}],"wp:attachment":[{"href":"https:\/\/secureus.se\/fr\/wp-json\/wp\/v2\/media?parent=87003"}],"wp:term":[{"taxonomy":"product_brand","embeddable":true,"href":"https:\/\/secureus.se\/fr\/wp-json\/wp\/v2\/product_brand?post=87003"},{"taxonomy":"product_cat","embeddable":true,"href":"https:\/\/secureus.se\/fr\/wp-json\/wp\/v2\/product_cat?post=87003"},{"taxonomy":"product_tag","embeddable":true,"href":"https:\/\/secureus.se\/fr\/wp-json\/wp\/v2\/product_tag?post=87003"}],"curies":[{"name":"wp","href":"https:\/\/api.w.org\/{rel}","templated":true}]}}