{"id":87007,"date":"2023-11-03T12:00:45","date_gmt":"2023-11-03T11:00:45","guid":{"rendered":"https:\/\/secureus.se\/?post_type=product&#038;p=87007"},"modified":"2026-04-08T16:25:20","modified_gmt":"2026-04-08T14:25:20","slug":"mifare-desfire-4k-nxp-ev1-kort-100-pack","status":"publish","type":"product","link":"https:\/\/secureus.se\/fr\/mifare-desfire-4k-nxp-ev1-kort-100-pack\/","title":{"rendered":"Carte Mifare DESFire 4K NXP EV1 (paquet de 100) - Sans contact"},"content":{"rendered":"<h1>Carte Mifare DESFire 4K NXP EV1 - Sans contact<\/h1>\n<p>Les cartes Mifare DESFire 4K NXP EV1 sont des cartes sans contact avanc\u00e9es qui offrent un stockage de donn\u00e9es s\u00e9curis\u00e9 et efficace. Avec une capacit\u00e9 de 4 Ko et une v\u00e9ritable puce NXP fonctionnant \u00e0 13,56 MHz, ces cartes sont id\u00e9ales pour une gamme d&#039;applications, notamment la gestion des identit\u00e9s, le contr\u00f4le d&#039;acc\u00e8s et les micropaiements.<\/p>\n<p>Ces cartes sont con\u00e7ues au format CR80 standard (86 mm x 54 mm) et peuvent \u00eatre facilement int\u00e9gr\u00e9es dans les syst\u00e8mes existants. Avec leur s\u00e9curit\u00e9 robuste et leurs performances fiables, les cartes Mifare DESFire 4K constituent une excellente solution pour les organisations qui ont besoin d&#039;un moyen s\u00e9curis\u00e9 pour g\u00e9rer les acc\u00e8s et les paiements.<\/p>\n<p>Chaque pack contient 100 cartes, ce qui les rend \u00e9conomiques pour les petites et grandes entreprises. Les cartes Mifare DESFire 4K allient facilit\u00e9 d&#039;utilisation et haute s\u00e9curit\u00e9 et constituent une solution fiable pour les applications RFID modernes.<\/p>\n<p><strong>Caract\u00e9ristiques et avantages<\/strong>:<\/p>\n<ul>\n<li>Cartes sans contact avec v\u00e9ritable puce NXP<\/li>\n<li>Capacit\u00e9 de m\u00e9moire de 4 Ko pour un stockage flexible<\/li>\n<li>Taille CR80 standard pour une int\u00e9gration facile<\/li>\n<li>Fonctionne \u00e0 13,56 MHz pour une communication rapide et s\u00e9curis\u00e9e<\/li>\n<li>Id\u00e9al pour l&#039;identit\u00e9, le contr\u00f4le d&#039;acc\u00e8s et les micropaiements<\/li>\n<\/ul>\n<p><strong>Sp\u00e9cification technique<\/strong>:<\/p>\n<ul>\n<li><strong>Capacit\u00e9 m\u00e9moire<\/strong>: 4 Ko<\/li>\n<li><strong>Fr\u00e9quence<\/strong>: 13,56 MHz<\/li>\n<li><strong>Taille<\/strong>: Norme CR80 (86 mm x 54 mm)<\/li>\n<li><strong>Poids (emballage)<\/strong>: 0,59kg<\/li>\n<\/ul>","protected":false},"excerpt":{"rendered":"<p>Ce produit est dot\u00e9 d&#039;une puce certifi\u00e9e par NXP\u00ae, une entreprise technologique mondiale dont le si\u00e8ge est aux Pays-Bas. NXP\u00ae est sp\u00e9cialis\u00e9 dans la RFID et le NFC et propose une gamme de produits en mati\u00e8re de s\u00e9curit\u00e9, de connectivit\u00e9 et de solutions embarqu\u00e9es.<\/p>\n<p>Les cartes Mifare DESFire 4K NXP EV1 sont des cartes sans contact dot\u00e9es d&#039;une v\u00e9ritable puce NXP et d&#039;une capacit\u00e9 m\u00e9moire de 4 Ko.<\/p>\n<p>Ces cartes fonctionnent \u00e0 13,56 MHz et sont id\u00e9ales pour diverses applications telles que l&#039;identit\u00e9, le contr\u00f4le d&#039;acc\u00e8s et les micropaiements. Vendu en paquet de 100.<\/p>","protected":false},"featured_media":139819,"template":"","meta":{"_acf_changed":false},"product_brand":[],"product_cat":[4233,1711],"product_tag":[4538,4146,3077,3084,3069],"class_list":{"0":"post-87007","1":"product","2":"type-product","3":"status-publish","4":"has-post-thumbnail","6":"product_cat-rfid-kort-desfire","7":"product_cat-rfid-kort","8":"product_tag-100-pack-lopnummer-rfid-kort","9":"product_tag-nxp","10":"product_tag-rfid-desfire","11":"product_tag-trade-rfid-kort","12":"product_tag-trade-produkt","13":"product_shipping_class-postnord-varubrev","14":"pa_plastkort-teknik-desfire","15":"tm-has-options","17":"first","18":"outofstock","19":"sale","20":"taxable","21":"shipping-taxable","22":"purchasable","23":"product-type-simple"},"acf":[],"_links":{"self":[{"href":"https:\/\/secureus.se\/fr\/wp-json\/wp\/v2\/product\/87007","targetHints":{"allow":["GET"]}}],"collection":[{"href":"https:\/\/secureus.se\/fr\/wp-json\/wp\/v2\/product"}],"about":[{"href":"https:\/\/secureus.se\/fr\/wp-json\/wp\/v2\/types\/product"}],"wp:featuredmedia":[{"embeddable":true,"href":"https:\/\/secureus.se\/fr\/wp-json\/wp\/v2\/media\/139819"}],"wp:attachment":[{"href":"https:\/\/secureus.se\/fr\/wp-json\/wp\/v2\/media?parent=87007"}],"wp:term":[{"taxonomy":"product_brand","embeddable":true,"href":"https:\/\/secureus.se\/fr\/wp-json\/wp\/v2\/product_brand?post=87007"},{"taxonomy":"product_cat","embeddable":true,"href":"https:\/\/secureus.se\/fr\/wp-json\/wp\/v2\/product_cat?post=87007"},{"taxonomy":"product_tag","embeddable":true,"href":"https:\/\/secureus.se\/fr\/wp-json\/wp\/v2\/product_tag?post=87007"}],"curies":[{"name":"wp","href":"https:\/\/api.w.org\/{rel}","templated":true}]}}