{"id":87009,"date":"2023-11-03T12:00:47","date_gmt":"2023-11-03T11:00:47","guid":{"rendered":"https:\/\/secureus.se\/?post_type=product&#038;p=87009"},"modified":"2026-04-08T16:24:18","modified_gmt":"2026-04-08T14:24:18","slug":"ntag213-nfc-rfid-kort-100-pack","status":"publish","type":"product","link":"https:\/\/secureus.se\/fr\/ntag213-nfc-rfid-kort-100-pack\/","title":{"rendered":"Carte RFID NFC NTAG213 \u2013 Sans contact CR80 (paquet de 100)"},"content":{"rendered":"<h1>Carte RFID NFC NTAG213 - CR80 sans contact<\/h1>\n<p>Les cartes RFID NFC NTAG213 constituent une solution id\u00e9ale pour l&#039;identification et le stockage de donn\u00e9es sans contact. Avec une puce NTAG213 int\u00e9gr\u00e9e dans chaque carte, ces cartes offrent une capacit\u00e9 m\u00e9moire de 144 octets et fonctionnent \u00e0 13,56 MHz.<\/p>\n<p>Les cartes sont con\u00e7ues au format CR80 standard (86 mm x 54 mm) et ont une surface en PVC brillant, parfaite pour l&#039;impression personnalis\u00e9e de logos et d&#039;informations. Leurs capacit\u00e9s de lecture et de r\u00e9\u00e9criture les rendent polyvalents pour une utilisation dans diverses applications, notamment la billetterie, les programmes de fid\u00e9lit\u00e9 et les \u00e9v\u00e9nements.<\/p>\n<p>Chaque paquet contient 100 cartes, ce qui en fait une option \u00e9conomique pour les entreprises et les organisations qui ont besoin de solutions RFID de haute qualit\u00e9. Les cartes NTAG213 allient fonctionnalit\u00e9 et style et constituent la solution parfaite pour les syst\u00e8mes RFID modernes.<\/p>\n<p><strong>Caract\u00e9ristiques et avantages<\/strong>:<\/p>\n<ul>\n<li>Carte RFID NFC avec capacit\u00e9 de lecture et de r\u00e9\u00e9criture<\/li>\n<li>Taille CR80 standard pour une int\u00e9gration facile<\/li>\n<li>Capacit\u00e9 de m\u00e9moire de 144 octets pour stocker les informations n\u00e9cessaires<\/li>\n<li>Surface en PVC brillant personnalisable<\/li>\n<li>Id\u00e9al pour les \u00e9v\u00e9nements, les programmes de fid\u00e9lit\u00e9 et le contr\u00f4le d&#039;acc\u00e8s<\/li>\n<\/ul>\n<p><strong>Sp\u00e9cification technique<\/strong>:<\/p>\n<ul>\n<li><strong>Capacit\u00e9 m\u00e9moire<\/strong>: 144 octets<\/li>\n<li><strong>Fr\u00e9quence<\/strong>: 13,56 MHz<\/li>\n<li><strong>Taille<\/strong>: Norme CR80 (86 mm x 54 mm)<\/li>\n<li><strong>Poids (emballage)<\/strong>: 0,59kg<\/li>\n<\/ul>","protected":false},"excerpt":{"rendered":"<p>La carte RFID NFC NTAG213 offre des fonctions de lecture et de r\u00e9\u00e9criture avec une capacit\u00e9 m\u00e9moire de 144 octets.<\/p>\n<p>Ces cartes en PVC brillant sont au format standard CR80 et peuvent \u00eatre personnalis\u00e9es avec impression.<\/p>\n<p>Parfait pour diverses applications, notamment les \u00e9v\u00e9nements et les programmes de fid\u00e9lit\u00e9.<\/p>\n<p>Vendu en paquet de 100.<\/p>","protected":false},"featured_media":139205,"template":"","meta":{"_acf_changed":false},"product_brand":[],"product_cat":[4232,1711],"product_tag":[3077,3084,3069],"class_list":{"0":"post-87009","1":"product","2":"type-product","3":"status-publish","4":"has-post-thumbnail","6":"product_cat-rfid-kort-legic-pac-fm-5542","7":"product_cat-rfid-kort","8":"product_tag-rfid-desfire","9":"product_tag-trade-rfid-kort","10":"product_tag-trade-produkt","11":"pa_plastkort-teknik-ntag203","12":"tm-no-options","14":"first","15":"instock","16":"sale","17":"taxable","18":"shipping-taxable","19":"purchasable","20":"product-type-simple"},"acf":[],"_links":{"self":[{"href":"https:\/\/secureus.se\/fr\/wp-json\/wp\/v2\/product\/87009","targetHints":{"allow":["GET"]}}],"collection":[{"href":"https:\/\/secureus.se\/fr\/wp-json\/wp\/v2\/product"}],"about":[{"href":"https:\/\/secureus.se\/fr\/wp-json\/wp\/v2\/types\/product"}],"wp:featuredmedia":[{"embeddable":true,"href":"https:\/\/secureus.se\/fr\/wp-json\/wp\/v2\/media\/139205"}],"wp:attachment":[{"href":"https:\/\/secureus.se\/fr\/wp-json\/wp\/v2\/media?parent=87009"}],"wp:term":[{"taxonomy":"product_brand","embeddable":true,"href":"https:\/\/secureus.se\/fr\/wp-json\/wp\/v2\/product_brand?post=87009"},{"taxonomy":"product_cat","embeddable":true,"href":"https:\/\/secureus.se\/fr\/wp-json\/wp\/v2\/product_cat?post=87009"},{"taxonomy":"product_tag","embeddable":true,"href":"https:\/\/secureus.se\/fr\/wp-json\/wp\/v2\/product_tag?post=87009"}],"curies":[{"name":"wp","href":"https:\/\/api.w.org\/{rel}","templated":true}]}}