{"id":87131,"date":"2023-11-03T12:01:04","date_gmt":"2023-11-03T11:01:04","guid":{"rendered":"https:\/\/secureus.se\/produkt\/salto-pcm01kb50hi-1k-contactless-smartcard-with-hi-co-magnetic-stripe-pack-of-100\/"},"modified":"2026-03-26T10:13:36","modified_gmt":"2026-03-26T09:13:36","slug":"blank-salto-1k-kort-med-hi-co-magnetremsa","status":"publish","type":"product","link":"https:\/\/secureus.se\/fr\/blank-salto-1k-kort-med-hi-co-magnetremsa\/","title":{"rendered":"Carte vierge Salto 1K avec bande magn\u00e9tique HiCo \u2013 Paquet de 100"},"content":{"rendered":"<h1>Carte Salto 1K vierge avec bande magn\u00e9tique Hi-Co - paquet de 100<\/h1>\n<p>Les cartes sans contact brillantes Salto 1K avec bande magn\u00e9tique Hi-Co offrent une solution flexible et s\u00e9curis\u00e9e pour les entreprises et les organisations utilisant le syst\u00e8me logiciel de la s\u00e9rie Salto E9. Ces cartes RFID sont dot\u00e9es d&#039;une bande magn\u00e9tique \u00e0 haute coercivit\u00e9 (2750 Oersted) qui permet un encodage s\u00e9curis\u00e9 des donn\u00e9es et une utilisation efficace dans diverses applications, notamment les cartes d&#039;identit\u00e9 et le contr\u00f4le d&#039;acc\u00e8s.<\/p>\n<p>La taille standard des cartes (CR80) (85,60 x 53,98 mm) les rend adapt\u00e9es \u00e0 la personnalisation, notamment avec photo d&#039;identit\u00e9 et logos. Avec une capacit\u00e9 m\u00e9moire de 1 Ko et une fr\u00e9quence de 13,56 MHz, ces cartes offrent une communication rapide et fiable, garantissant un traitement efficace des donn\u00e9es utilisateur.<\/p>\n<p>Vendus en paquets de 100, ce qui les rend \u00e9conomiques pour les grandes organisations et projets. Que vous en ayez besoin pour des solutions de s\u00e9curit\u00e9 ou comme solutions de billetterie, les cartes brillantes Salto 1K sont un excellent choix pour une vari\u00e9t\u00e9 d&#039;utilisations.<\/p>\n<p><strong>Caract\u00e9ristiques et avantages<\/strong>:<\/p>\n<ul>\n<li>Cartes RFID compatibles avec la s\u00e9rie Salto E9<\/li>\n<li>Bande magn\u00e9tique \u00e0 haute coercivit\u00e9 (2750 Oersted) pour un encodage s\u00e9curis\u00e9 des donn\u00e9es<\/li>\n<li>Capacit\u00e9 de m\u00e9moire de 1 Ko<\/li>\n<li>Fonctionne \u00e0 la fr\u00e9quence de 13,56 MHz<\/li>\n<li>Taille CR80 standard pour un ajustement facile<\/li>\n<li>Vendu en paquets de 100 pour une utilisation \u00e9conomique<\/li>\n<\/ul>\n<p><strong>Sp\u00e9cification technique<\/strong>:<\/p>\n<ul>\n<li><strong>Capacit\u00e9 m\u00e9moire<\/strong>: 1 Ko<\/li>\n<li><strong>Fr\u00e9quence<\/strong>: 13,56 MHz<\/li>\n<li><strong>Bande magn\u00e9tique<\/strong>: Haute coercitivit\u00e9 (2750 Oersted)<\/li>\n<li><strong>Taille<\/strong>: Norme CR80 (85,60 x 53,98 mm)<\/li>\n<li><strong>Poids (emballage)<\/strong>: 0,50kg<\/li>\n<\/ul>","protected":false},"excerpt":{"rendered":"<p>Les cartes sans contact vierges Salto 1K avec bande magn\u00e9tique \u00e0 haute coercivit\u00e9 sont des cartes RFID id\u00e9ales pour les syst\u00e8mes de s\u00e9curit\u00e9 de la s\u00e9rie Salto E9.<\/p>\n<p>Ces cartes sont \u00e9quip\u00e9es d&#039;une bande magn\u00e9tique \u00e0 haute coercivit\u00e9 pour un encodage s\u00e9curis\u00e9 des donn\u00e9es et disposent d&#039;une capacit\u00e9 m\u00e9moire de 1 Ko.<\/p>\n<p>Vendu en paquets de 100 pour une solution \u00e9conomique.<\/p>","protected":false},"featured_media":139184,"template":"","meta":{"_acf_changed":false},"product_brand":[],"product_cat":[1711,4231],"product_tag":[4538,3077,3084,3069],"class_list":{"0":"post-87131","1":"product","2":"type-product","3":"status-publish","4":"has-post-thumbnail","6":"product_cat-rfid-kort","7":"product_cat-rfid-kort-salto","8":"product_tag-100-pack-lopnummer-rfid-kort","9":"product_tag-rfid-desfire","10":"product_tag-trade-rfid-kort","11":"product_tag-trade-produkt","12":"product_shipping_class-postnord-varubrev","13":"pa_brands-salto","14":"pa_plastkort-teknik-salto","15":"tm-no-options","17":"first","18":"instock","19":"sale","20":"taxable","21":"shipping-taxable","22":"purchasable","23":"product-type-simple"},"acf":[],"_links":{"self":[{"href":"https:\/\/secureus.se\/fr\/wp-json\/wp\/v2\/product\/87131","targetHints":{"allow":["GET"]}}],"collection":[{"href":"https:\/\/secureus.se\/fr\/wp-json\/wp\/v2\/product"}],"about":[{"href":"https:\/\/secureus.se\/fr\/wp-json\/wp\/v2\/types\/product"}],"wp:featuredmedia":[{"embeddable":true,"href":"https:\/\/secureus.se\/fr\/wp-json\/wp\/v2\/media\/139184"}],"wp:attachment":[{"href":"https:\/\/secureus.se\/fr\/wp-json\/wp\/v2\/media?parent=87131"}],"wp:term":[{"taxonomy":"product_brand","embeddable":true,"href":"https:\/\/secureus.se\/fr\/wp-json\/wp\/v2\/product_brand?post=87131"},{"taxonomy":"product_cat","embeddable":true,"href":"https:\/\/secureus.se\/fr\/wp-json\/wp\/v2\/product_cat?post=87131"},{"taxonomy":"product_tag","embeddable":true,"href":"https:\/\/secureus.se\/fr\/wp-json\/wp\/v2\/product_tag?post=87131"}],"curies":[{"name":"wp","href":"https:\/\/api.w.org\/{rel}","templated":true}]}}