{"id":87141,"date":"2023-11-03T12:01:10","date_gmt":"2023-11-03T11:01:10","guid":{"rendered":"https:\/\/secureus.se\/produkt\/mifare-classic-4k-nxp-ev1-cards-with-magnetic-stripe-pack-of-100\/"},"modified":"2026-04-23T12:34:26","modified_gmt":"2026-04-23T10:34:26","slug":"mifare-classic-4k-med-hi-co-magnetremsa-100-pack","status":"publish","type":"product","link":"https:\/\/secureus.se\/fr\/mifare-classic-4k-med-hi-co-magnetremsa-100-pack\/","title":{"rendered":"Mifare Classic 4K avec bande magn\u00e9tique HiCo \u2013 pack de 100"},"content":{"rendered":"<h1>Mifare Classic 4K avec bande magn\u00e9tique Hi-Co - paquet de 100<\/h1>\n<p>Les cartes Mifare Classic 4K NXP EV1 avec bande magn\u00e9tique Hi-Co sont la solution parfaite pour les entreprises et les organisations qui ont besoin de solutions d&#039;identit\u00e9 s\u00e9curis\u00e9es et efficaces. Ces cartes sont \u00e9quip\u00e9es d&#039;une v\u00e9ritable puce intelligente NXP, qui garantit une haute s\u00e9curit\u00e9 et fiabilit\u00e9 d&#039;utilisation. Avec une capacit\u00e9 de m\u00e9moire de 4 Ko, les cartes peuvent stocker de nombreuses informations, ce qui les rend id\u00e9ales pour diverses applications de contr\u00f4le d&#039;identit\u00e9 et d&#039;acc\u00e8s.<\/p>\n<p>La bande magn\u00e9tique \u00e0 haute coercivit\u00e9 (2750 Oersted) permet un encodage facile des donn\u00e9es, ce qui permet d&#039;utiliser les cartes pour des solutions de billetterie et d&#039;autres syst\u00e8mes de paiement. La fr\u00e9quence de la carte de 13,56 MHz garantit une communication rapide et s\u00e9curis\u00e9e, et chaque carte est programm\u00e9e individuellement avec un num\u00e9ro NUID de 4 octets pour une s\u00e9curit\u00e9 et une tra\u00e7abilit\u00e9 accrues. Vendus en paquets de 100, ce qui les rend rentables pour les installations et projets plus importants.<\/p>\n<p><strong>Caract\u00e9ristiques et avantages<\/strong>:<\/p>\n<ul>\n<li>\u00c9quip\u00e9 d&#039;une v\u00e9ritable puce intelligente NXP<\/li>\n<li>Bande magn\u00e9tique \u00e0 haute coercivit\u00e9 (2750 Oersted)<\/li>\n<li>Capacit\u00e9 de m\u00e9moire de 4 Ko<\/li>\n<li>Fonctionne \u00e0 la fr\u00e9quence de 13,56 MHz<\/li>\n<li>Programm\u00e9 individuellement avec des num\u00e9ros NUID de 4 octets<\/li>\n<li>Vendu en paquets de 100 pour une utilisation \u00e9conomique<\/li>\n<\/ul>\n<p><strong>Sp\u00e9cification technique<\/strong>:<\/p>\n<ul>\n<li><strong>Capacit\u00e9 m\u00e9moire<\/strong>: 4 Ko<\/li>\n<li><strong>Fr\u00e9quence<\/strong>: 13,56 MHz<\/li>\n<li><strong>Bande magn\u00e9tique<\/strong>: Haute coercitivit\u00e9 (2750 Oersted)<\/li>\n<li><strong>Taille<\/strong>: Norme CR80<\/li>\n<li><strong>Poids (emballage)<\/strong>: 0,59 kg<\/li>\n<\/ul>","protected":false},"excerpt":{"rendered":"<p>Ce produit est dot\u00e9 d&#039;une puce certifi\u00e9e par NXP\u00ae, une entreprise technologique mondiale dont le si\u00e8ge est aux Pays-Bas. NXP\u00ae est sp\u00e9cialis\u00e9 dans la RFID et le NFC et propose une gamme de produits en mati\u00e8re de s\u00e9curit\u00e9, de connectivit\u00e9 et de solutions embarqu\u00e9es.<\/p>\n<p>Les cartes Mifare Classic 4K NXP EV1 \u00e0 bande magn\u00e9tique haute coercivit\u00e9 sont des cartes sans contact \u00e9quip\u00e9es d&#039;une v\u00e9ritable puce intelligente NXP.<\/p>\n<p>Avec une capacit\u00e9 m\u00e9moire de 4 Ko et une bande magn\u00e9tique pour l&#039;encodage des donn\u00e9es, ces cartes offrent une solution fiable pour le contr\u00f4le d&#039;identit\u00e9 et d&#039;acc\u00e8s.<\/p>\n<p>Vendu en paquets de 100 pour une utilisation \u00e9conomique.<\/p>","protected":false},"featured_media":138496,"template":"","meta":{"_acf_changed":false},"product_brand":[],"product_cat":[4234,4226,1711],"product_tag":[4538,3077,3073,3084,3069],"class_list":{"0":"post-87141","1":"product","2":"type-product","3":"status-publish","4":"has-post-thumbnail","6":"product_cat-rfid-kort-magnet","7":"product_cat-rfid-kort-mifare-classic-4k","8":"product_cat-rfid-kort","9":"product_tag-100-pack-lopnummer-rfid-kort","10":"product_tag-rfid-desfire","11":"product_tag-rfid-mifare4k","12":"product_tag-trade-rfid-kort","13":"product_tag-trade-produkt","14":"product_shipping_class-postnord-varubrev","15":"pa_plastkort-teknik-mifare4k","16":"tm-has-options","18":"first","19":"instock","20":"sale","21":"taxable","22":"shipping-taxable","23":"purchasable","24":"product-type-simple"},"acf":[],"_links":{"self":[{"href":"https:\/\/secureus.se\/fr\/wp-json\/wp\/v2\/product\/87141","targetHints":{"allow":["GET"]}}],"collection":[{"href":"https:\/\/secureus.se\/fr\/wp-json\/wp\/v2\/product"}],"about":[{"href":"https:\/\/secureus.se\/fr\/wp-json\/wp\/v2\/types\/product"}],"wp:featuredmedia":[{"embeddable":true,"href":"https:\/\/secureus.se\/fr\/wp-json\/wp\/v2\/media\/138496"}],"wp:attachment":[{"href":"https:\/\/secureus.se\/fr\/wp-json\/wp\/v2\/media?parent=87141"}],"wp:term":[{"taxonomy":"product_brand","embeddable":true,"href":"https:\/\/secureus.se\/fr\/wp-json\/wp\/v2\/product_brand?post=87141"},{"taxonomy":"product_cat","embeddable":true,"href":"https:\/\/secureus.se\/fr\/wp-json\/wp\/v2\/product_cat?post=87141"},{"taxonomy":"product_tag","embeddable":true,"href":"https:\/\/secureus.se\/fr\/wp-json\/wp\/v2\/product_tag?post=87141"}],"curies":[{"name":"wp","href":"https:\/\/api.w.org\/{rel}","templated":true}]}}