{"id":87147,"date":"2023-11-03T12:01:14","date_gmt":"2023-11-03T11:01:14","guid":{"rendered":"https:\/\/secureus.se\/produkt\/salto-4k-blank-contactless-smartcard-pcm04kb-50-pack-of-100\/"},"modified":"2026-04-08T16:23:13","modified_gmt":"2026-04-08T14:23:13","slug":"blank-salto-4k-kort-100-pack","status":"publish","type":"product","link":"https:\/\/secureus.se\/fr\/blank-salto-4k-kort-100-pack\/","title":{"rendered":"Carte Salto 4K vierge \u2013 paquet de 100, 13,56 MHz"},"content":{"rendered":"<h1>Carte Salto 4K vierge \u2013 paquet de 100, 13,56 MHz<\/h1>\n<p>Les cartes sans contact Salto 4K vierges sont une option polyvalente pour les syst\u00e8mes de s\u00e9curit\u00e9, sp\u00e9cialement con\u00e7ues pour la s\u00e9rie Salto E9. Avec une capacit\u00e9 m\u00e9moire de 4 Ko et une taille de carte de cr\u00e9dit standard CR80 (85,60 x 53,98 mm), ces cartes RFID offrent une solution fiable pour la v\u00e9rification d&#039;identit\u00e9 et le contr\u00f4le d&#039;acc\u00e8s. La fr\u00e9quence des cartes de 13,56 MHz garantit une communication rapide et s\u00e9curis\u00e9e, tandis que la surface brillante facilite la personnalisation des cartes avec des impressions pour une photo d&#039;identit\u00e9 ou une utilisation de tickets. Ils sont compatibles avec le r\u00e9seau virtuel SALTO (SVN), ce qui les rend id\u00e9aux pour une utilisation dans les environnements de bureau et les lieux publics. Vendus en paquets de 100, ce qui les rend rentables pour les projets et installations plus importants.<\/p>\n<p><strong>Caract\u00e9ristiques et avantages<\/strong>:<\/p>\n<ul>\n<li>Cartes RFID adapt\u00e9es au syst\u00e8me de s\u00e9curit\u00e9 Salto E9<\/li>\n<li>Surface brillante pour une impression personnalis\u00e9e<\/li>\n<li>Capacit\u00e9 de m\u00e9moire de 4 Ko<\/li>\n<li>Taille CR80 standard (85,60 x 53,98 mm)<\/li>\n<li>Fonctionne \u00e0 la fr\u00e9quence de 13,56 MHz<\/li>\n<li>Compatible avec le r\u00e9seau virtuel SALTO (SVN)<\/li>\n<li>Vendu en paquet de 100<\/li>\n<\/ul>\n<p><strong>Sp\u00e9cification technique<\/strong>:<\/p>\n<ul>\n<li><strong>Capacit\u00e9 m\u00e9moire<\/strong>: 4 Ko<\/li>\n<li><strong>Fr\u00e9quence<\/strong>: 13,56 MHz<\/li>\n<li><strong>Taille<\/strong>: 85,60 x 53,98 mm (CR80)<\/li>\n<li><strong>Poids (emballage)<\/strong>: 0,63 kg<\/li>\n<\/ul>","protected":false},"excerpt":{"rendered":"<p>Les cartes sans contact brillantes Salto 4K sont des cartes RFID parfaitement adapt\u00e9es au syst\u00e8me de s\u00e9curit\u00e9 de la s\u00e9rie Salto E9.<\/p>\n<p>La finition brillante les rend id\u00e9ales pour la personnalisation, y compris la photo d&#039;identit\u00e9, les tickets et le contr\u00f4le d&#039;acc\u00e8s.<\/p>\n<p>Ces cartes sont vendues par lot de 100 et ont une capacit\u00e9 m\u00e9moire de 4 Ko.<\/p>","protected":false},"featured_media":139156,"template":"","meta":{"_acf_changed":false},"product_brand":[],"product_cat":[1711,4231],"product_tag":[4538,3077,2151,3084,3069],"class_list":{"0":"post-87147","1":"product","2":"type-product","3":"status-publish","4":"has-post-thumbnail","6":"product_cat-rfid-kort","7":"product_cat-rfid-kort-salto","8":"product_tag-100-pack-lopnummer-rfid-kort","9":"product_tag-rfid-desfire","10":"product_tag-rfid-salto","11":"product_tag-trade-rfid-kort","12":"product_tag-trade-produkt","13":"product_shipping_class-postnord-varubrev","14":"pa_brands-salto","15":"pa_plastkort-teknik-salto","16":"tm-no-options","18":"first","19":"instock","20":"sale","21":"taxable","22":"shipping-taxable","23":"purchasable","24":"product-type-simple"},"acf":[],"_links":{"self":[{"href":"https:\/\/secureus.se\/fr\/wp-json\/wp\/v2\/product\/87147","targetHints":{"allow":["GET"]}}],"collection":[{"href":"https:\/\/secureus.se\/fr\/wp-json\/wp\/v2\/product"}],"about":[{"href":"https:\/\/secureus.se\/fr\/wp-json\/wp\/v2\/types\/product"}],"wp:featuredmedia":[{"embeddable":true,"href":"https:\/\/secureus.se\/fr\/wp-json\/wp\/v2\/media\/139156"}],"wp:attachment":[{"href":"https:\/\/secureus.se\/fr\/wp-json\/wp\/v2\/media?parent=87147"}],"wp:term":[{"taxonomy":"product_brand","embeddable":true,"href":"https:\/\/secureus.se\/fr\/wp-json\/wp\/v2\/product_brand?post=87147"},{"taxonomy":"product_cat","embeddable":true,"href":"https:\/\/secureus.se\/fr\/wp-json\/wp\/v2\/product_cat?post=87147"},{"taxonomy":"product_tag","embeddable":true,"href":"https:\/\/secureus.se\/fr\/wp-json\/wp\/v2\/product_tag?post=87147"}],"curies":[{"name":"wp","href":"https:\/\/api.w.org\/{rel}","templated":true}]}}