{"id":87161,"date":"2023-11-03T12:01:21","date_gmt":"2023-11-03T11:01:21","guid":{"rendered":"https:\/\/secureus.se\/produkt\/mifare-ultralight-nxp-ev1-cards-pack-of-100\/"},"modified":"2025-12-31T20:59:46","modified_gmt":"2025-12-31T19:59:46","slug":"mifare-ultralight-nxp-ev1-cards-pack-of-100","status":"publish","type":"product","link":"https:\/\/secureus.se\/fr\/mifare-ultralight-nxp-ev1-cards-pack-of-100\/","title":{"rendered":"Carte MIFARE Ultralight\u00ae NXP EV1 (100 pi\u00e8ces par paquet)"},"content":{"rendered":"<p>Les cartes Mifare Ultralight 1k NXP EV1 constituent une alternative peu co\u00fbteuse et sans tracas \u00e0 la billetterie papier. Ces cartes sans contact sont id\u00e9ales pour une utilisation dans les transports publics, les parkings et les pass \u00e9v\u00e9nementiels.<\/p>\n<ul>\n<li>Vendu en paquet de 100<\/li>\n<li>Contient une v\u00e9ritable puce NXP EV1<\/li>\n<li>Contient 48 octets\/384 bits de m\u00e9moire<\/li>\n<li>Vitesse de communication de 106 kbit\/s<\/li>\n<li>La surface vierge en PVC blanc est id\u00e9ale pour une impression personnalis\u00e9e<\/li>\n<\/ul>\n<p>\n <strong><br \/>\n Poids du produit :<br \/>\n 0,50 kg<br \/>\n <\/strong>\n <\/p>","protected":false},"excerpt":{"rendered":"<p>Ce produit est dot\u00e9 d&#039;une puce certifi\u00e9e par NXP\u00ae, une entreprise technologique mondiale dont le si\u00e8ge est aux Pays-Bas. NXP\u00ae est sp\u00e9cialis\u00e9 dans la RFID et le NFC et propose une gamme de produits en mati\u00e8re de s\u00e9curit\u00e9, de connectivit\u00e9 et de solutions embarqu\u00e9es<\/p>","protected":false},"featured_media":139792,"template":"","meta":{"_acf_changed":false},"product_brand":[],"product_cat":[4228,1711],"product_tag":[4538,4146,3077,3079,3084,3069],"class_list":{"0":"post-87161","1":"product","2":"type-product","3":"status-publish","4":"has-post-thumbnail","6":"product_cat-rfid-kort-mifare-ultralight","7":"product_cat-rfid-kort","8":"product_tag-100-pack-lopnummer-rfid-kort","9":"product_tag-nxp","10":"product_tag-rfid-desfire","11":"product_tag-rfid-mifare-ultralight","12":"product_tag-trade-rfid-kort","13":"product_tag-trade-produkt","14":"product_shipping_class-postnord-varubrev","15":"pa_plastkort-teknik-mifare-ultralight","16":"tm-no-options","18":"first","19":"instock","20":"sale","21":"taxable","22":"shipping-taxable","23":"purchasable","24":"product-type-simple"},"acf":[],"_links":{"self":[{"href":"https:\/\/secureus.se\/fr\/wp-json\/wp\/v2\/product\/87161","targetHints":{"allow":["GET"]}}],"collection":[{"href":"https:\/\/secureus.se\/fr\/wp-json\/wp\/v2\/product"}],"about":[{"href":"https:\/\/secureus.se\/fr\/wp-json\/wp\/v2\/types\/product"}],"wp:featuredmedia":[{"embeddable":true,"href":"https:\/\/secureus.se\/fr\/wp-json\/wp\/v2\/media\/139792"}],"wp:attachment":[{"href":"https:\/\/secureus.se\/fr\/wp-json\/wp\/v2\/media?parent=87161"}],"wp:term":[{"taxonomy":"product_brand","embeddable":true,"href":"https:\/\/secureus.se\/fr\/wp-json\/wp\/v2\/product_brand?post=87161"},{"taxonomy":"product_cat","embeddable":true,"href":"https:\/\/secureus.se\/fr\/wp-json\/wp\/v2\/product_cat?post=87161"},{"taxonomy":"product_tag","embeddable":true,"href":"https:\/\/secureus.se\/fr\/wp-json\/wp\/v2\/product_tag?post=87161"}],"curies":[{"name":"wp","href":"https:\/\/api.w.org\/{rel}","templated":true}]}}