{"id":87171,"date":"2023-11-03T12:01:24","date_gmt":"2023-11-03T11:01:24","guid":{"rendered":"https:\/\/secureus.se\/produkt\/mifare-classic-4k-nxp-ev1-cards-pack-of-100\/"},"modified":"2026-04-23T12:33:26","modified_gmt":"2026-04-23T10:33:26","slug":"mifare-classic-4k-nxp-ev1-kort-100-pack","status":"publish","type":"product","link":"https:\/\/secureus.se\/fr\/mifare-classic-4k-nxp-ev1-kort-100-pack\/","title":{"rendered":"Carte Mifare Classic 4K NXP EV1 - paquet de 100, 13,56 MHz"},"content":{"rendered":"<h1>Carte Mifare Classic 4K NXP EV1 - paquet de 100, 13,56 MHz<\/h1>\n<p>La carte Mifare Classic 4K NXP EV1 offre une s\u00e9curit\u00e9 et une polyvalence \u00e9lev\u00e9es avec une v\u00e9ritable puce intelligente NXP qui permet une lecture et une \u00e9criture s\u00e9curis\u00e9es. Avec une capacit\u00e9 m\u00e9moire de 4 Ko, ces cartes sans contact peuvent \u00eatre utilis\u00e9es pour un large \u00e9ventail d&#039;applications, notamment le contr\u00f4le d&#039;acc\u00e8s, la v\u00e9rification d&#039;identit\u00e9 et les programmes de fid\u00e9lit\u00e9. Chaque carte est programm\u00e9e individuellement avec un num\u00e9ro NUID unique de 4 octets, garantissant que chaque carte est unique et facile \u00e0 suivre. Les cartes fonctionnent \u00e0 une fr\u00e9quence de 13,56 MHz et sont au format standard de carte de cr\u00e9dit CR80 (85,60 x 53,98 mm). Vendus en paquets de 100, ce qui les rend rentables pour les projets plus importants.<\/p>\n<p><strong>Caract\u00e9ristiques et avantages<\/strong>:<\/p>\n<ul>\n<li>V\u00e9ritable puce intelligente NXP<\/li>\n<li>Capacit\u00e9 de m\u00e9moire de 4 Ko<\/li>\n<li>Fonction de lecture\/\u00e9criture s\u00e9curis\u00e9e<\/li>\n<li>Programm\u00e9 individuellement avec des num\u00e9ros NUID de 4 octets<\/li>\n<li>Fonctionne \u00e0 la fr\u00e9quence de 13,56 MHz<\/li>\n<li>Vendu en paquet de 100<\/li>\n<li>Taille standard de la carte de cr\u00e9dit CR80 (85,60 x 53,98 mm)<\/li>\n<\/ul>\n<p><strong>Sp\u00e9cification technique<\/strong>:<\/p>\n<ul>\n<li><strong>Capacit\u00e9 m\u00e9moire<\/strong>: 4 Ko<\/li>\n<li><strong>Fr\u00e9quence<\/strong>: 13,56 MHz<\/li>\n<li><strong>Taille<\/strong>: 85,60 x 53,98 mm (CR80)<\/li>\n<li><strong>Poids (emballage)<\/strong>: 0,59 kg<\/li>\n<\/ul>","protected":false},"excerpt":{"rendered":"<p>Ce produit est dot\u00e9 d&#039;une puce certifi\u00e9e par NXP\u00ae, une entreprise technologique mondiale dont le si\u00e8ge est aux Pays-Bas. NXP\u00ae est sp\u00e9cialis\u00e9 dans la RFID et le NFC et propose une gamme de produits en mati\u00e8re de s\u00e9curit\u00e9, de connectivit\u00e9 et de solutions embarqu\u00e9es.<\/p>\n<p>Les cartes Mifare Classic 4K NXP EV1 sont des cartes \u00e0 puce sans contact \u00e9quip\u00e9es d&#039;une v\u00e9ritable puce intelligente NXP. Avec une capacit\u00e9 de m\u00e9moire de 4 Ko et une fonctionnalit\u00e9 de lecture\/\u00e9criture s\u00e9curis\u00e9e, ces cartes sont parfaites pour une vari\u00e9t\u00e9 d&#039;applications. Vendu en paquets de 100 et a la taille standard CR80 (85,60 x 53,98 mm).<\/p>","protected":false},"featured_media":139771,"template":"","meta":{"_acf_changed":false},"product_brand":[],"product_cat":[4226,1711],"product_tag":[4538,3077,3073,3084,3069],"class_list":{"0":"post-87171","1":"product","2":"type-product","3":"status-publish","4":"has-post-thumbnail","6":"product_cat-rfid-kort-mifare-classic-4k","7":"product_cat-rfid-kort","8":"product_tag-100-pack-lopnummer-rfid-kort","9":"product_tag-rfid-desfire","10":"product_tag-rfid-mifare4k","11":"product_tag-trade-rfid-kort","12":"product_tag-trade-produkt","13":"product_shipping_class-postnord-varubrev","14":"pa_plastkort-teknik-mifare4k","15":"tm-has-options","17":"first","18":"instock","19":"sale","20":"taxable","21":"shipping-taxable","22":"purchasable","23":"product-type-simple"},"acf":[],"_links":{"self":[{"href":"https:\/\/secureus.se\/fr\/wp-json\/wp\/v2\/product\/87171","targetHints":{"allow":["GET"]}}],"collection":[{"href":"https:\/\/secureus.se\/fr\/wp-json\/wp\/v2\/product"}],"about":[{"href":"https:\/\/secureus.se\/fr\/wp-json\/wp\/v2\/types\/product"}],"wp:featuredmedia":[{"embeddable":true,"href":"https:\/\/secureus.se\/fr\/wp-json\/wp\/v2\/media\/139771"}],"wp:attachment":[{"href":"https:\/\/secureus.se\/fr\/wp-json\/wp\/v2\/media?parent=87171"}],"wp:term":[{"taxonomy":"product_brand","embeddable":true,"href":"https:\/\/secureus.se\/fr\/wp-json\/wp\/v2\/product_brand?post=87171"},{"taxonomy":"product_cat","embeddable":true,"href":"https:\/\/secureus.se\/fr\/wp-json\/wp\/v2\/product_cat?post=87171"},{"taxonomy":"product_tag","embeddable":true,"href":"https:\/\/secureus.se\/fr\/wp-json\/wp\/v2\/product_tag?post=87171"}],"curies":[{"name":"wp","href":"https:\/\/api.w.org\/{rel}","templated":true}]}}