{"id":87181,"date":"2023-11-03T12:01:28","date_gmt":"2023-11-03T11:01:28","guid":{"rendered":"https:\/\/secureus.se\/produkt\/blank-salto-1k-contactless-cards-pack-of-100\/"},"modified":"2026-04-08T16:23:59","modified_gmt":"2026-04-08T14:23:59","slug":"salto-1k-rfid-kontaktlosa-kort-100-pack","status":"publish","type":"product","link":"https:\/\/secureus.se\/fr\/salto-1k-rfid-kontaktlosa-kort-100-pack\/","title":{"rendered":"Cartes sans contact RFID Salto 1K - Paquet de 100, 13,56 MHz"},"content":{"rendered":"<h1>Cartes sans contact RFID Salto 1K - Paquet de 100, 13,56 MHz<\/h1>\n<p>Les cartes sans contact Salto 1K sont des cartes RFID compatibles avec les syst\u00e8mes de s\u00e9curit\u00e9 de la s\u00e9rie Salto E9 et offrent une s\u00e9curit\u00e9 et une flexibilit\u00e9 \u00e9lev\u00e9es pour une vari\u00e9t\u00e9 d&#039;applications. Avec une capacit\u00e9 de m\u00e9moire de 1 Ko et une fr\u00e9quence de 13,56 MHz, ces cartes peuvent \u00eatre utilis\u00e9es pour les solutions de contr\u00f4le d&#039;acc\u00e8s, d&#039;identification avec photo et de billetterie. La surface brillante permet de personnaliser les cartes avec des logos, des photos ou d&#039;autres informations d&#039;identification, ce qui est id\u00e9al pour les lieux de travail et les \u00e9v\u00e9nements. Les cartes prennent \u00e9galement en charge le r\u00e9seau virtuel SALTO (SVN), qui fournit des fonctions suppl\u00e9mentaires et une gestion \u00e0 distance des autorisations d&#039;acc\u00e8s. Vendu par lot de 100 et au format carte de cr\u00e9dit standard CR80 (85,60 x 53,98 mm).<\/p>\n<p><strong>Caract\u00e9ristiques et avantages<\/strong>:<\/p>\n<ul>\n<li>Compatible avec le syst\u00e8me de s\u00e9curit\u00e9 Salto E9<\/li>\n<li>Capacit\u00e9 de m\u00e9moire de 1 Ko<\/li>\n<li>Surfaces brillantes pour la personnalisation (photo d&#039;identit\u00e9, logos)<\/li>\n<li>Fonctionne \u00e0 la fr\u00e9quence de 13,56 MHz<\/li>\n<li>Compatible avec le r\u00e9seau virtuel SALTO (SVN)<\/li>\n<li>Vendu en paquet de 100<\/li>\n<li>Taille standard de la carte de cr\u00e9dit CR80 (85,60 x 53,98 mm)<\/li>\n<\/ul>\n<p><strong>Sp\u00e9cification technique<\/strong>:<\/p>\n<ul>\n<li style=\"list-style-type: none\">\n<ul>\n<li><strong>Capacit\u00e9 m\u00e9moire<\/strong>: 1 Ko<\/li>\n<li><strong>Fr\u00e9quence<\/strong>: 13,56 MHz<\/li>\n<li><strong>Taille<\/strong>: 85,60 x 53,98 mm (CR80)<\/li>\n<li><strong>Poids (emballage)<\/strong>: 0,63 kg<\/li>\n<\/ul>\n<\/li>\n<\/ul>","protected":false},"excerpt":{"rendered":"<p>Les cartes RFID sans contact Salto 1K sont con\u00e7ues pour \u00eatre utilis\u00e9es avec les syst\u00e8mes de s\u00e9curit\u00e9 de la s\u00e9rie Salto E9.<\/p>\n<p>Avec une capacit\u00e9 m\u00e9moire de 1 Ko et une fr\u00e9quence de 13,56 MHz, ces cartes sont parfaites pour les solutions de contr\u00f4le d&#039;acc\u00e8s, d&#039;identification avec photo et de billetterie.<\/p>\n<p>La surface brillante permet d&#039;adapter les cartes selon les besoins.<\/p>\n<p>Vendus en paquets de 100 et sont de taille standard CR80.<\/p>","protected":false},"featured_media":139134,"template":"","meta":{"_acf_changed":false},"product_brand":[],"product_cat":[1711,4231],"product_tag":[4538,3077,2151,3084,3069],"class_list":{"0":"post-87181","1":"product","2":"type-product","3":"status-publish","4":"has-post-thumbnail","6":"product_cat-rfid-kort","7":"product_cat-rfid-kort-salto","8":"product_tag-100-pack-lopnummer-rfid-kort","9":"product_tag-rfid-desfire","10":"product_tag-rfid-salto","11":"product_tag-trade-rfid-kort","12":"product_tag-trade-produkt","13":"product_shipping_class-postnord-varubrev","14":"pa_brands-salto","15":"pa_plastkort-teknik-salto","16":"tm-no-options","18":"first","19":"instock","20":"sale","21":"taxable","22":"shipping-taxable","23":"purchasable","24":"product-type-simple"},"acf":[],"_links":{"self":[{"href":"https:\/\/secureus.se\/fr\/wp-json\/wp\/v2\/product\/87181","targetHints":{"allow":["GET"]}}],"collection":[{"href":"https:\/\/secureus.se\/fr\/wp-json\/wp\/v2\/product"}],"about":[{"href":"https:\/\/secureus.se\/fr\/wp-json\/wp\/v2\/types\/product"}],"wp:featuredmedia":[{"embeddable":true,"href":"https:\/\/secureus.se\/fr\/wp-json\/wp\/v2\/media\/139134"}],"wp:attachment":[{"href":"https:\/\/secureus.se\/fr\/wp-json\/wp\/v2\/media?parent=87181"}],"wp:term":[{"taxonomy":"product_brand","embeddable":true,"href":"https:\/\/secureus.se\/fr\/wp-json\/wp\/v2\/product_brand?post=87181"},{"taxonomy":"product_cat","embeddable":true,"href":"https:\/\/secureus.se\/fr\/wp-json\/wp\/v2\/product_cat?post=87181"},{"taxonomy":"product_tag","embeddable":true,"href":"https:\/\/secureus.se\/fr\/wp-json\/wp\/v2\/product_tag?post=87181"}],"curies":[{"name":"wp","href":"https:\/\/api.w.org\/{rel}","templated":true}]}}