{"id":87293,"date":"2023-11-13T15:40:33","date_gmt":"2023-11-13T14:40:33","guid":{"rendered":"https:\/\/secureus.se\/?post_type=product&#038;p=87293"},"modified":"2026-03-30T12:28:05","modified_gmt":"2026-03-30T10:28:05","slug":"ajax-fireprotect-2-plus-rb-rok-co-och-temperatur-svart","status":"publish","type":"product","link":"https:\/\/secureus.se\/fr\/ajax-fireprotect-2-plus-rb-rok-co-och-temperatur-svart\/","title":{"rendered":"Ajax FireProtect 2 Plus RB - Fum\u00e9e, CO et temp\u00e9rature Noir"},"content":{"rendered":"<h3>Ajax FireProtect 2 Plus RB est la derni\u00e8re innovation en mati\u00e8re de s\u00e9curit\u00e9 incendie, \u00e9tablissant une nouvelle norme pour les alarmes incendie.<\/h3>\n<p>Gr\u00e2ce \u00e0 sa capacit\u00e9 \u00e0 d\u00e9tecter la fum\u00e9e, la temp\u00e9rature et le monoxyde de carbone (CO), cet appareil offre un niveau de s\u00e9curit\u00e9 sup\u00e9rieur tant pour les habitations que pour les entreprises. FireProtect 2 Plus RB dispose d&#039;une chambre de fum\u00e9e avanc\u00e9e qui \u00e9limine le besoin de nettoyage et r\u00e9duit efficacement le risque de fausses alarmes, qui peuvent \u00eatre caus\u00e9es par des facteurs tels que l&#039;humidit\u00e9, le froid, la poussi\u00e8re et les insectes.<\/p>\n<p><strong>D\u00e9tection pr\u00e9cise et fiable<\/strong><br \/>\nLe capteur innovant \u00e0 double spectre de l&#039;Ajax FireProtect 2 Plus RB fait la diff\u00e9rence entre la fum\u00e9e et la vapeur, ce qui lui permet de r\u00e9agir rapidement aux incendies avec des mat\u00e9riaux synth\u00e9tiques et \u00e9limine le risque d&#039;activation de l&#039;alarme dans des situations non li\u00e9es \u00e0 un incendie.<\/p>\n<p>Cette capacit\u00e9 \u00e0 distinguer la fum\u00e9e de la vapeur fait du FireProtect 2 Plus RB une alarme incendie tr\u00e8s pr\u00e9cise et fiable.<\/p>\n<p><strong>Longue dur\u00e9e de vie de la batterie et remplacement facile<\/strong><br \/>\nFireProtect 2 Plus RB est \u00e9quip\u00e9 de deux piles CR123A qui ont une longue dur\u00e9e de vie allant jusqu&#039;\u00e0 7 ans.<\/p>\n<p>Lorsque les piles doivent \u00eatre remplac\u00e9es, l&#039;application Ajax le rappelle \u00e0 l&#039;utilisateur, ce qui facilite le maintien de l&#039;appareil en parfait \u00e9tat. Pour garantir que l&#039;alarme incendie fonctionne \u00e0 tout moment, une notification vous indique lorsqu&#039;il est temps de changer la pile.<\/p>\n<p><strong>Compatibilit\u00e9 et installation facile<\/strong><br \/>\nAjax FireProtect 2 Plus RB fonctionne parfaitement avec le syst\u00e8me d&#039;alarme Ajax et peut \u00eatre facilement int\u00e9gr\u00e9 via l&#039;application Ajax.<\/p>\n<p>La port\u00e9e sans fil allant jusqu&#039;\u00e0 1 700 m\u00e8tres rend l&#039;installation flexible et facile. Il fonctionne \u00e9galement comme un appareil autonome, ce qui signifie qu&#039;il n&#039;a pas besoin d&#039;\u00eatre connect\u00e9 \u00e0 un syst\u00e8me pour fonctionner, offrant ainsi \u00e0 l&#039;utilisateur une flexibilit\u00e9 maximale.<\/p>\n<p><strong>Niveaux de s\u00e9curit\u00e9 et fonctions<\/strong><br \/>\nFireProtect 2 Plus RB a un niveau sonore de 85 dB \u00e0 une distance de 3 m\u00e8tres, ce qui est suffisant pour garantir que l&#039;utilisateur entend l&#039;alarme m\u00eame dans des environnements bruyants.<\/p>\n<p>Le seuil d&#039;alarme de temp\u00e9rature est de 64\u00b0C soit une augmentation de 10\u00b0C pendant une minute, ce qui signifie qu&#039;il r\u00e9agit rapidement aux \u00e9v\u00e9nements d&#039;incendie. Avec son indice IP20, le d\u00e9tecteur de fum\u00e9e est prot\u00e9g\u00e9 contre la salet\u00e9 et la poussi\u00e8re, mais il n&#039;est pas destin\u00e9 \u00e0 une utilisation en ext\u00e9rieur.<\/p>\n<p><strong>Sp\u00e9cifications techniques<\/strong>:<\/p>\n<ul>\n<li><strong>Compatibilit\u00e9<\/strong>: Hub Plus, Hub 2, Hub 2 Plus, Hub Hybride, ReX, ReX 2<\/li>\n<li><strong>Port\u00e9e sans fil<\/strong>: Jusqu&#039;\u00e0 1700 m\u00e8tres en terrain d\u00e9couvert<\/li>\n<li><strong>Type de batterie<\/strong>: 2 x CR123A<\/li>\n<li><strong>Autonomie de la batterie<\/strong>: Jusqu&#039;\u00e0 7 ans<\/li>\n<li><strong>Plage de temp\u00e9rature<\/strong>: 0\u00b0C \u00e0 +50\u00b0C<\/li>\n<li><strong>Humidit\u00e9<\/strong>: Jusqu&#039;\u00e0 80%<\/li>\n<li><strong>Classe IP<\/strong>:IP20<\/li>\n<li><strong>Intensit\u00e9<\/strong>: 85 dB (3 m\u00e8tres)<\/li>\n<li><strong>Seuil d&#039;alarme<\/strong>: +64\u00b0C ou augmentation de 10\u00b0C pendant moins d&#039;1 minute<\/li>\n<\/ul>\n<p><strong>Le paquet contient<\/strong>:<\/p>\n<ul>\n<li>1 x Ajax FireProtect 2 Plus RB<\/li>\n<li>2 piles CR123A<\/li>\n<li>1 x kit de montage<\/li>\n<\/ul>\n<p><strong>Conclusion<\/strong>:<br \/>\nAjax FireProtect 2 Plus RB est une solution pionni\u00e8re de s\u00e9curit\u00e9 incendie qui offre une d\u00e9tection pr\u00e9cise de la fum\u00e9e, des changements de temp\u00e9rature et du monoxyde de carbone.<\/p>\n<p>Avec sa conception innovante et sa technologie avanc\u00e9e, il est \u00e0 la fois fiable et efficace, ce qui en fait un excellent choix pour tous ceux qui recherchent une protection incendie de haute qualit\u00e9 dans leur maison ou leur entreprise.<\/p>","protected":false},"excerpt":{"rendered":"<p>Ajax FireProtect 2 Plus RB est une alarme incendie avanc\u00e9e capable de d\u00e9tecter la fum\u00e9e, les changements de temp\u00e9rature et le monoxyde de carbone.<\/p>\n<p>\u00c9quip\u00e9 d&#039;une chambre de fum\u00e9e innovante et de capteurs \u00e0 double spectre, il minimise le risque de fausses alarmes et offre une s\u00e9curit\u00e9 fiable pour votre maison ou votre entreprise.<\/p>\n<p>Avec une longue dur\u00e9e de vie de la batterie et une int\u00e9gration fluide dans le syst\u00e8me d&#039;alarme Ajax, c&#039;est la solution id\u00e9ale pour la s\u00e9curit\u00e9 incendie.<\/p>","protected":false},"featured_media":156026,"template":"","meta":{"_acf_changed":false},"product_brand":[],"product_cat":[3159,1319],"product_tag":[3152,3127,4863],"class_list":{"0":"post-87293","1":"product","2":"type-product","3":"status-publish","4":"has-post-thumbnail","6":"product_cat-brandvarnare","7":"product_cat-ajax-larm","8":"product_tag-cr123-tillbehor","9":"product_tag-kontrollprodukt","10":"product_tag-pf","11":"product_shipping_class-tunga-paket","12":"pa_brands-ajax-systems","13":"pa_farg-svart","14":"tm-no-options","16":"first","17":"instock","18":"sale","19":"featured","20":"taxable","21":"shipping-taxable","22":"purchasable","23":"product-type-simple"},"acf":[],"_links":{"self":[{"href":"https:\/\/secureus.se\/fr\/wp-json\/wp\/v2\/product\/87293","targetHints":{"allow":["GET"]}}],"collection":[{"href":"https:\/\/secureus.se\/fr\/wp-json\/wp\/v2\/product"}],"about":[{"href":"https:\/\/secureus.se\/fr\/wp-json\/wp\/v2\/types\/product"}],"wp:featuredmedia":[{"embeddable":true,"href":"https:\/\/secureus.se\/fr\/wp-json\/wp\/v2\/media\/156026"}],"wp:attachment":[{"href":"https:\/\/secureus.se\/fr\/wp-json\/wp\/v2\/media?parent=87293"}],"wp:term":[{"taxonomy":"product_brand","embeddable":true,"href":"https:\/\/secureus.se\/fr\/wp-json\/wp\/v2\/product_brand?post=87293"},{"taxonomy":"product_cat","embeddable":true,"href":"https:\/\/secureus.se\/fr\/wp-json\/wp\/v2\/product_cat?post=87293"},{"taxonomy":"product_tag","embeddable":true,"href":"https:\/\/secureus.se\/fr\/wp-json\/wp\/v2\/product_tag?post=87293"}],"curies":[{"name":"wp","href":"https:\/\/api.w.org\/{rel}","templated":true}]}}