{"id":87451,"date":"2023-11-22T17:06:13","date_gmt":"2023-11-22T16:06:13","guid":{"rendered":"https:\/\/secureus.se\/?post_type=product&#038;p=87451"},"modified":"2026-04-20T15:02:25","modified_gmt":"2026-04-20T13:02:25","slug":"tagg-laddbricka-mifare-pro","status":"publish","type":"product","link":"https:\/\/secureus.se\/fr\/tagg-laddbricka-mifare-pro\/","title":{"rendered":"\u00c9tiquette de chargement Mifare\u00ae \u2013 Pro"},"content":{"rendered":"<h1>Plateau de chargement d&#039;\u00e9tiquettes RFID Mifare<\/h1>\n<p>Simplifiez la recharge de votre voiture \u00e9lectrique et augmentez le niveau de s\u00e9curit\u00e9 avec nos tags RFID et tags de recharge, adapt\u00e9s \u00e0 la norme MIFARE et compatibles avec les bo\u00eetiers de recharge de grandes marques telles que Easee &amp; Zaptec.<\/p>\n<h3><strong>Principales caract\u00e9ristiques\u00a0:<\/strong><\/h3>\n<ol>\n<li><strong>Contr\u00f4le d&#039;acc\u00e8s facile\u00a0:<\/strong>\n<ul>\n<li>Utilisez notre \u00e9tiquette RFID pour verrouiller facilement votre bo\u00eetier de recharge et r\u00e9guler l&#039;acc\u00e8s des utilisateurs. Parfait pour restreindre l&#039;utilisation dans des endroits sans surveillance tels que les chalets d&#039;\u00e9t\u00e9.<\/li>\n<\/ul>\n<\/li>\n<li><strong>La s\u00e9curit\u00e9 en priorit\u00e9\u00a0:<\/strong>\n<ul>\n<li>Prot\u00e9gez votre bo\u00eetier de recharge avec notre \u00e9tiquette RFID standard MIFARE, id\u00e9ale pour les utilisateurs qui privil\u00e9gient la s\u00e9curit\u00e9, en particulier dans les endroits o\u00f9 le bo\u00eetier de recharge est expos\u00e9 pendant de longues p\u00e9riodes sans surveillance.<\/li>\n<\/ul>\n<\/li>\n<li><strong>Installation fluide\u00a0:<\/strong>\n<ul>\n<li>Int\u00e9grez facilement l&#039;\u00e9tiquette RFID en suivant les instructions claires dans l&#039;application de votre bo\u00eetier de chargement. Pas de processus compliqu\u00e9, juste une utilisation simple et fluide.<\/li>\n<\/ul>\n<\/li>\n<li><strong>Efficacit\u00e9 optimale avec le plateau de chargement\u00a0:<\/strong>\n<ul>\n<li>Augmentez la vitesse de charge jusqu&#039;\u00e0 40% avec notre plateau de charge efficace, ce qui permet une recharge plus rapide et plus rentable pour votre voiture \u00e9lectrique.<\/li>\n<\/ul>\n<\/li>\n<\/ol>\n<h3><strong>Domaines d&#039;utilisation :<\/strong><\/h3>\n<ul>\n<li><strong>Recharge loisirs :<\/strong>\n<ul>\n<li>Parfait pour les chalets d&#039;\u00e9t\u00e9 ou les endroits o\u00f9 le bo\u00eetier de recharge peut \u00eatre sans surveillance. L&#039;\u00e9tiquette RFID vous permet de contr\u00f4ler l&#039;utilisation du bo\u00eetier de recharge et augmente la s\u00e9curit\u00e9.<\/li>\n<\/ul>\n<\/li>\n<li><strong>Recharge professionnelle s\u00e9curis\u00e9e\u00a0:<\/strong>\n<ul>\n<li>Id\u00e9al pour les entreprises qui doivent s&#039;assurer que seuls les utilisateurs autoris\u00e9s ont acc\u00e8s \u00e0 l&#039;infrastructure de recharge.<\/li>\n<\/ul>\n<\/li>\n<\/ul>\n<p>Optimisez la recharge de votre voiture \u00e9lectrique avec nos \u00e9tiquettes RFID et nos \u00e9tiquettes de recharge fiables. Passez votre commande aujourd&#039;hui pour une exp\u00e9rience de chargement plus s\u00fbre et plus fluide avec Easee\u00a0!<\/p>\n<h3 class=\"title3_container__95KRM\"><strong>Zapt\u00e8que<\/strong><\/h3>\n<ol>\n<li>\n<p class=\"editorial-body_container__B1_Rn\">Ouvrez l&#039;application Zaptec<\/p>\n<\/li>\n<li>\n<p class=\"editorial-body_container__B1_Rn\">Aller \u00e0\u00a0<strong>Mes porte-cl\u00e9s<\/strong><\/p>\n<\/li>\n<li>\n<p class=\"editorial-body_container__B1_Rn\">Choisir\u00a0<strong>Ajouter un nouveau<\/strong><\/p>\n<\/li>\n<\/ol>\n<h3 class=\"title3_container__95KRM\"><strong>Facile<\/strong><\/h3>\n<ol>\n<li>\n<p class=\"editorial-body_container__B1_Rn\">Ouvrez l&#039;application Easee<\/p>\n<\/li>\n<li>\n<p class=\"editorial-body_container__B1_Rn\">Ouvrez le menu dans le coin sup\u00e9rieur gauche<\/p>\n<\/li>\n<li>\n<p class=\"editorial-body_container__B1_Rn\">Choisir\u00a0<strong>Touches faciles<\/strong> et bien\u00a0<strong>Ajouter<\/strong> du coin sup\u00e9rieur droit<\/p>\n<\/li>\n<li>\n<p class=\"editorial-body_container__B1_Rn\">Choisissez votre bo\u00eetier de recharge<\/p>\n<\/li>\n<li>\n<p class=\"editorial-body_container__B1_Rn\">Placez votre RFID contre le marquage sur le bo\u00eetier de chargement ou scannez-la avec votre t\u00e9l\u00e9phone<\/p>\n<\/li>\n<li>\n<p class=\"editorial-body_container__B1_Rn\">Nommez votre \u00e9tiquette RFID telle que \u00ab\u00a0Plateau de chargement\u00a0\u00bb<\/p>\n<\/li>\n<\/ol>","protected":false},"excerpt":{"rendered":"<p>\u00c9tiquette RFID \/ chargeur sans fil noir. L&#039;\u00e9tiquette est conforme \u00e0 la norme MIFARE et compatible avec tous les chargeurs prenant en charge MIFARE, notamment Easee et Zaptec. Ce produit est dot\u00e9 d&#039;une puce certifi\u00e9e NXP\u00ae.<\/p>\n<p>Si vous souhaitez un num\u00e9ro sur l&#039;\u00e9tiquette pour l&#039;ajouter facilement \u00e0 votre application, cliquez sur \u00ab\u00a0Personnaliser le produit\u00a0\u00bb et s\u00e9lectionnez \u00ab\u00a0Identifiant unique de la puce\u00a0\u00bb. Nous graverons alors le num\u00e9ro d&#039;identification unique figurant sur l&#039;\u00e9tiquette avant la livraison.<\/p>","protected":false},"featured_media":158677,"template":"","meta":{"_acf_changed":false},"product_brand":[],"product_cat":[3091,4815,4784,4814],"product_tag":[3090,4146],"class_list":{"0":"post-87451","1":"product","2":"type-product","3":"status-publish","4":"has-post-thumbnail","6":"product_cat-elbilsladdning","7":"product_cat-easee-taggar","8":"product_cat-mifare1k","9":"product_cat-zaptec-taggar","10":"product_tag-laddbricka","11":"product_tag-nxp","12":"product_shipping_class-postnord-varubrev","13":"pa_brands-stonehouse-security","14":"pa_chip-teknik-mifare1k","15":"tm-has-options","17":"first","18":"instock","19":"taxable","20":"shipping-taxable","21":"purchasable","22":"product-type-simple"},"acf":[],"_links":{"self":[{"href":"https:\/\/secureus.se\/fr\/wp-json\/wp\/v2\/product\/87451","targetHints":{"allow":["GET"]}}],"collection":[{"href":"https:\/\/secureus.se\/fr\/wp-json\/wp\/v2\/product"}],"about":[{"href":"https:\/\/secureus.se\/fr\/wp-json\/wp\/v2\/types\/product"}],"wp:featuredmedia":[{"embeddable":true,"href":"https:\/\/secureus.se\/fr\/wp-json\/wp\/v2\/media\/158677"}],"wp:attachment":[{"href":"https:\/\/secureus.se\/fr\/wp-json\/wp\/v2\/media?parent=87451"}],"wp:term":[{"taxonomy":"product_brand","embeddable":true,"href":"https:\/\/secureus.se\/fr\/wp-json\/wp\/v2\/product_brand?post=87451"},{"taxonomy":"product_cat","embeddable":true,"href":"https:\/\/secureus.se\/fr\/wp-json\/wp\/v2\/product_cat?post=87451"},{"taxonomy":"product_tag","embeddable":true,"href":"https:\/\/secureus.se\/fr\/wp-json\/wp\/v2\/product_tag?post=87451"}],"curies":[{"name":"wp","href":"https:\/\/api.w.org\/{rel}","templated":true}]}}