{"id":87759,"date":"2023-03-28T14:23:51","date_gmt":"2023-03-28T12:23:51","guid":{"rendered":"https:\/\/secureus.se\/produkt\/apollo-pp2526-discovery-brandknapp-inomhusbruk-en-54-11-certifierad-rod\/"},"modified":"2026-04-09T11:36:11","modified_gmt":"2026-04-09T09:36:11","slug":"apollo-pp2526-discovery-brandknapp-inomhusbruk-en-54-11-certifierad-rod","status":"publish","type":"product","link":"https:\/\/secureus.se\/fr\/apollo-pp2526-discovery-brandknapp-inomhusbruk-en-54-11-certifierad-rod\/","title":{"rendered":"Apollo PP2526 Bouton Discovery Fire, usage int\u00e9rieur, certifi\u00e9 EN 54-11, rouge"},"content":{"rendered":"<h1>Apollo PP2526 Bouton Discovery Fire, usage int\u00e9rieur, certifi\u00e9 EN 54-11, rouge<\/h1>\n<p class=\"\" data-start=\"396\" data-end=\"765\">Le point d&#039;appel manuel intelligent Apollo PP2526 Discovery est con\u00e7u pour activer facilement une alarme incendie en appuyant sur le bouton r\u00e9initialisable.<\/p>\n<p class=\"\" data-start=\"396\" data-end=\"765\">Lorsqu&#039;il est activ\u00e9, il fournit une LED rouge fixe pour l&#039;\u00e9tat de l&#039;alarme, tandis qu&#039;un vert clignotant indique l&#039;\u00e9tat de l&#039;interrogation et un jaune indique le d\u00e9faut.<\/p>\n<p class=\"\" data-start=\"396\" data-end=\"765\">Cela permet de surveiller et de v\u00e9rifier facilement la fonctionnalit\u00e9 de l&#039;appareil.<\/p>\n<p class=\"\" data-start=\"767\" data-end=\"1208\">Ce point d&#039;appel manuel convient aussi bien au montage semi-encastr\u00e9 qu&#039;en saillie et dispose d&#039;un indice de protection IP44 pour la protection contre la salet\u00e9 et l&#039;humidit\u00e9.<\/p>\n<p class=\"\" data-start=\"767\" data-end=\"1208\">Avec une tension de 17-35 V DC et une compatibilit\u00e9 avec les syst\u00e8mes XP95, Discovery et CoreProtocol, cet appareil offre des performances et une fiabilit\u00e9 \u00e9lev\u00e9es.<\/p>\n<p class=\"\" data-start=\"767\" data-end=\"1208\">Il est livr\u00e9 avec une connexion \u00ab Plug and Play \u00bb pour une installation rapide et facile et un lien de continuit\u00e9 pour tester les c\u00e2bles avant l&#039;installation.<\/p>\n<p class=\"\" data-start=\"1210\" data-end=\"1343\">Avec une garantie de 10 ans et un bo\u00eetier robuste en polycarbonate, ce point d&#039;appel manuel est une solution durable et s\u00fbre pour les syst\u00e8mes d&#039;alarme incendie.<\/p>","protected":false},"excerpt":{"rendered":"<p>Le point d&#039;appel manuel intelligent Apollo PP2526 Discovery est utilis\u00e9 pour d\u00e9clencher manuellement une alarme dans le syst\u00e8me de d\u00e9tection d&#039;incendie.<\/p>\n<p>Il dispose d&#039;une fonction r\u00e9initialisable, d&#039;une LED visible \u00e0 170\u00b0 et est certifi\u00e9 selon la norme EN 54-11.<\/p>","protected":false},"featured_media":140460,"template":"","meta":{"_acf_changed":false},"product_brand":[],"product_cat":[4748],"product_tag":[],"class_list":{"0":"post-87759","1":"product","2":"type-product","3":"status-publish","4":"has-post-thumbnail","6":"product_cat-discovery-serien","7":"product_shipping_class-postnord-varubrev","8":"pa_brands-apollo-fire-detectors","9":"tm-no-options","11":"first","12":"instock","13":"sale","14":"featured","15":"taxable","16":"shipping-taxable","17":"purchasable","18":"product-type-simple"},"acf":[],"_links":{"self":[{"href":"https:\/\/secureus.se\/fr\/wp-json\/wp\/v2\/product\/87759","targetHints":{"allow":["GET"]}}],"collection":[{"href":"https:\/\/secureus.se\/fr\/wp-json\/wp\/v2\/product"}],"about":[{"href":"https:\/\/secureus.se\/fr\/wp-json\/wp\/v2\/types\/product"}],"wp:featuredmedia":[{"embeddable":true,"href":"https:\/\/secureus.se\/fr\/wp-json\/wp\/v2\/media\/140460"}],"wp:attachment":[{"href":"https:\/\/secureus.se\/fr\/wp-json\/wp\/v2\/media?parent=87759"}],"wp:term":[{"taxonomy":"product_brand","embeddable":true,"href":"https:\/\/secureus.se\/fr\/wp-json\/wp\/v2\/product_brand?post=87759"},{"taxonomy":"product_cat","embeddable":true,"href":"https:\/\/secureus.se\/fr\/wp-json\/wp\/v2\/product_cat?post=87759"},{"taxonomy":"product_tag","embeddable":true,"href":"https:\/\/secureus.se\/fr\/wp-json\/wp\/v2\/product_tag?post=87759"}],"curies":[{"name":"wp","href":"https:\/\/api.w.org\/{rel}","templated":true}]}}