{"id":87761,"date":"2023-09-14T15:29:50","date_gmt":"2023-09-14T13:29:50","guid":{"rendered":"https:\/\/secureus.se\/produkt\/siren-blixt-multiton-en54-utomhus-transparent-glas\/"},"modified":"2026-03-12T13:10:47","modified_gmt":"2026-03-12T12:10:47","slug":"siren-blixt-multiton-en54-utomhus-transparent-glas-bs-cwss-rr-s3","status":"publish","type":"product","link":"https:\/\/secureus.se\/fr\/siren-blixt-multiton-en54-utomhus-transparent-glas-bs-cwss-rr-s3\/","title":{"rendered":"Sir\u00e8ne\/Flash Multitone EN54, Ext\u00e9rieur Verre transparent BS-CWSS-RR-S3"},"content":{"rendered":"<div class=\"d-flex mb-2\">\n<h1 class=\"text-uppercase font-weight-bold fs_14 color5\">Sir\u00e9n\/Blixt Multiton EN54, Utomhus Transparent glas BS-CWSS-RR-S3<\/h1>\n<p data-start=\"205\" data-end=\"324\"><span class=\"relative -mx-px my-[-0.2rem] rounded px-px py-[0.2rem]\">KAC BS- CWSS-RR-S3 \u00e4r en avancerad konventionell ljudare och blixtkombination, utformad f\u00f6r att effektivt varna personer i n\u00f6dsituationer.<\/span><\/p>\n<p data-start=\"205\" data-end=\"324\"><span class=\"relative -mx-px my-[-0.2rem] rounded px-px py-[0.2rem]\">Den kombinerar kraftfullt ljud med en ljusstark LED-blixt, vilket g\u00f6r den idealisk f\u00f6r b\u00e5de ljud- och ljussignalering.<\/span>\u200b<\/p>\n<p data-start=\"326\" data-end=\"354\"><strong data-start=\"326\" data-end=\"354\">Huvudsakliga egenskaper:<\/strong><\/p>\n<ul data-start=\"356\" data-end=\"1489\">\n<li data-start=\"356\" data-end=\"458\">\n<p data-start=\"358\" data-end=\"458\"><strong data-start=\"358\" data-end=\"376\">Modern design:<\/strong> <span class=\"relative -mx-px my-[-0.2rem] rounded px-px py-[0.2rem]\">Eliminerar behovet av att orientera enheten vid installation, vilket f\u00f6renklar processen.<\/span>\u200b<\/p>\n<\/li>\n<li data-start=\"460\" data-end=\"570\">\n<p data-start=\"462\" data-end=\"570\"><strong data-start=\"462\" data-end=\"486\">F\u00f6rsta fix-funktion:<\/strong> <span class=\"relative -mx-px my-[-0.2rem] rounded px-px py-[0.2rem]\">M\u00f6jligg\u00f6r elektrisk kontinuitetstestning innan enheten installeras, vilket sparar tid och minskar installationsfel.<\/span>\u200b<\/p>\n<\/li>\n<li data-start=\"572\" data-end=\"678\">\n<p data-start=\"574\" data-end=\"678\"><strong data-start=\"574\" data-end=\"592\">L\u00e5g profilbas:<\/strong> <span class=\"relative -mx-px my-[-0.2rem] rounded px-px py-[0.2rem]\">Erbjuder flexibel installation med flera kabeling\u00e5ngar, vilket anpassar sig efter olika installationsbehov.<\/span>\u200b<\/p>\n<\/li>\n<li data-start=\"680\" data-end=\"806\">\n<p data-start=\"682\" data-end=\"806\"><strong data-start=\"682\" data-end=\"720\">Standardiserade monteringspunkter:<\/strong> <span class=\"relative -mx-px my-[-0.2rem] rounded px-px py-[0.2rem]\">Underl\u00e4ttar installationen genom att st\u00f6dja ett brett spektrum av vanliga monteringsavst\u00e5nd.<\/span>\u200b<\/p>\n<\/li>\n<li data-start=\"808\" data-end=\"917\">\n<p data-start=\"810\" data-end=\"917\"><strong data-start=\"810\" data-end=\"831\">Positiv passform:<\/strong> <span class=\"relative -mx-px my-[-0.2rem] rounded px-px py-[0.2rem]\">S\u00e4kerst\u00e4ller att enheten enkelt och s\u00e4kert f\u00e4sts p\u00e5 basen, vilket underl\u00e4ttar installationen.<\/span>\u200b<\/p>\n<\/li>\n<li data-start=\"919\" data-end=\"1031\">\n<p data-start=\"921\" data-end=\"1031\"><strong data-start=\"921\" data-end=\"945\">M\u00e5ngsidig montering:<\/strong> <span class=\"relative -mx-px my-[-0.2rem] rounded px-px py-[0.2rem]\">L\u00e4mplig f\u00f6r b\u00e5de v\u00e4gg- och takmontering, vilket ger flexibilitet i installationsdesignen.<\/span>\u200b<\/p>\n<\/li>\n<li data-start=\"1033\" data-end=\"1140\">\n<p data-start=\"1035\" data-end=\"1140\"><strong data-start=\"1035\" data-end=\"1054\">Globalt tonset:<\/strong> <span class=\"relative -mx-px my-[-0.2rem] rounded px-px py-[0.2rem]\">Inkluderar 32 toner, alla godk\u00e4nda enligt EN54-3, vilket s\u00e4kerst\u00e4ller tydlig och effektiv ljudsignalering.<\/span>\u200b<\/p>\n<\/li>\n<li data-start=\"1142\" data-end=\"1250\">\n<p data-start=\"1144\" data-end=\"1250\"><strong data-start=\"1144\" data-end=\"1164\">Justerbar volym:<\/strong> <span class=\"relative -mx-px my-[-0.2rem] rounded px-px py-[0.2rem]\">Anv\u00e4ndaren kan anpassa ljudniv\u00e5n efter behov, vilket ger flexibilitet beroende p\u00e5 omgivande ljudniv\u00e5er.<\/span>\u200b<\/p>\n<\/li>\n<li data-start=\"1252\" data-end=\"1380\">\n<p data-start=\"1254\" data-end=\"1380\"><strong data-start=\"1254\" data-end=\"1294\">Synkroniserad ljud- och blixtsignal:<\/strong> <span class=\"relative -mx-px my-[-0.2rem] rounded px-px py-[0.2rem]\">S\u00e4kerst\u00e4ller att ljud och ljus \u00e4r i synkronisering, vilket f\u00f6rb\u00e4ttrar effektiviteten i larm\u00f6verf\u00f6ringen.<\/span>\u200b<\/p>\n<\/li>\n<li data-start=\"1382\" data-end=\"1489\">\n<p data-start=\"1384\" data-end=\"1489\"><strong data-start=\"1384\" data-end=\"1403\">Certifieringar:<\/strong> <span class=\"relative -mx-px my-[-0.2rem] rounded px-px py-[0.2rem]\">Uppfyller standarderna EN54-3 f\u00f6r ljudsignalering och EN54-23 (\u00f6ppen kategori) f\u00f6r ljussignalering, vilket garanterar att enheten uppfyller h\u00f6ga kvalitets- och tillf\u00f6rlitlighetskrav.<\/span>\u200b<\/p>\n<\/li>\n<\/ul>\n<p data-start=\"1491\" data-end=\"1511\"><strong data-start=\"1491\" data-end=\"1511\">Specifikationer:<\/strong><\/p>\n<ul data-start=\"1513\" data-end=\"3126\">\n<li data-start=\"1513\" data-end=\"1618\">\n<p data-start=\"1515\" data-end=\"1618\"><strong data-start=\"1515\" data-end=\"1532\">Modellnummer:<\/strong> <span class=\"relative -mx-px my-[-0.2rem] rounded px-px py-[0.2rem]\">CWSS-RR-S<\/span><\/p>\n<\/li>\n<li data-start=\"1620\" data-end=\"1722\">\n<p data-start=\"1622\" data-end=\"1722\"><strong data-start=\"1622\" data-end=\"1636\">Siren typ:<\/strong> <span class=\"relative -mx-px my-[-0.2rem] rounded px-px py-[0.2rem]\">Brand siren<\/span><\/p>\n<\/li>\n<li data-start=\"1724\" data-end=\"1834\">\n<p data-start=\"1726\" data-end=\"1834\"><strong data-start=\"1726\" data-end=\"1748\">Anv\u00e4ndningsomr\u00e5de:<\/strong> <span class=\"relative -mx-px my-[-0.2rem] rounded px-px py-[0.2rem]\">Utomhus<\/span>\u200b<\/p>\n<\/li>\n<li data-start=\"1836\" data-end=\"1944\">\n<p data-start=\"1838\" data-end=\"1944\"><strong data-start=\"1838\" data-end=\"1858\">Monteringsmetod:<\/strong> <span class=\"relative -mx-px my-[-0.2rem] rounded px-px py-[0.2rem]\">Ytmontering<\/span>\u200b<\/p>\n<\/li>\n<li data-start=\"1946\" data-end=\"2043\">\n<p data-start=\"1948\" data-end=\"2043\"><strong data-start=\"1948\" data-end=\"1957\">F\u00e4rg:<\/strong> <span class=\"relative -mx-px my-[-0.2rem] rounded px-px py-[0.2rem]\">R\u00f6d<\/span>\u200b<\/p>\n<\/li>\n<li data-start=\"2045\" data-end=\"2158\">\n<p data-start=\"2047\" data-end=\"2158\"><strong data-start=\"2047\" data-end=\"2072\">F\u00f6rs\u00f6rjningssp\u00e4nning:<\/strong> <span class=\"relative -mx-px my-[-0.2rem] rounded px-px py-[0.2rem]\">9\u201329 V DC<\/span>\u200b<\/p>\n<\/li>\n<li data-start=\"2160\" data-end=\"2276\">\n<p data-start=\"2162\" data-end=\"2276\"><strong data-start=\"2162\" data-end=\"2190\">Str\u00f6mf\u00f6rbrukning (larm):<\/strong> <span class=\"relative -mx-px my-[-0.2rem] rounded px-px py-[0.2rem]\">35,4 mA vid 24 V DC (DIN-ton)<\/span><\/p>\n<\/li>\n<li data-start=\"2278\" data-end=\"2379\">\n<p data-start=\"2280\" data-end=\"2379\"><strong data-start=\"2280\" data-end=\"2293\">Ljudniv\u00e5:<\/strong> <span class=\"relative -mx-px my-[-0.2rem] rounded px-px py-[0.2rem]\">102,5 dB(A) vid 24 V DC (DIN-ton)<\/span>\u200b<\/p>\n<\/li>\n<li data-start=\"2381\" data-end=\"2492\">\n<p data-start=\"2383\" data-end=\"2492\"><strong data-start=\"2383\" data-end=\"2406\">Frekvens f\u00f6r blixt:<\/strong> <span class=\"relative -mx-px my-[-0.2rem] rounded px-px py-[0.2rem]\">0,5 Hz<\/span>\u200b<\/p>\n<\/li>\n<li data-start=\"2494\" data-end=\"2596\">\n<p data-start=\"2496\" data-end=\"2596\"><strong data-start=\"2496\" data-end=\"2510\">Blixtf\u00e4rg:<\/strong> <span class=\"relative -mx-px my-[-0.2rem] rounded px-px py-[0.2rem]\">R\u00f6d<\/span>\u200b<\/p>\n<\/li>\n<li data-start=\"2598\" data-end=\"2701\">\n<p data-start=\"2600\" data-end=\"2701\"><strong data-start=\"2600\" data-end=\"2615\">Ljusstyrka:<\/strong> <span class=\"relative -mx-px my-[-0.2rem] rounded px-px py-[0.2rem]\">Upp till 56 cd effektivt<\/span><\/p>\n<\/li>\n<li data-start=\"2703\" data-end=\"2807\">\n<p data-start=\"2705\" data-end=\"2807\"><strong data-start=\"2705\" data-end=\"2721\">Dimensioner:<\/strong> <span class=\"relative -mx-px my-[-0.2rem] rounded px-px py-[0.2rem]\">\u00d8100 mm x H98 mm<\/span>\u200b<\/p>\n<\/li>\n<li data-start=\"2809\" data-end=\"2906\" data-is-only-node=\"\">\n<p data-start=\"2811\" data-end=\"2906\"><strong data-start=\"2811\" data-end=\"2820\">Vikt:<\/strong> <span class=\"relative -mx-px my-[-0.2rem] rounded px-px py-[0.2rem]\">Cirka 236 g<\/span><\/p>\n<\/li>\n<li data-start=\"2908\" data-end=\"3017\">\n<p data-start=\"2910\" data-end=\"3017\"><strong data-start=\"2910\" data-end=\"2931\">Arbetstemperatur:<\/strong> <span class=\"relative -mx-px my-[-0.2rem] rounded px-px py-[0.2rem]\">-25 \u00b0C till +70 \u00b0C<\/span>\u200b<\/p>\n<\/li>\n<li data-start=\"3019\" data-end=\"3126\">\n<p data-start=\"3021\" data-end=\"3126\"><strong data-start=\"3021\" data-end=\"3040\">Certifieringar:<\/strong> <span class=\"relative -mx-px my-[-0.2rem] rounded px-px py-[0.2rem]\">EN54-3 och EN54-23 (\u00f6ppen kategori)<\/span><\/p>\n<\/li>\n<\/ul>\n<\/div>\n","protected":false},"excerpt":{"rendered":"<p><span class=\"relative -mx-px my-[-0.2rem] rounded px-px py-[0.2rem]\">KAC BS-CWSS-RR-S3 \u00e4r en konventionell ljudare med integrerad r\u00f6d LED-blixt, avsedd f\u00f6r utomhusbruk med IP65-klassificering.<\/span><\/p>\n<p><span class=\"relative -mx-px my-[-0.2rem] rounded px-px py-[0.2rem]\">Enheten erbjuder 32 signaltoner och justerbar volym, vilket s\u00e4kerst\u00e4ller effektiv larm\u00f6verf\u00f6ring i olika milj\u00f6er.<\/span> <span class=\"relative -mx-px my-[-0.2rem] rounded px-px py-[0.2rem]\">C<\/span><\/p>\n<p><span class=\"relative -mx-px my-[-0.2rem] rounded px-px py-[0.2rem]\">ertifierad enligt EN54-3 och EN54-23 (\u00f6ppen kategori), vilket garanterar h\u00f6g kvalitet och tillf\u00f6rlitlighet.<\/span><\/p>\n","protected":false},"featured_media":139947,"template":"","meta":{"_acf_changed":false},"product_brand":[],"product_cat":[1825,5097],"product_tag":[2959,3042,2268],"class_list":{"0":"post-87761","1":"product","2":"type-product","3":"status-publish","4":"has-post-thumbnail","6":"product_cat-sirener-brand","7":"product_cat-kombisiren-blixt-brand","8":"product_tag-certifierad-en54","9":"product_tag-kombi-siren-blixt","10":"product_tag-larmdon-siren-inomhus","11":"product_shipping_class-postnord-varubrev","12":"tm-no-options","14":"first","15":"onbackorder","16":"sale","17":"featured","18":"taxable","19":"shipping-taxable","20":"purchasable","21":"product-type-simple"},"acf":[],"_links":{"self":[{"href":"https:\/\/secureus.se\/fr\/wp-json\/wp\/v2\/product\/87761","targetHints":{"allow":["GET"]}}],"collection":[{"href":"https:\/\/secureus.se\/fr\/wp-json\/wp\/v2\/product"}],"about":[{"href":"https:\/\/secureus.se\/fr\/wp-json\/wp\/v2\/types\/product"}],"wp:featuredmedia":[{"embeddable":true,"href":"https:\/\/secureus.se\/fr\/wp-json\/wp\/v2\/media\/139947"}],"wp:attachment":[{"href":"https:\/\/secureus.se\/fr\/wp-json\/wp\/v2\/media?parent=87761"}],"wp:term":[{"taxonomy":"product_brand","embeddable":true,"href":"https:\/\/secureus.se\/fr\/wp-json\/wp\/v2\/product_brand?post=87761"},{"taxonomy":"product_cat","embeddable":true,"href":"https:\/\/secureus.se\/fr\/wp-json\/wp\/v2\/product_cat?post=87761"},{"taxonomy":"product_tag","embeddable":true,"href":"https:\/\/secureus.se\/fr\/wp-json\/wp\/v2\/product_tag?post=87761"}],"curies":[{"name":"wp","href":"https:\/\/api.w.org\/{rel}","templated":true}]}}