{"id":87822,"date":"2023-09-26T14:16:47","date_gmt":"2023-09-26T12:16:47","guid":{"rendered":"https:\/\/secureus.se\/produkt\/dorrsensor-dorrautomatik-active-infrared-sensor-oa-203c-silver\/"},"modified":"2026-01-06T21:05:14","modified_gmt":"2026-01-06T20:05:14","slug":"dorrsensor-dorrautomatik-active-infrared-sensor-oa-203c-silver","status":"publish","type":"product","link":"https:\/\/secureus.se\/fr\/dorrsensor-dorrautomatik-active-infrared-sensor-oa-203c-silver\/","title":{"rendered":"Capteur de porte Automatisme de porte Capteur infrarouge actif OA-203C Argent"},"content":{"rendered":"<h1>Le capteur de porte OA-203C est un capteur infrarouge actif dot\u00e9 d&#039;options de haute pr\u00e9cision et de personnalisation, id\u00e9al pour garantir une automatisation de porte s\u00fbre et efficace dans une vari\u00e9t\u00e9 d&#039;environnements.<\/h1>\n<p>Ses fonctionnalit\u00e9s avanc\u00e9es et ses performances fiables en font l\u2019une des meilleures solutions pour une d\u00e9tection de porte fiable.<\/p>\n<h4>Zones de d\u00e9tection personnalisables<\/h4>\n<p>L&#039;OA-203C permet un r\u00e9glage pr\u00e9cis des zones de d\u00e9tection dans les directions gauche, droite et longitudinale.<\/p>\n<p>Avec jusqu&#039;\u00e0 720 mod\u00e8les de d\u00e9tection possibles, l&#039;appareil peut \u00eatre facilement configur\u00e9 pour s&#039;adapter \u00e0 des environnements et des applications sp\u00e9cifiques.<\/p>\n<p>La hauteur de montage allant jusqu&#039;\u00e0 3,0 m\u00e8tres rend le capteur polyvalent et adapt\u00e9 \u00e0 une gamme d&#039;installations, des environnements commerciaux aux environnements publics.<\/p>\n<h4>Stabilit\u00e9 sup\u00e9rieure<\/h4>\n<p>Gr\u00e2ce \u00e0 sa technologie infrarouge avanc\u00e9e, l&#039;OA-203C r\u00e9siste aux interf\u00e9rences provenant de facteurs externes tels que la pluie, la neige et les insectes.<\/p>\n<p>Cela garantit des performances stables et fiables dans les environnements int\u00e9rieurs et ext\u00e9rieurs.<\/p>\n<p>Le capteur utilise des microcontr\u00f4leurs pour am\u00e9liorer encore sa r\u00e9sistance aux influences environnementales, r\u00e9duisant ainsi le risque de fausses alarmes.<\/p>\n<h4>Installation et r\u00e9glage faciles<\/h4>\n<p>L&#039;OA-203C est con\u00e7u pour une installation et une configuration faciles.<\/p>\n<p>Il offre deux r\u00e9glages pour la direction lat\u00e9rale (\u00b13,5\u00b0) et huit r\u00e9glages pour la profondeur (\u00b11\u00b0), offrant une grande flexibilit\u00e9 d&#039;installation.<\/p>\n<p>L&#039;outil de r\u00e9glage inclus et le manuel de montage clair facilitent la configuration et l&#039;optimisation rapides de l&#039;appareil.<\/p>\n<h4>Principales caract\u00e9ristiques\u00a0:<\/h4>\n<ul>\n<li><strong>Technologie infrarouge actif :<\/strong> Assure une d\u00e9tection pr\u00e9cise et rapide.<\/li>\n<li><strong>Zones de d\u00e9tection personnalisables :<\/strong> Jusqu&#039;\u00e0 720 mod\u00e8les de d\u00e9tection pour une flexibilit\u00e9 optimale.<\/li>\n<li><strong>Conception r\u00e9siliente\u00a0:<\/strong> R\u00e9siste \u00e0 des temp\u00e9ratures de -20\u00b0C \u00e0 +55\u00b0C et r\u00e9siste aux intemp\u00e9ries.<\/li>\n<li><strong>Facile \u00e0 installer :<\/strong> Les options de r\u00e9glage et les outils inclus facilitent l&#039;installation.<\/li>\n<li><strong>Stable et fiable\u00a0:<\/strong> Immunis\u00e9 contre les interf\u00e9rences de la pluie, de la neige et des insectes.<\/li>\n<\/ul>\n<h4>Parfait pour une gamme d&#039;applications<\/h4>\n<p>L&#039;OA-203C est une solution id\u00e9ale pour la d\u00e9tection de porte dans les b\u00e2timents commerciaux, les magasins, les espaces publics et autres zones o\u00f9 une activation fiable des portes automatiques est requise.<\/p>\n<p>Ses performances de haute qualit\u00e9 et sa polyvalence en font un choix fiable aussi bien pour les nouvelles installations que pour les mises \u00e0 niveau.<\/p>\n<p>Avec le capteur de porte OA-203C, vous obtenez une solution stable, polyvalente et facile \u00e0 installer qui am\u00e9liore la s\u00e9curit\u00e9 et la facilit\u00e9 d&#039;utilisation dans tous les types d&#039;environnements.<\/p>","protected":false},"excerpt":{"rendered":"<p>Le capteur de porte OA-203C avec technologie infrarouge active offre des plages de d\u00e9tection r\u00e9glables pour une activation et une d\u00e9tection fiables.<\/p>\n<p>Parfait pour diverses applications avec une stabilit\u00e9 sup\u00e9rieure et une installation facile.<\/p>","protected":false},"featured_media":155442,"template":"","meta":{"_acf_changed":false},"product_brand":[],"product_cat":[4867],"product_tag":[],"class_list":{"0":"post-87822","1":"product","2":"type-product","3":"status-publish","4":"has-post-thumbnail","6":"product_cat-oppnaknappar-kategorier","7":"product_shipping_class-tunga-paket","8":"pa_brands-optex","9":"tm-no-options","11":"first","12":"onbackorder","13":"sale","14":"taxable","15":"shipping-taxable","16":"purchasable","17":"product-type-simple"},"acf":[],"_links":{"self":[{"href":"https:\/\/secureus.se\/fr\/wp-json\/wp\/v2\/product\/87822","targetHints":{"allow":["GET"]}}],"collection":[{"href":"https:\/\/secureus.se\/fr\/wp-json\/wp\/v2\/product"}],"about":[{"href":"https:\/\/secureus.se\/fr\/wp-json\/wp\/v2\/types\/product"}],"wp:featuredmedia":[{"embeddable":true,"href":"https:\/\/secureus.se\/fr\/wp-json\/wp\/v2\/media\/155442"}],"wp:attachment":[{"href":"https:\/\/secureus.se\/fr\/wp-json\/wp\/v2\/media?parent=87822"}],"wp:term":[{"taxonomy":"product_brand","embeddable":true,"href":"https:\/\/secureus.se\/fr\/wp-json\/wp\/v2\/product_brand?post=87822"},{"taxonomy":"product_cat","embeddable":true,"href":"https:\/\/secureus.se\/fr\/wp-json\/wp\/v2\/product_cat?post=87822"},{"taxonomy":"product_tag","embeddable":true,"href":"https:\/\/secureus.se\/fr\/wp-json\/wp\/v2\/product_tag?post=87822"}],"curies":[{"name":"wp","href":"https:\/\/api.w.org\/{rel}","templated":true}]}}