{"id":89264,"date":"2024-01-04T15:43:17","date_gmt":"2024-01-04T14:43:17","guid":{"rendered":"https:\/\/secureus.se\/produkt\/fonsterbroms-160s-3-l800mm-vanster\/"},"modified":"2026-04-09T10:37:26","modified_gmt":"2026-04-09T08:37:26","slug":"fonsterbroms-dorrbroms-160s-3-l800mm-vanster","status":"publish","type":"product","link":"https:\/\/secureus.se\/fr\/fonsterbroms-dorrbroms-160s-3-l800mm-vanster\/","title":{"rendered":"ASSA Fix 160S\/3 Frein de vitre \/ Frein de porte \u2013 Gauche \u2013 352 mm"},"content":{"rendered":"<div>L&#039;ASSA ABLOY 160S est un frein de fen\u00eatre pour fen\u00eatres et portes-fen\u00eatres avec un \u00e9pagneul dot\u00e9 d&#039;une transmission (indiqu\u00e9 par F dans la d\u00e9signation). G\u00e9n\u00e9ralement utilis\u00e9 pour les fen\u00eatres et les portes-fen\u00eatres avec ASSA\/FIX-spanjolet qui a une transmission pour le frein de porte. Le 160S est homologu\u00e9 comme dispositif de verrouillage \u00e0 l&#039;\u00e9preuve des enfants conform\u00e9ment aux r\u00e8gles de construction de l&#039;autorit\u00e9 su\u00e9doise du logement, BBR, cela s&#039;applique lorsque la cl\u00e9 est retir\u00e9e du bouton de commande 4570 (achet\u00e9 s\u00e9par\u00e9ment). Utilis\u00e9 pour maintenir les fen\u00eatres et les portes-fen\u00eatres ouvertes dans la position de ventilation souhait\u00e9e. Le frein de fen\u00eatre 160S est dot\u00e9 d&#039;un support de cadre amovible et est mont\u00e9 avec le support de cadre 5580 ou 5550T, achet\u00e9 s\u00e9par\u00e9ment.<\/div>\n<div><b><br \/>\nPropri\u00e9t\u00e9s: <\/b><\/div>\n<div>\n<ul>\n<li>Verrouillage de s\u00e9curit\u00e9 pour enfants homologu\u00e9 selon BBR<\/li>\n<li>S&#039;applique si la cl\u00e9 est retir\u00e9e du bouton de commande 4570<\/li>\n<li>Avec support de cadre amovible (150 et 150S ont un support fixe)<\/li>\n<li>Pour fen\u00eatres et portes-fen\u00eatres qui doivent \u00eatre \u00e9quip\u00e9es de ferrures de s\u00e9curit\u00e9.<\/li>\n<li>Actionn\u00e9 avec le manche de l&#039;\u00e9pagneul.<\/li>\n<li>La poign\u00e9e \u00e9tant en position ferm\u00e9e, l&#039;arceau est maintenu par friction dans la position de ventilation souhait\u00e9e.<\/li>\n<li>Pour prot\u00e9ger le cadre et les charni\u00e8res, le frein de fen\u00eatre glisse en cas de surcharge.<\/li>\n<li>Avec la poign\u00e9e en position ouverte, l&#039;arc a du jeu.<\/li>\n<li>Le frottement de maintien augmente avec un angle d&#039;ouverture plus grand.<\/li>\n<li>La droite ou la gauche est d\u00e9termin\u00e9e en fonction de la spagnolette et de la charni\u00e8re de la porte.<\/li>\n<\/ul>\n<\/div>\n<div><b><br \/>\nFonction: <\/b><\/div>\n<div>\n<ul>\n<li>Poussoir de verrouillage qui limite l&#039;ouverture \u00e0 la position de ventilation autoris\u00e9e pour la s\u00e9curit\u00e9 des enfants (espace d&#039;ouverture max. 100 mm).<\/li>\n<li>Pour ouvrir au-del\u00e0 de la position de verrouillage, la cl\u00e9 amovible doit \u00eatre ins\u00e9r\u00e9e et ouverte.<\/li>\n<li>La cl\u00e9 est tourn\u00e9e avant que l&#039;arc n&#039;atteigne la position de d\u00e9tente, lorsque l&#039;arc s&#039;ouvre.<\/li>\n<li>La fonction de verrouillage reprend automatiquement lorsque l&#039;arceau est ferm\u00e9 et la cl\u00e9 retir\u00e9e.<\/li>\n<\/ul>\n<\/div>\n<div><b><br \/>\nDimensions taille 160S\/3 :<\/b><\/div>\n<div>\n<ul>\n<li>Largeur de l&#039;arc : 551-800 mm<\/li>\n<li>Longueur de l&#039;arbre de serrure \u00e0 la largeur maximale de l&#039;arc : 657 mm.<\/li>\n<li>Longueur du bo\u00eetier de frein : 352 mm.<\/li>\n<li>Longueur du bras : 280 mm.<\/li>\n<li>Largeur : 20 mm<\/li>\n<\/ul>\n<\/div>\n<div>\n<p><strong>Regardez les photos pour savoir de quel mod\u00e8le vous avez besoin. La premi\u00e8re image du diaporama montre toujours le frein sp\u00e9cifique sur lequel vous vous trouvez actuellement.\u00a0<\/strong><\/p>\n<p><strong>Le fait que le produit soit appel\u00e9 \u00ab\u00a0Droite\u00a0\u00bb ou \u00ab\u00a0Gauche\u00a0\u00bb n&#039;a rien \u00e0 voir avec le fait que votre porte soit \u00e0 gauche ou \u00e0 droite. \u00c0 titre d&#039;exemple, \u00ab\u00a0Gauche\u00a0\u00bb signifie que le levier de frein se trouve sur le c\u00f4t\u00e9 gauche \u00e0 l&#039;int\u00e9rieur du bo\u00eetier\/coffre de frein lorsque le c\u00f4t\u00e9 ouvert du bo\u00eetier est orient\u00e9 vers le haut.\u00a0<\/strong><\/p>\n<p><strong>De nombreuses personnes commandent le mauvais produit de ce type, donc si vous n&#039;\u00eates pas s\u00fbr que celui que vous avez chez vous correspond \u00e0 l&#039;image, nous vous demandons d&#039;\u00eatre particuli\u00e8rement attentifs.<\/strong><\/p>\n<\/div>\n<div><\/div>\n<div><\/div>","protected":false},"excerpt":{"rendered":"<div style=\"background: #f6f8fa;padding: 14px;border-radius: 6px;margin: 15px 0\">\n<p><strong>\u2714 Ce mod\u00e8le est \u00e0 gauche<\/strong><\/p>\n<p>V\u00e9rifiez votre frein de vitre existant avant de commander. Lorsque vous tenez le bo\u00eetier du frein avec l&#039;ouverture vers le haut et le c\u00f4t\u00e9 court face \u00e0 vous, <strong>La goupille de frein se trouve du c\u00f4t\u00e9 gauche.<\/strong>.<\/p>\n<p><img decoding=\"async\" style=\"max-width: 300px;width: 100%;margin-top: 10px;border-radius: 6px\" src=\"https:\/\/secureus.se\/wp-content\/uploads\/2026\/03\/hoger-vanster-enkel.jpg\" alt=\"Guide de frein de fen\u00eatre gauche ou droite\" \/><\/p>\n<\/div>","protected":false},"featured_media":138845,"template":"","meta":{"_acf_changed":false},"product_brand":[],"product_cat":[3126,4795],"product_tag":[4100,4109,4863,4099],"class_list":{"0":"post-89264","1":"product","2":"type-product","3":"status-publish","4":"has-post-thumbnail","6":"product_cat-fonsterbroms","7":"product_cat-assa-fix-160s","8":"product_tag-4100","9":"product_tag-4109","10":"product_tag-pf","11":"product_tag-vanster","12":"product_shipping_class-tunga-paket","13":"pa_brands-abloy","14":"tm-no-options","16":"first","17":"instock","18":"sale","19":"taxable","20":"shipping-taxable","21":"purchasable","22":"product-type-simple"},"acf":[],"_links":{"self":[{"href":"https:\/\/secureus.se\/fr\/wp-json\/wp\/v2\/product\/89264","targetHints":{"allow":["GET"]}}],"collection":[{"href":"https:\/\/secureus.se\/fr\/wp-json\/wp\/v2\/product"}],"about":[{"href":"https:\/\/secureus.se\/fr\/wp-json\/wp\/v2\/types\/product"}],"wp:featuredmedia":[{"embeddable":true,"href":"https:\/\/secureus.se\/fr\/wp-json\/wp\/v2\/media\/138845"}],"wp:attachment":[{"href":"https:\/\/secureus.se\/fr\/wp-json\/wp\/v2\/media?parent=89264"}],"wp:term":[{"taxonomy":"product_brand","embeddable":true,"href":"https:\/\/secureus.se\/fr\/wp-json\/wp\/v2\/product_brand?post=89264"},{"taxonomy":"product_cat","embeddable":true,"href":"https:\/\/secureus.se\/fr\/wp-json\/wp\/v2\/product_cat?post=89264"},{"taxonomy":"product_tag","embeddable":true,"href":"https:\/\/secureus.se\/fr\/wp-json\/wp\/v2\/product_tag?post=89264"}],"curies":[{"name":"wp","href":"https:\/\/api.w.org\/{rel}","templated":true}]}}