{"id":89291,"date":"2024-01-04T15:43:24","date_gmt":"2024-01-04T14:43:24","guid":{"rendered":"https:\/\/secureus.se\/produkt\/fonsterbroms-160-3-l800mm-hoger\/"},"modified":"2026-04-29T18:59:17","modified_gmt":"2026-04-29T16:59:17","slug":"fonsterbroms-dorrbroms-160-3-l800mm-hoger","status":"publish","type":"product","link":"https:\/\/secureus.se\/fr\/fonsterbroms-dorrbroms-160-3-l800mm-hoger\/","title":{"rendered":"ASSA Fix 160\/3 Frein de vitre \/ Frein de porte \u2013 Droite \u2013 352 mm"},"content":{"rendered":"<p><strong>ASSA Fix 160\/3<\/strong> est un <strong>frein de fen\u00eatre pour fen\u00eatres et portes-fen\u00eatres<\/strong> qui est utilis\u00e9 conjointement avec <strong>ASSA\/FIX espagnolette avec transfert<\/strong> (Indiqu\u00e9 par la lettre F dans son nom). Il sert \u00e0 maintenir les fen\u00eatres ou les portes-fen\u00eatres ouvertes de mani\u00e8re contr\u00f4l\u00e9e. <strong>mode de ventilation<\/strong>.<\/p>\n<p>Le frein de fen\u00eatre est actionn\u00e9 par la poign\u00e9e de cr\u00e9mone. Lorsque la poign\u00e9e est ferm\u00e9e, le frein cr\u00e9e une friction qui maintient le vantail dans la position d&#039;a\u00e9ration souhait\u00e9e. Lorsque la poign\u00e9e est ouverte, le vantail peut coulisser librement. La conception pr\u00e9voit que le frein se desserre en cas de surcharge afin de prot\u00e9ger les charni\u00e8res et les ferrures.<\/p>\n<p>Mod\u00e8le <strong>160<\/strong> a <strong>support de cadre amovible<\/strong> et est mont\u00e9 avec le support de cadre <strong>5580<\/strong> ou <strong>5550T<\/strong> qui sont achet\u00e9s s\u00e9par\u00e9ment.<\/p>\n<h3>Caract\u00e9ristiques<\/h3>\n<ul>\n<li>Support de cadre amovible (les mod\u00e8les 150 et 150S ont un support fixe)<\/li>\n<li>Pour les fen\u00eatres et les portes-fen\u00eatres avec dispositifs de s\u00e9curit\u00e9<\/li>\n<li>Utilis\u00e9 avec l&#039;espagnolette ASSA\/FIX \u00e0 transfert<\/li>\n<li>Actionn\u00e9 par la poign\u00e9e \u00e0 cr\u00e9mone<\/li>\n<li>Maintient les fen\u00eatres ou les portes-fen\u00eatres en mode ventilation<\/li>\n<li>Glisse en cas de surcharge pour prot\u00e9ger les charni\u00e8res et les ferrures<\/li>\n<li>jeu libre en position de poign\u00e9e ouverte<\/li>\n<li>La friction de maintien augmente avec un angle d&#039;ouverture plus grand<\/li>\n<\/ul>\n<h3>Dimensions \u2013 ASSA Fix 160\/3<\/h3>\n<ul>\n<li>Pour une largeur d&#039;arche de 551 \u00e0 800 mm<\/li>\n<li>Longueur de l&#039;arbre de verrouillage \u00e0 la largeur d&#039;arche maximale : 657 mm<\/li>\n<li>Longueur du bo\u00eetier de frein : 352 mm<\/li>\n<li>Longueur du bras : 280 mm<\/li>\n<li>Largeur du bo\u00eetier de frein : 20 mm<\/li>\n<\/ul>\n<h3>Important concernant la gauche et la droite<\/h3>\n<p>Le nom <strong>gauche ou droite<\/strong> Cela n&#039;a rien \u00e0 voir avec le fait que la porte s&#039;ouvre \u00e0 gauche ou \u00e0 droite.<\/p>\n<p>La variante est en revanche d\u00e9termin\u00e9e par <strong>la position du levier de frein \u00e0 l&#039;int\u00e9rieur du bo\u00eetier de frein<\/strong>.<\/p>\n<p>\u2022 Levier de frein \u00e0 gauche = mod\u00e8le pour gaucher<br \/>\n\u2022 Levier de frein \u00e0 droite = mod\u00e8le pour droitier<\/p>\n<p>Lors de cette v\u00e9rification, tenez le bo\u00eetier de frein avec l&#039;ouverture orient\u00e9e vers le haut et le c\u00f4t\u00e9 court face \u00e0 vous.<\/p>\n<p><strong>Consultez les images du produit pour identifier le mod\u00e8le correct.<\/strong> La premi\u00e8re image du diaporama affiche toujours le frein sp\u00e9cifique sur lequel vous vous trouvez actuellement.<\/p>\n<p><strong>Beaucoup de gens commandent le mauvais mod\u00e8le de ce type de produit.<\/strong> Si vous n&#039;\u00eates pas certain que votre syst\u00e8me de freinage actuel corresponde aux photos, nous vous recommandons de v\u00e9rifier attentivement avant de commander.<\/p>","protected":false},"excerpt":{"rendered":"<div style=\"background: #f6f8fa;padding: 14px;border-radius: 6px;margin: 15px 0\">\n<p><strong>\u2714 Ce mod\u00e8le est BON<\/strong><\/p>\n<p>V\u00e9rifiez votre frein de vitre existant avant de commander. Lorsque vous tenez le bo\u00eetier du frein avec l&#039;ouverture vers le haut et le c\u00f4t\u00e9 court face \u00e0 vous, <strong>La goupille de frein se trouve du c\u00f4t\u00e9 droit lors de l&#039;achat de ce mod\u00e8le.<\/strong><\/p>\n<p><img decoding=\"async\" style=\"max-width: 300px;width: 100%;margin-top: 10px;border-radius: 6px\" src=\"https:\/\/secureus.se\/wp-content\/uploads\/2026\/03\/hoger-vanster-enkel.jpg\" alt=\"Guide de frein de fen\u00eatre gauche ou droite\" \/><\/p>\n<\/div>","protected":false},"featured_media":138510,"template":"","meta":{"_acf_changed":false},"product_brand":[],"product_cat":[3126,4794],"product_tag":[4100,4109,4102,4863],"class_list":{"0":"post-89291","1":"product","2":"type-product","3":"status-publish","4":"has-post-thumbnail","6":"product_cat-fonsterbroms","7":"product_cat-assa-fix-160","8":"product_tag-4100","9":"product_tag-4109","10":"product_tag-hoger","11":"product_tag-pf","12":"product_shipping_class-tunga-paket","13":"pa_brands-abloy","14":"tm-no-options","16":"first","17":"instock","18":"sale","19":"taxable","20":"shipping-taxable","21":"purchasable","22":"product-type-simple"},"acf":[],"_links":{"self":[{"href":"https:\/\/secureus.se\/fr\/wp-json\/wp\/v2\/product\/89291","targetHints":{"allow":["GET"]}}],"collection":[{"href":"https:\/\/secureus.se\/fr\/wp-json\/wp\/v2\/product"}],"about":[{"href":"https:\/\/secureus.se\/fr\/wp-json\/wp\/v2\/types\/product"}],"wp:featuredmedia":[{"embeddable":true,"href":"https:\/\/secureus.se\/fr\/wp-json\/wp\/v2\/media\/138510"}],"wp:attachment":[{"href":"https:\/\/secureus.se\/fr\/wp-json\/wp\/v2\/media?parent=89291"}],"wp:term":[{"taxonomy":"product_brand","embeddable":true,"href":"https:\/\/secureus.se\/fr\/wp-json\/wp\/v2\/product_brand?post=89291"},{"taxonomy":"product_cat","embeddable":true,"href":"https:\/\/secureus.se\/fr\/wp-json\/wp\/v2\/product_cat?post=89291"},{"taxonomy":"product_tag","embeddable":true,"href":"https:\/\/secureus.se\/fr\/wp-json\/wp\/v2\/product_tag?post=89291"}],"curies":[{"name":"wp","href":"https:\/\/api.w.org\/{rel}","templated":true}]}}