{"id":89293,"date":"2024-01-04T15:43:25","date_gmt":"2024-01-04T14:43:25","guid":{"rendered":"https:\/\/secureus.se\/produkt\/fonsterbroms-160-4-l1100mm-vanster\/"},"modified":"2026-04-29T16:48:38","modified_gmt":"2026-04-29T14:48:38","slug":"fonsterbroms-dorrbroms-160-4-l1100mm-vanster","status":"publish","type":"product","link":"https:\/\/secureus.se\/fr\/fonsterbroms-dorrbroms-160-4-l1100mm-vanster\/","title":{"rendered":"ASSA Fix 160\/4 Frein de vitre \/ Frein de porte \u2013 Gauche \u2013 452 mm"},"content":{"rendered":"<p><strong>ASSA Fix 160\/4<\/strong> est robuste <strong>frein de fen\u00eatre pour fen\u00eatres, portes-fen\u00eatres et portes de patio<\/strong>. Il est utilis\u00e9 conjointement avec <strong>ASSA\/FIX espagnolette avec transfert<\/strong> et permet de maintenir la porte ou la fen\u00eatre ouverte de mani\u00e8re contr\u00f4l\u00e9e <strong>mode de ventilation<\/strong>.<\/p>\n<p>Lorsque la poign\u00e9e est ferm\u00e9e, le frein cr\u00e9e une friction qui maintient la fen\u00eatre ou la porte dans la position d&#039;a\u00e9ration souhait\u00e9e. Lorsque la poign\u00e9e est ouverte, le vantail peut coulisser librement. La conception pr\u00e9voit que le frein patine en cas de surcharge afin de prot\u00e9ger les charni\u00e8res et les ferrures.<\/p>\n<p>Mod\u00e8le <strong>160<\/strong> est \u00e9quip\u00e9 de <strong>support de cadre amovible<\/strong> et est mont\u00e9 avec le support de cadre <strong>5580<\/strong> ou <strong>5550T<\/strong> qui sont achet\u00e9s s\u00e9par\u00e9ment.<\/p>\n<h3>Caract\u00e9ristiques<\/h3>\n<ul>\n<li>Frein de fen\u00eatre \/ frein de porte pour fen\u00eatres et portes-fen\u00eatres<\/li>\n<li>Support de cadre amovible<\/li>\n<li>Utilis\u00e9 avec l&#039;espagnolette ASSA\/FIX \u00e0 transfert<\/li>\n<li>Installe des ferrures de s\u00e9curit\u00e9 sur les fen\u00eatres et les portes-fen\u00eatres.<\/li>\n<li>Actionn\u00e9 par la poign\u00e9e \u00e0 cr\u00e9mone<\/li>\n<li>Maintient la porte ou la fen\u00eatre en position de ventilation<\/li>\n<li>Glisse en cas de surcharge pour prot\u00e9ger les charni\u00e8res et les ferrures<\/li>\n<li>La friction de maintien augmente avec un angle d&#039;ouverture plus grand<\/li>\n<li>jeu libre en position de poign\u00e9e ouverte<\/li>\n<\/ul>\n<h3>Dimensions \u2013 ASSA Fix 160\/4<\/h3>\n<ul>\n<li>Pour une largeur d&#039;arche de 801 \u00e0 1100 mm<\/li>\n<li>Longueur de la tige de verrouillage \u00e0 la largeur d&#039;arche maximale : 907 mm<\/li>\n<li>Longueur du bo\u00eetier de frein : 452 mm<\/li>\n<li>Longueur du bras : 450 mm<\/li>\n<li>Largeur du bo\u00eetier de frein : 20 mm<\/li>\n<\/ul>\n<h3>Important concernant la gauche et la droite<\/h3>\n<p>Le nom <strong>gauche ou droite<\/strong> n&#039;a rien \u00e0 voir avec le sens d&#039;ouverture de la porte (\u00e0 gauche ou \u00e0 droite). La variante est d\u00e9termin\u00e9e par <strong>position de l&#039;axe de frein \u00e0 l&#039;int\u00e9rieur du bo\u00eetier de frein<\/strong>.<\/p>\n<p>\u2022 Broche \u00e0 gauche = mod\u00e8le gauche<br \/>\n\u2022 \u00c9pingle \u00e0 droite = mod\u00e8le de droite<\/p>\n<p>Lors de cette v\u00e9rification, tenez le bo\u00eetier de frein avec l&#039;ouverture orient\u00e9e vers le haut et le c\u00f4t\u00e9 court face \u00e0 vous.<\/p>\n<div style=\"background: #f6f8fa;padding: 14px;border-radius: 6px;margin: 18px 0\"><strong>Vous ne savez pas quel type de frein de vitre il vous faut ?<\/strong><br \/>\nComparez votre syst\u00e8me de freinage actuel avec les images du produit ou consultez la gamme compl\u00e8te.<\/p>\n<p><a style=\"font-weight: bold\" href=\"https:\/\/secureus.se\/fr\/fonsterbroms\/\">Voir tous les freins de fen\u00eatre ici \u2192<\/a><\/div>","protected":false},"excerpt":{"rendered":"<div style=\"background: #f6f8fa;padding: 14px;border-radius: 6px;margin: 15px 0\">\n<p><strong>\u2714 Ce mod\u00e8le est \u00e0 gauche<\/strong><\/p>\n<p>V\u00e9rifiez votre frein de vitre existant avant de commander. Lorsque vous tenez le bo\u00eetier du frein avec l&#039;ouverture vers le haut et le c\u00f4t\u00e9 court face \u00e0 vous, <strong>La goupille de frein se trouve du c\u00f4t\u00e9 gauche.<\/strong>.<\/p>\n<p><img decoding=\"async\" style=\"max-width: 300px;width: 100%;margin-top: 10px;border-radius: 6px\" src=\"https:\/\/secureus.se\/wp-content\/uploads\/2026\/03\/hoger-vanster-enkel.jpg\" alt=\"Guide de frein de fen\u00eatre gauche ou droite\" \/><\/p>\n<\/div>","protected":false},"featured_media":139502,"template":"","meta":{"_acf_changed":false},"product_brand":[],"product_cat":[3126,4794],"product_tag":[4100,4108,3850,4863,4099],"class_list":{"0":"post-89293","1":"product","2":"type-product","3":"status-publish","4":"has-post-thumbnail","6":"product_cat-fonsterbroms","7":"product_cat-assa-fix-160","8":"product_tag-4100","9":"product_tag-4108","10":"product_tag-bastsaljare","11":"product_tag-pf","12":"product_tag-vanster","13":"product_shipping_class-tunga-paket","14":"pa_brands-abloy","15":"tm-no-options","17":"first","18":"instock","19":"sale","20":"taxable","21":"shipping-taxable","22":"purchasable","23":"product-type-simple"},"acf":[],"_links":{"self":[{"href":"https:\/\/secureus.se\/fr\/wp-json\/wp\/v2\/product\/89293","targetHints":{"allow":["GET"]}}],"collection":[{"href":"https:\/\/secureus.se\/fr\/wp-json\/wp\/v2\/product"}],"about":[{"href":"https:\/\/secureus.se\/fr\/wp-json\/wp\/v2\/types\/product"}],"wp:featuredmedia":[{"embeddable":true,"href":"https:\/\/secureus.se\/fr\/wp-json\/wp\/v2\/media\/139502"}],"wp:attachment":[{"href":"https:\/\/secureus.se\/fr\/wp-json\/wp\/v2\/media?parent=89293"}],"wp:term":[{"taxonomy":"product_brand","embeddable":true,"href":"https:\/\/secureus.se\/fr\/wp-json\/wp\/v2\/product_brand?post=89293"},{"taxonomy":"product_cat","embeddable":true,"href":"https:\/\/secureus.se\/fr\/wp-json\/wp\/v2\/product_cat?post=89293"},{"taxonomy":"product_tag","embeddable":true,"href":"https:\/\/secureus.se\/fr\/wp-json\/wp\/v2\/product_tag?post=89293"}],"curies":[{"name":"wp","href":"https:\/\/api.w.org\/{rel}","templated":true}]}}