{"id":89295,"date":"2024-01-04T15:43:25","date_gmt":"2024-01-04T14:43:25","guid":{"rendered":"https:\/\/secureus.se\/produkt\/fonsterbroms-160-3-l800mm-vanster\/"},"modified":"2026-04-12T15:55:48","modified_gmt":"2026-04-12T13:55:48","slug":"fonsterbroms-dorrbroms-160-3-l800mm-vanster","status":"publish","type":"product","link":"https:\/\/secureus.se\/fr\/fonsterbroms-dorrbroms-160-3-l800mm-vanster\/","title":{"rendered":"ASSA Fix 160\/3 Frein de vitre \/ Frein de porte \u2013 Gauche \u2013 352 mm"},"content":{"rendered":"<p><strong>ASSA Fix 160\/3<\/strong> est robuste <strong>frein de fen\u00eatre pour fen\u00eatres et portes-fen\u00eatres<\/strong> qui est utilis\u00e9 conjointement avec <strong>ASSA\/FIX espagnolette avec transfert<\/strong>. Le frein permet de maintenir la fen\u00eatre ou la porte en position ouverte. <strong>mode de ventilation<\/strong> au lieu de se fermer ou de s&#039;ouvrir compl\u00e8tement.<\/p>\n<p>Elle se man\u0153uvre gr\u00e2ce \u00e0 la poign\u00e9e \u00e0 cr\u00e9mone. Lorsque la poign\u00e9e est ferm\u00e9e, le frein se bloque par friction, maintenant ainsi le vantail dans la position d&#039;a\u00e9ration souhait\u00e9e. Lorsque la poign\u00e9e est ouverte, le vantail peut coulisser librement. La conception pr\u00e9voit \u00e9galement que le frein se desserre en cas de surcharge afin de prot\u00e9ger les charni\u00e8res et les ferrures.<\/p>\n<p>Mod\u00e8le <strong>160<\/strong> a <strong>support de cadre amovible<\/strong> et est mont\u00e9 avec le support de cadre <strong>5580<\/strong> ou <strong>5550T<\/strong> qui sont achet\u00e9s s\u00e9par\u00e9ment.<\/p>\n<h3>Caract\u00e9ristiques<\/h3>\n<ul>\n<li>Support de cadre d\u00e9tachable (les mod\u00e8les 150 et 150S ont un support fixe)<\/li>\n<li>Utilis\u00e9 avec l&#039;espagnolette ASSA\/FIX \u00e0 transfert<\/li>\n<li>Convient aux fen\u00eatres et aux portes-fen\u00eatres<\/li>\n<li>Actionn\u00e9 par la poign\u00e9e \u00e0 cr\u00e9mone<\/li>\n<li>Maintient la porte ou la fen\u00eatre en position de ventilation<\/li>\n<li>Glisse en cas de surcharge pour prot\u00e9ger les charni\u00e8res et les ferrures<\/li>\n<li>jeu libre en position de poign\u00e9e ouverte<\/li>\n<li>La friction de maintien augmente avec un angle d&#039;ouverture plus grand<\/li>\n<\/ul>\n<h3>Dimensions \u2013 ASSA Fix 160\/3<\/h3>\n<ul>\n<li>Pour une largeur d&#039;arche de 551 \u00e0 800 mm<\/li>\n<li>Longueur de l&#039;arbre de verrouillage \u00e0 la largeur d&#039;arche maximale : 657 mm<\/li>\n<li>Longueur du bo\u00eetier de frein : 352 mm<\/li>\n<li>Longueur du bras : 280 mm<\/li>\n<li>Largeur du bo\u00eetier de frein : 20 mm<\/li>\n<\/ul>\n<h3>Important concernant la gauche et la droite<\/h3>\n<p>Le nom <strong>gauche ou droite<\/strong> Cela n&#039;a rien \u00e0 voir avec le fait que la porte s&#039;ouvre \u00e0 gauche ou \u00e0 droite.<br \/>\nLa variante est en revanche d\u00e9termin\u00e9e par <strong>position de l&#039;axe de frein \u00e0 l&#039;int\u00e9rieur du bo\u00eetier de frein<\/strong>.<\/p>\n<p>\u2022 Broche \u00e0 gauche = mod\u00e8le gauche<br \/>\n\u2022 \u00c9pingle \u00e0 droite = mod\u00e8le de droite<\/p>\n<p>Lors de cette v\u00e9rification, tenez le bo\u00eetier de frein avec l&#039;ouverture orient\u00e9e vers le haut et le c\u00f4t\u00e9 court face \u00e0 vous.<\/p>\n<div style=\"background: #f6f8fa;padding: 14px;border-radius: 6px;margin: 18px 0\"><strong>Vous ne savez pas quel mod\u00e8le choisir ?<\/strong><br \/>\nComparez votre syst\u00e8me de freinage actuel avec les images du produit ou consultez la gamme compl\u00e8te.<a style=\"font-weight: bold\" href=\"https:\/\/secureus.se\/fr\/fonsterbroms\/\"><br \/>\nVoir tous les freins de fen\u00eatre ici \u2192<\/a><\/div>","protected":false},"excerpt":{"rendered":"<div style=\"background: #f6f8fa;padding: 14px;border-radius: 6px;margin: 15px 0\">\n<p><strong>\u2714 Ce mod\u00e8le est \u00e0 gauche<\/strong><\/p>\n<p>V\u00e9rifiez votre frein de vitre existant avant de commander. Lorsque vous tenez le bo\u00eetier du frein avec l&#039;ouverture vers le haut et le c\u00f4t\u00e9 court face \u00e0 vous, <strong>La goupille de frein se trouve du c\u00f4t\u00e9 gauche.<\/strong>.<\/p>\n<p><img decoding=\"async\" style=\"max-width: 300px;width: 100%;margin-top: 10px;border-radius: 6px\" src=\"https:\/\/secureus.se\/wp-content\/uploads\/2026\/03\/hoger-vanster-enkel.jpg\" alt=\"Guide de frein de fen\u00eatre gauche ou droite\" \/><\/p>\n<\/div>","protected":false},"featured_media":138830,"template":"","meta":{"_acf_changed":false},"product_brand":[],"product_cat":[3126,4794],"product_tag":[4100,4109,4863,4099],"class_list":{"0":"post-89295","1":"product","2":"type-product","3":"status-publish","4":"has-post-thumbnail","6":"product_cat-fonsterbroms","7":"product_cat-assa-fix-160","8":"product_tag-4100","9":"product_tag-4109","10":"product_tag-pf","11":"product_tag-vanster","12":"product_shipping_class-tunga-paket","13":"pa_brands-abloy","14":"tm-no-options","16":"first","17":"instock","18":"sale","19":"taxable","20":"shipping-taxable","21":"purchasable","22":"product-type-simple"},"acf":[],"_links":{"self":[{"href":"https:\/\/secureus.se\/fr\/wp-json\/wp\/v2\/product\/89295","targetHints":{"allow":["GET"]}}],"collection":[{"href":"https:\/\/secureus.se\/fr\/wp-json\/wp\/v2\/product"}],"about":[{"href":"https:\/\/secureus.se\/fr\/wp-json\/wp\/v2\/types\/product"}],"wp:featuredmedia":[{"embeddable":true,"href":"https:\/\/secureus.se\/fr\/wp-json\/wp\/v2\/media\/138830"}],"wp:attachment":[{"href":"https:\/\/secureus.se\/fr\/wp-json\/wp\/v2\/media?parent=89295"}],"wp:term":[{"taxonomy":"product_brand","embeddable":true,"href":"https:\/\/secureus.se\/fr\/wp-json\/wp\/v2\/product_brand?post=89295"},{"taxonomy":"product_cat","embeddable":true,"href":"https:\/\/secureus.se\/fr\/wp-json\/wp\/v2\/product_cat?post=89295"},{"taxonomy":"product_tag","embeddable":true,"href":"https:\/\/secureus.se\/fr\/wp-json\/wp\/v2\/product_tag?post=89295"}],"curies":[{"name":"wp","href":"https:\/\/api.w.org\/{rel}","templated":true}]}}