{"id":89401,"date":"2023-11-28T10:38:57","date_gmt":"2023-11-28T09:38:57","guid":{"rendered":"https:\/\/secureus.se\/produkt\/rokdetektor-optisk-4-trad\/"},"modified":"2026-03-31T12:30:41","modified_gmt":"2026-03-31T10:30:41","slug":"rokdetektor-optisk-4-trad","status":"publish","type":"product","link":"https:\/\/secureus.se\/fr\/rokdetektor-optisk-4-trad\/","title":{"rendered":"D\u00e9tecteur de fum\u00e9e optique 4 fils 9-35 V universel pour toutes les alarmes \u2013 EN54-7 \u2013 Complet, prise incluse"},"content":{"rendered":"<h1>D\u00e9tecteur de fum\u00e9e optique 4 fils 9-35 V certifi\u00e9 TUV EN54-7 \u2013 <strong>Complet, base incluse.<\/strong><\/h1>\n<p>Le d\u00e9tecteur de fum\u00e9e \u00e0 4 fils avec une tension de fonctionnement de 9 V-35 V CC est une solution de s\u00e9curit\u00e9 fiable et avanc\u00e9e pour prot\u00e9ger votre maison ou votre entreprise contre l&#039;incendie.<\/p>\n<p>Le d\u00e9tecteur de fum\u00e9e optique 4 fils est con\u00e7u pour d\u00e9tecter la fum\u00e9e pr\u00e9cocement et avertir rapidement des situations dangereuses.<\/p>\n<p>Avec un faible courant de veille inf\u00e9rieur \u00e0 80 \u00b5A, il est \u00e9conome en \u00e9nergie et surveille en permanence votre espace.<\/p>\n<p>Fabriqu\u00e9 en mat\u00e9riau ABS de haute qualit\u00e9, il garantit durabilit\u00e9 et longue dur\u00e9e de vie.<\/p>\n<p>Le d\u00e9tecteur de fum\u00e9e fournit une indication d&#039;alarme claire gr\u00e2ce \u00e0 son voyant LED rouge et se r\u00e9initialise soit manuellement en s&#039;\u00e9teignant, soit automatiquement, offrant une manipulation facile et des performances fiables.<\/p>\n<p>Sa sensibilit\u00e9 impressionnante de 0,08 \u00e0 0,16 dB\/m (\u00b10,1 dB\/m) garantit une d\u00e9tection pr\u00e9coce de la fum\u00e9e, vous laissant ainsi suffisamment de temps pour agir et prot\u00e9ger votre maison ou votre entreprise.<\/p>\n<p>Ce d\u00e9tecteur de fum\u00e9e est certifi\u00e9 selon la norme EN54-7 par le laboratoire TUV, ce qui vous donne l&#039;assurance de sa conformit\u00e9 \u00e0 des normes de s\u00e9curit\u00e9 \u00e9lev\u00e9es.<\/p>\n<p>Investissez dans la s\u00e9curit\u00e9 et la fiabilit\u00e9 avec ce d\u00e9tecteur de fum\u00e9e photo\u00e9lectrique \u00e0 4 fils et assurez une r\u00e9ponse rapide aux risques d&#039;incendie potentiels.<\/p>\n<h3>D\u00e9tecteur de fum\u00e9e Optique 4 fils<\/h3>\n<p>\u2022 Tension de fonctionnement\u00a0:\u00a0CC\u00a0: 9-35\u00a0V<br \/>\n\u2022 Courant de veille\u00a0: &lt;80\u00a0uA<br \/>\n\u2022 Mat\u00e9riau\u00a0: ABS<br \/>\n\u2022 Indication d&#039;alarme\u00a0: lumi\u00e8re LED rouge<br \/>\n\u2022 R\u00e9initialisation\u00a0: arr\u00eat ou r\u00e9initialisation automatique<br \/>\n\u2022 Sensibilit\u00e9\u00a0: 0,08-0,16 dB\/m (\u00b10,1 dB\/m)<br \/>\n\u2022 Certificat\u00a0: EN54-7 du laboratoire TUV<\/p>\n<p><a href=\"https:\/\/en.wikipedia.org\/wiki\/EN_54\" target=\"_blank\" rel=\"noopener\"><span style=\"text-decoration: underline;\"><strong>Ici vous pouvez en savoir plus sur la certification EN54<\/strong><\/span><\/a><\/p>\n<h3><img decoding=\"async\" class=\"alignnone size-full wp-image-123511602\" style=\"font-size: 16px;\" src=\"https:\/\/securityonline.se\/wp-content\/uploads\/2023\/11\/SD_605_Rokdetektor-2.png\" alt=\"D\u00e9tecteur de fum\u00e9e 4 fils\" width=\"720\" height=\"397\" \/><\/h3>\n<p><img decoding=\"async\" class=\"alignnone size-full wp-image-123511604\" src=\"https:\/\/securityonline.se\/wp-content\/uploads\/2023\/11\/SD_605_Rokdetektor-4.png\" alt=\"\" width=\"720\" height=\"481\" \/><\/p>\n<h3><img decoding=\"async\" class=\"alignnone wp-image-123511605\" style=\"font-size: 16px;\" src=\"https:\/\/securityonline.se\/wp-content\/uploads\/2023\/11\/SD_605_Rokdetektor-5.png\" alt=\"\" width=\"719\" height=\"802\" \/><\/h3>\n<p><img decoding=\"async\" class=\"alignnone size-full wp-image-123511606\" src=\"https:\/\/securityonline.se\/wp-content\/uploads\/2023\/11\/SD_605_Rokdetektor-6.png\" alt=\"\" width=\"720\" height=\"710\" \/><\/p>\n<p>&nbsp;<\/p>\n<p>,<\/p>","protected":false},"excerpt":{"rendered":"<p>D\u00e9tecteur de fum\u00e9e pour alarmes antivol ou syst\u00e8mes d&#039;alarme incendie n\u00e9cessitant 4 fils. <strong>Complet, base incluse.<\/strong><\/p>\n<p>Le d\u00e9tecteur de fum\u00e9e affiche une alarme d\u00e9clench\u00e9e via une diode rouge et vous la r\u00e9initialisez en coupant la tension pendant quelques secondes.<\/p>\n<p>Testez toujours les d\u00e9tecteurs de fum\u00e9e avec du gaz test pour maintenir leur fonctionnement. N&#039;utilisez pas de papier ou tout autre mat\u00e9riau pour cr\u00e9er de la fum\u00e9e, car ils peuvent contenir des particules de suie, etc. qui salissent la chambre \u00e0 fum\u00e9e.<\/p>\n<p>Aliment\u00e9 en 9-35 volts et \u00e9quip\u00e9 d&#039;un relais d&#039;alarme C\/NO.<\/p>\n<p>&nbsp;<\/p>","protected":false},"featured_media":139032,"template":"","meta":{"_acf_changed":false},"product_brand":[],"product_cat":[3373,1756],"product_tag":[2959],"class_list":{"0":"post-89401","1":"product","2":"type-product","3":"status-publish","4":"has-post-thumbnail","6":"product_cat-rokdetektorer","7":"product_cat-rokdetektorer-kolmonoxid","8":"product_tag-certifierad-en54","9":"product_shipping_class-postnord-varubrev","10":"tm-no-options","12":"first","13":"instock","14":"sale","15":"taxable","16":"shipping-taxable","17":"purchasable","18":"product-type-simple"},"acf":[],"_links":{"self":[{"href":"https:\/\/secureus.se\/fr\/wp-json\/wp\/v2\/product\/89401","targetHints":{"allow":["GET"]}}],"collection":[{"href":"https:\/\/secureus.se\/fr\/wp-json\/wp\/v2\/product"}],"about":[{"href":"https:\/\/secureus.se\/fr\/wp-json\/wp\/v2\/types\/product"}],"wp:featuredmedia":[{"embeddable":true,"href":"https:\/\/secureus.se\/fr\/wp-json\/wp\/v2\/media\/139032"}],"wp:attachment":[{"href":"https:\/\/secureus.se\/fr\/wp-json\/wp\/v2\/media?parent=89401"}],"wp:term":[{"taxonomy":"product_brand","embeddable":true,"href":"https:\/\/secureus.se\/fr\/wp-json\/wp\/v2\/product_brand?post=89401"},{"taxonomy":"product_cat","embeddable":true,"href":"https:\/\/secureus.se\/fr\/wp-json\/wp\/v2\/product_cat?post=89401"},{"taxonomy":"product_tag","embeddable":true,"href":"https:\/\/secureus.se\/fr\/wp-json\/wp\/v2\/product_tag?post=89401"}],"curies":[{"name":"wp","href":"https:\/\/api.w.org\/{rel}","templated":true}]}}